{"id":74010,"date":"2024-01-30T18:02:27","date_gmt":"2024-01-30T18:02:27","guid":{"rendered":"https:\/\/nbg.eu\/product\/holosun-hs403b\/"},"modified":"2026-05-13T16:03:13","modified_gmt":"2026-05-13T13:03:13","slug":"holosun-hs403b","status":"publish","type":"product","link":"https:\/\/nbg.eu\/lt\/produktas\/holosun-hs403b\/","title":{"rendered":"Holosun HS403B"},"content":{"rendered":"<div class=\"product-description\">\n<h2>Holosun HS403B mikroskopinis raudonojo ta\u0161ko taikiklis<\/h2>\n<p>Holosun HS403B yra 20mm mikroskopinis taikiklis, skirtas \u0161autuvams ir karabinams. Savyb\u0117s:<\/p>\n<ul>\n<li>Raudonas \u0161viesos diodas su 50,000 valand\u0173 baterijos veikimo laiku<\/li>\n<li>10 dienos \u0161viesos ir 2 naktinio matymo suderinami tinklinio vaizdo nustatymai<\/li>\n<li>6061 aliuminio korpusas<\/li>\n<li>\u017demesnio 1\/3 bendro vaizdo montavimas (1.63&#8243;) ir \u017eemas montavimas (.75&#8243;) \u012ftraukti<\/li>\n<li>Purtant aktyvuojama technologija baterijos veikimo laikui pailginti<\/li>\n<li>Skaitmeniniai mygtukai lengvam reguliavimui<\/li>\n<li>Guminiai l\u0119\u0161i\u0173 dangteliai apsaugai<\/li>\n<li>\u0160one montuojamas 2032 baterijos d\u0117klas patogiam keitimui<\/li>\n<\/ul>\n<p>HS403B tinka vis\u0173 lygi\u0173 \u0161auliams. Atsparus vandeniui pagal IP67 standartus ir gali atlaikyti 1000G vibracijos, \u0161is taikiklis veikia \u012fvairiomis s\u0105lygomis.<\/p>\n<\/div>\n","protected":false},"excerpt":{"rendered":"<p>Kompakti\u0161kas 20 mm raudonojo ta\u0161ko taikiklis su 50 t\u016bkst. valand\u0173 baterijos veikimo laiku ir universaliu tvirtinimu.<\/p>\n","protected":false},"featured_media":72268,"template":"","meta":{"_acf_changed":false},"product_brand":[11433],"product_cat":[13713,13701,13692],"product_tag":[],"class_list":{"0":"post-74010","1":"product","2":"type-product","3":"status-publish","4":"has-post-thumbnail","6":"product_brand-holosun","7":"product_cat-raudoni-taskiniai","8":"product_cat-sautuvu-taskinio-taikiklio","9":"product_cat-taikymas","11":"first","12":"instock","13":"taxable","14":"shipping-taxable","15":"purchasable","16":"product-type-simple"},"acf":[],"_links":{"self":[{"href":"https:\/\/nbg.eu\/lt\/wp-json\/wp\/v2\/product\/74010","targetHints":{"allow":["GET"]}}],"collection":[{"href":"https:\/\/nbg.eu\/lt\/wp-json\/wp\/v2\/product"}],"about":[{"href":"https:\/\/nbg.eu\/lt\/wp-json\/wp\/v2\/types\/product"}],"wp:featuredmedia":[{"embeddable":true,"href":"https:\/\/nbg.eu\/lt\/wp-json\/wp\/v2\/media\/72268"}],"wp:attachment":[{"href":"https:\/\/nbg.eu\/lt\/wp-json\/wp\/v2\/media?parent=74010"}],"wp:term":[{"taxonomy":"product_brand","embeddable":true,"href":"https:\/\/nbg.eu\/lt\/wp-json\/wp\/v2\/product_brand?post=74010"},{"taxonomy":"product_cat","embeddable":true,"href":"https:\/\/nbg.eu\/lt\/wp-json\/wp\/v2\/product_cat?post=74010"},{"taxonomy":"product_tag","embeddable":true,"href":"https:\/\/nbg.eu\/lt\/wp-json\/wp\/v2\/product_tag?post=74010"}],"curies":[{"name":"wp","href":"https:\/\/api.w.org\/{rel}","templated":true}]}}