{"id":74148,"date":"2024-10-18T22:52:52","date_gmt":"2024-10-18T19:52:52","guid":{"rendered":"https:\/\/nbg.eu\/product\/mag-release-button-kmr-black\/"},"modified":"2026-05-13T16:41:19","modified_gmt":"2026-05-13T13:41:19","slug":"mag-release-button-kmr-black","status":"publish","type":"product","link":"https:\/\/nbg.eu\/lt\/produktas\/mag-release-button-kmr-black\/","title":{"rendered":"KMR D\u0117tuv\u0117s Atleidimo Mygtukas Standartinis Juodas"},"content":{"rendered":"<h2>Mag Release Button KMR &#8211; Juoda<\/h2>\n<p>Mag Release Button KMR yra esminis priedas j\u016bs\u0173 ginkl\u0173 sistemoms, sukurtas u\u017etikrinti saug\u0173 ir patikim\u0105 \u0161ovini\u0173 i\u0161\u0117mimo mechanizm\u0105.<\/p>\n<p>Turintis \u0161velni\u0105 juod\u0105 apdail\u0105, Mag Release Button KMR ne tik funkcionalus, bet ir suteikia taktin\u012f elegancijos atspalv\u012f j\u016bs\u0173 ginklui. Pagamintas i\u0161 patvari\u0173 med\u017eiag\u0173, \u0161is mygtukas u\u017etikrina skland\u0173 ir patikim\u0105 \u0161ovini\u0173 i\u0161\u0117mim\u0105 kiekvien\u0105 kart\u0105, leid\u017eiant greitai \u012fkrauti ir skland\u017eiai pereiti tarp \u0161\u016bvi\u0173.<\/p>\n<p>Nesvarbu, ar esate profesionalus \u0161aulys, ar tik pradedantysis, Mag Release Button KMR yra esminis priedas, galintis padidinti j\u016bs\u0173 ginkl\u0173 sistem\u0173 veikim\u0105 ir patikimum\u0105. D\u0117l universalios suderinamumo ir tvirto dizaino, \u0161is mygtukas yra b\u016btinas kiekvienam rimtam ginkl\u0173 entuziastui.<\/p>\n<p>Ginkl\u0173 KMR:<\/p>\n<p>KMR L-02 EMIQ<\/p>\n<p>KMR L-02 EMIQ (OR)<\/p>\n<p>KMR L-02 ORCA IKI 2023<\/p>\n<p>KMR L-02 SPECTRA NUO 2024<\/p>\n<p>KMR L-02 SPECTRA IKI 2023<\/p>\n<p>KMR L-02 UMBRA NUO 2024<\/p>\n<p>KMR L-02 UMBRA IKI 2023<\/p>\n<p>KMR S-01 LANCE (OR)<\/p>\n<p>KMR S-02 IKI 2023<\/p>\n<p>KMR W-02 CUDA NUO 2024<\/p>\n<p>KMR W-02 CUDA IKI 2023<\/p>\n<p>KMR W-02 UMBRA<\/p>\n<p>KMR W-02 UMBRA (OR)<\/p>\n<p>Nuoroda 0180-00801-0101<\/p>\n","protected":false},"excerpt":{"rendered":"<p>Juodas KMR ginkl\u0173 i\u0161leidimo mygtukas.<\/p>\n","protected":false},"featured_media":72244,"template":"","meta":{"_acf_changed":false},"product_brand":[11496],"product_cat":[13691],"product_tag":[],"class_list":{"0":"post-74148","1":"product","2":"type-product","3":"status-publish","4":"has-post-thumbnail","6":"product_brand-kmr-precision","7":"product_cat-kmr-dalys","9":"first","10":"instock","11":"taxable","12":"shipping-taxable","13":"purchasable","14":"product-type-simple"},"acf":[],"_links":{"self":[{"href":"https:\/\/nbg.eu\/lt\/wp-json\/wp\/v2\/product\/74148","targetHints":{"allow":["GET"]}}],"collection":[{"href":"https:\/\/nbg.eu\/lt\/wp-json\/wp\/v2\/product"}],"about":[{"href":"https:\/\/nbg.eu\/lt\/wp-json\/wp\/v2\/types\/product"}],"wp:featuredmedia":[{"embeddable":true,"href":"https:\/\/nbg.eu\/lt\/wp-json\/wp\/v2\/media\/72244"}],"wp:attachment":[{"href":"https:\/\/nbg.eu\/lt\/wp-json\/wp\/v2\/media?parent=74148"}],"wp:term":[{"taxonomy":"product_brand","embeddable":true,"href":"https:\/\/nbg.eu\/lt\/wp-json\/wp\/v2\/product_brand?post=74148"},{"taxonomy":"product_cat","embeddable":true,"href":"https:\/\/nbg.eu\/lt\/wp-json\/wp\/v2\/product_cat?post=74148"},{"taxonomy":"product_tag","embeddable":true,"href":"https:\/\/nbg.eu\/lt\/wp-json\/wp\/v2\/product_tag?post=74148"}],"curies":[{"name":"wp","href":"https:\/\/api.w.org\/{rel}","templated":true}]}}