{"id":74818,"date":"2024-10-21T09:29:53","date_gmt":"2024-10-31T10:55:27","guid":{"rendered":"https:\/\/nbg.eu\/product\/grips-kmr-s-dotmatrix-black\/"},"modified":"2026-01-21T11:41:07","modified_gmt":"2026-01-21T08:41:07","slug":"grips-kmr-s-dotmatrix-black","status":"publish","type":"product","link":"https:\/\/nbg.eu\/lt\/produktas\/grips-kmr-s-dotmatrix-black\/","title":{"rendered":"GRIPS KMR S DotMatrix &#8211; Black"},"content":{"rendered":"<div class=\"product-description\">\n<h2>GRIPS KMR S DotMatrix &#8211; Juoda<\/h2>\n<p>GRIPS KMR S DotMatrix juodos spalvos ranken\u0117l\u0117s. \u0160ios ranken\u0117l\u0117s turi tekst\u016bruot\u0105 pavir\u0161i\u0173, u\u017etikrinant\u012f tvirt\u0105 laikym\u0105. Tinka pistoleto atnaujinimui arba var\u017eybiniam ginklui.<\/p>\n<h3>Pagrindin\u0117s savyb\u0117s:<\/h3>\n<ul>\n<li>Ilgas dydis<\/li>\n<li>Pagaminta i\u0161 anoduoto duraliuminio<\/li>\n<li>Golfo kamuoliuko ra\u0161tas<\/li>\n<li>Skirta naudoti be d\u0117tuv\u0117s kreiptuvo<\/li>\n<li>Pridedami torx var\u017etai montavimui<\/li>\n<li>Su KMR logotipu<\/li>\n<\/ul>\n<p>Suderinama tik su KMR S-02 modeliais, turin\u010diais 26 mm plo\u010dio aliuminio r\u0117m\u0105. Netinka W-02 ar L-02 r\u0117m\u0173 dyd\u017eiams. Tinka KMR S-02 .22 LR pistoleto atnaujinimui.<\/p>\n<\/div>\n<dl class=\"data-sheet\">\n<dt class=\"name\">KMR ginklams<\/dt>\n<dd class=\"value\">KMR S-01 LANCE (OR)<br \/>\nKMR S-02 IKI 2023<\/dd>\n<dt class=\"name\">CZ ginklams<\/dt>\n<dd class=\"value\">CZ SHADOW 1<br \/>\nCZ SHADOW 2<br \/>\nCZ SHADOW 2 (OR)<br \/>\nCZ SP-01<\/dd>\n<\/dl>\n","protected":false},"excerpt":{"rendered":"<p>Patvar\u016bs anoduoto duraliuminio pistoleto ranken\u0173 antd\u0117klai. Agresyvios tekst\u016bros.<\/p>\n<p>0611-02801-0101<\/p>\n","protected":false},"featured_media":73826,"template":"","meta":{"_acf_changed":false},"product_brand":[11496],"product_cat":[13691,14877],"product_tag":[],"class_list":{"0":"post-74818","1":"product","2":"type-product","3":"status-publish","4":"has-post-thumbnail","6":"product_brand-kmr-precision","7":"product_cat-kmr-dalys","8":"product_cat-pistol-grips-lt","10":"first","11":"instock","12":"taxable","13":"shipping-taxable","14":"purchasable","15":"product-type-simple"},"acf":[],"_links":{"self":[{"href":"https:\/\/nbg.eu\/lt\/wp-json\/wp\/v2\/product\/74818","targetHints":{"allow":["GET"]}}],"collection":[{"href":"https:\/\/nbg.eu\/lt\/wp-json\/wp\/v2\/product"}],"about":[{"href":"https:\/\/nbg.eu\/lt\/wp-json\/wp\/v2\/types\/product"}],"wp:featuredmedia":[{"embeddable":true,"href":"https:\/\/nbg.eu\/lt\/wp-json\/wp\/v2\/media\/73826"}],"wp:attachment":[{"href":"https:\/\/nbg.eu\/lt\/wp-json\/wp\/v2\/media?parent=74818"}],"wp:term":[{"taxonomy":"product_brand","embeddable":true,"href":"https:\/\/nbg.eu\/lt\/wp-json\/wp\/v2\/product_brand?post=74818"},{"taxonomy":"product_cat","embeddable":true,"href":"https:\/\/nbg.eu\/lt\/wp-json\/wp\/v2\/product_cat?post=74818"},{"taxonomy":"product_tag","embeddable":true,"href":"https:\/\/nbg.eu\/lt\/wp-json\/wp\/v2\/product_tag?post=74818"}],"curies":[{"name":"wp","href":"https:\/\/api.w.org\/{rel}","templated":true}]}}