{"id":748438,"date":"2026-04-16T10:55:57","date_gmt":"2026-04-16T07:55:57","guid":{"rendered":"https:\/\/nbg.eu\/product\/kmr-grazinimo-spyruokle-22-lr\/"},"modified":"2026-04-16T17:54:29","modified_gmt":"2026-04-16T14:54:29","slug":"kmr-grazinimo-spyruokle-22-lr","status":"publish","type":"product","link":"https:\/\/nbg.eu\/lt\/produktas\/kmr-grazinimo-spyruokle-22-lr\/","title":{"rendered":"KMR Gr\u0105\u017einimo Spyruokl\u0117 .22 LR"},"content":{"rendered":"<dl class=\"data-sheet\">\n<dt class=\"name\">For Weapons KMR<\/dt>\n<dd class=\"value\">KMR S-01 LANCE (OR)<br \/>\nKMR S-02 10 (OR) SR ADA<br \/>\nKMR S-02 75 (OR) SR ADA<br \/>\nKMR S-02 SH1 (OR) SR ADA<br \/>\nKMR S-02 SH2 (OR) SR ADA<br \/>\nKMR S-02 TS (OR) SR ADA<br \/>\nKMR S-02 UNTIL 2023<\/dd>\n<dt class=\"name\">Selection by Weapons CZ<\/dt>\n<dd class=\"value\">CZ P-07 ADA<br \/>\nCZ P-09 ADA<br \/>\nCZ SHADOW 1 ADA<br \/>\nCZ SHADOW 2 ADA<\/dd>\n<\/dl>\n","protected":false},"excerpt":{"rendered":"<p>0730-01604-0003<\/p>\n","protected":false},"featured_media":24666,"template":"","meta":{"_acf_changed":false},"product_brand":[11496],"product_cat":[13691,13709],"product_tag":[],"class_list":{"0":"post-748438","1":"product","2":"type-product","3":"status-publish","4":"has-post-thumbnail","6":"product_brand-kmr-precision","7":"product_cat-kmr-dalys","8":"product_cat-spyruokles","10":"first","11":"instock","12":"taxable","13":"shipping-taxable","14":"product-type-variable","15":"wvs-archive-product-wrapper"},"acf":[],"_links":{"self":[{"href":"https:\/\/nbg.eu\/lt\/wp-json\/wp\/v2\/product\/748438","targetHints":{"allow":["GET"]}}],"collection":[{"href":"https:\/\/nbg.eu\/lt\/wp-json\/wp\/v2\/product"}],"about":[{"href":"https:\/\/nbg.eu\/lt\/wp-json\/wp\/v2\/types\/product"}],"wp:featuredmedia":[{"embeddable":true,"href":"https:\/\/nbg.eu\/lt\/wp-json\/wp\/v2\/media\/24666"}],"wp:attachment":[{"href":"https:\/\/nbg.eu\/lt\/wp-json\/wp\/v2\/media?parent=748438"}],"wp:term":[{"taxonomy":"product_brand","embeddable":true,"href":"https:\/\/nbg.eu\/lt\/wp-json\/wp\/v2\/product_brand?post=748438"},{"taxonomy":"product_cat","embeddable":true,"href":"https:\/\/nbg.eu\/lt\/wp-json\/wp\/v2\/product_cat?post=748438"},{"taxonomy":"product_tag","embeddable":true,"href":"https:\/\/nbg.eu\/lt\/wp-json\/wp\/v2\/product_tag?post=748438"}],"curies":[{"name":"wp","href":"https:\/\/api.w.org\/{rel}","templated":true}]}}