{"id":748711,"date":"2026-04-16T10:56:47","date_gmt":"2026-04-16T07:56:47","guid":{"rendered":"https:\/\/nbg.eu\/product\/kmr-grazinimo-spyruokles-kreiptuvas-nerudijantis-plienas\/"},"modified":"2026-04-16T17:54:21","modified_gmt":"2026-04-16T14:54:21","slug":"kmr-grazinimo-spyruokles-kreiptuvas-nerudijantis-plienas","status":"publish","type":"product","link":"https:\/\/nbg.eu\/lt\/produktas\/kmr-grazinimo-spyruokles-kreiptuvas-nerudijantis-plienas\/","title":{"rendered":"KMR Gr\u0105\u017einimo Spyruokl\u0117s Kreiptuvas Ner\u016bdijantis Plienas"},"content":{"rendered":"<h2>Gr\u0105\u017einimo Spyruokl\u0117s Kreiptuvas KMR 5&#8243; Ner\u016bdijantis Plienas<\/h2>\n<p>Crafted from high-quality stainless steel, the Gr\u0105\u017einimo Spyruokl\u0117s Kreiptuvas KMR 5&#8243; Ner\u016bdijantis Plienas provides enhanced durability and corrosion resistance. Its 5-inch length offers a perfect fit, providing the necessary stability and control during recoil.<\/p>\n<p>With its sleek and modern design, the Gr\u0105\u017einimo Spyruokl\u0117s Kreiptuvas KMR 5&#8243; Ner\u016bdijantis Plienas not only improves the functionality of your weapon but also enhances its overall stability.<\/p>\n<p>For Weapons KMR<\/p>\n<p>KMR L-02 ORCA FROM 2024<\/p>\n<p>KMR L-02 ORCA UNTIL 2023<\/p>\n<p>KMR L-02 SPECTRA FROM 2024<\/p>\n<p>KMR L-02 SPECTRA UNTIL 2023<\/p>\n","protected":false},"excerpt":{"rendered":"<p>Gr\u0105\u017einimo Spyruokl\u0117s Kreiptuvas KMR 5&#8243; Ner\u016bdijantis Plienas &#8211; KMR L-02 ORCA &amp; SPECTRA.<\/p>\n","protected":false},"featured_media":25664,"template":"","meta":{"_acf_changed":false},"product_brand":[11496],"product_cat":[13691,13709],"product_tag":[],"class_list":{"0":"post-748711","1":"product","2":"type-product","3":"status-publish","4":"has-post-thumbnail","6":"product_brand-kmr-precision","7":"product_cat-kmr-dalys","8":"product_cat-spyruokles","10":"first","11":"instock","12":"taxable","13":"shipping-taxable","14":"product-type-variable","15":"wvs-archive-product-wrapper"},"acf":[],"_links":{"self":[{"href":"https:\/\/nbg.eu\/lt\/wp-json\/wp\/v2\/product\/748711","targetHints":{"allow":["GET"]}}],"collection":[{"href":"https:\/\/nbg.eu\/lt\/wp-json\/wp\/v2\/product"}],"about":[{"href":"https:\/\/nbg.eu\/lt\/wp-json\/wp\/v2\/types\/product"}],"wp:featuredmedia":[{"embeddable":true,"href":"https:\/\/nbg.eu\/lt\/wp-json\/wp\/v2\/media\/25664"}],"wp:attachment":[{"href":"https:\/\/nbg.eu\/lt\/wp-json\/wp\/v2\/media?parent=748711"}],"wp:term":[{"taxonomy":"product_brand","embeddable":true,"href":"https:\/\/nbg.eu\/lt\/wp-json\/wp\/v2\/product_brand?post=748711"},{"taxonomy":"product_cat","embeddable":true,"href":"https:\/\/nbg.eu\/lt\/wp-json\/wp\/v2\/product_cat?post=748711"},{"taxonomy":"product_tag","embeddable":true,"href":"https:\/\/nbg.eu\/lt\/wp-json\/wp\/v2\/product_tag?post=748711"}],"curies":[{"name":"wp","href":"https:\/\/api.w.org\/{rel}","templated":true}]}}