{"id":749302,"date":"2026-04-24T11:17:23","date_gmt":"2026-04-24T08:17:23","guid":{"rendered":"https:\/\/nbg.eu\/product\/eberlestock-wrs-retention-strap\/"},"modified":"2026-04-24T11:58:46","modified_gmt":"2026-04-24T08:58:46","slug":"eberlestock-wrs-retention-strap","status":"publish","type":"product","link":"https:\/\/nbg.eu\/lt\/produktas\/eberlestock-wrs-retention-strap\/","title":{"rendered":"Eberlestock WRS-Retention Strap"},"content":{"rendered":"<h2>Eberlestock WRS-Retention Strap<\/h2>\n<p>Eberlestock WRS Retention Strap yra paprastas, bet labai efektyvus priedas, skirtas pagerinti valdym\u0105 ir pritaikomum\u0105 j\u016bs\u0173 ne\u0161imo sistemoje. Prieinamas keliomis spalv\u0173 parinktimis, atitinkan\u010diomis j\u016bs\u0173 esam\u0105 Eberlestock \u012frang\u0105, \u0161is lengvas dir\u017eelis suteikia vartotojams didesn\u012f lankstum\u0105 tvirtinant ginklus, \u012frang\u0105 ir priedus prie MOLLE suderinam\u0173 platform\u0173.<\/p>\n<h3>Pagrindin\u0117s savyb\u0117s<\/h3>\n<ul>\n<li>Universalus MOLLE suderinamas tvirtinimas naudojimui su Eberlestock kuprin\u0117mis ir priedais<\/li>\n<li>Sukurtas ginklo laikymui ir bendram \u012frangos tvirtinimui<\/li>\n<li>\u017demo profilio dizainas, skland\u017eiai integruojamas su esamomis konfig\u016bracijomis<\/li>\n<li>Greito reguliavimo funkcija greitam panaudojimui ir saugojimui<\/li>\n<li>Prieinamas keliomis spalvomis: Dry Earth, Military Green, Coyote Brown ir Multicam<\/li>\n<li>Eberlestock garantija visam gyvenimui<\/li>\n<\/ul>\n<h3>Specifikacijos<\/h3>\n<table>\n<tr>\n<td><strong>Preki\u0173 kodai<\/strong><\/td>\n<td>WRSME (Dry Earth), WRSMJ (Military Green), WRSMC (Coyote Brown), WRSMM (Multicam)<\/td>\n<\/tr>\n<tr>\n<td><strong>Svoris<\/strong><\/td>\n<td>4 oz<\/td>\n<\/tr>\n<tr>\n<td><strong>Suderinamumas<\/strong><\/td>\n<td>MOLLE \/ PALS<\/td>\n<\/tr>\n<tr>\n<td><strong>Gamintojas<\/strong><\/td>\n<td>Eberlestock (Veteran\u0173 \u012fmon\u0117)<\/td>\n<\/tr>\n<\/table>\n","protected":false},"excerpt":{"rendered":"<p>Eberlestock WRS Retention Strap yra paprastas, bet labai efektyvus priedas, skirtas pagerinti valdym\u0105 ir pritaikomum\u0105 j\u016bs\u0173 ne\u0161imo sistemoje. Prieinamas keliomis spalv\u0173 parinktimis, atitinkan\u010diomis j\u016bs\u0173 esam\u0105 Eberlestock \u012frang\u0105, \u0161is lengvas dir\u017eelis suteikia vartotojams didesn\u012f lankstum\u0105 tvirtinant ginklus, \u012frang\u0105 ir priedus prie MOLLE suderinam\u0173 platform\u0173.<\/p>\n","protected":false},"featured_media":749303,"template":"","meta":{"_acf_changed":false},"product_brand":[15146],"product_cat":[13749],"product_tag":[],"class_list":{"0":"post-749302","1":"product","2":"type-product","3":"status-publish","4":"has-post-thumbnail","6":"product_brand-eberlestock","7":"product_cat-iranga","9":"first","10":"outofstock","11":"taxable","12":"shipping-taxable","13":"purchasable","14":"product-type-variable","15":"wvs-archive-product-wrapper"},"acf":[],"_links":{"self":[{"href":"https:\/\/nbg.eu\/lt\/wp-json\/wp\/v2\/product\/749302","targetHints":{"allow":["GET"]}}],"collection":[{"href":"https:\/\/nbg.eu\/lt\/wp-json\/wp\/v2\/product"}],"about":[{"href":"https:\/\/nbg.eu\/lt\/wp-json\/wp\/v2\/types\/product"}],"wp:featuredmedia":[{"embeddable":true,"href":"https:\/\/nbg.eu\/lt\/wp-json\/wp\/v2\/media\/749303"}],"wp:attachment":[{"href":"https:\/\/nbg.eu\/lt\/wp-json\/wp\/v2\/media?parent=749302"}],"wp:term":[{"taxonomy":"product_brand","embeddable":true,"href":"https:\/\/nbg.eu\/lt\/wp-json\/wp\/v2\/product_brand?post=749302"},{"taxonomy":"product_cat","embeddable":true,"href":"https:\/\/nbg.eu\/lt\/wp-json\/wp\/v2\/product_cat?post=749302"},{"taxonomy":"product_tag","embeddable":true,"href":"https:\/\/nbg.eu\/lt\/wp-json\/wp\/v2\/product_tag?post=749302"}],"curies":[{"name":"wp","href":"https:\/\/api.w.org\/{rel}","templated":true}]}}