{"id":749515,"date":"2026-04-24T11:17:29","date_gmt":"2026-04-24T08:17:29","guid":{"rendered":"https:\/\/nbg.eu\/product\/eberlestock-freefall-2000-kuprine\/"},"modified":"2026-04-24T11:59:46","modified_gmt":"2026-04-24T08:59:46","slug":"eberlestock-freefall-2000-kuprine","status":"publish","type":"product","link":"https:\/\/nbg.eu\/lt\/produktas\/eberlestock-freefall-2000-kuprine\/","title":{"rendered":"Eberlestock FreeFall 2000 Kuprin\u0117"},"content":{"rendered":"<h2>Eberlestock FreeFall 2000 Kuprin\u0117<\/h2>\n<p>Eberlestock FreeFall 2000 yra universali, \u017eemo profilio platforma, galinti aptarnauti keli\u0173 dien\u0173 keliones su minimalia \u012franga arba dienos \u017eygius su pilna apranga. Su erdviu vir\u0161utiniu dang\u010diu, septyniomis vidin\u0117mis ki\u0161en\u0117mis, vandens rezervuaro ki\u0161ene, suspaudimo dir\u017eeliais ir juosmens ki\u0161en\u0117mis, \u0161i kuprin\u0117 sukurta rimtiems lauko entuziastams ir taktiniams operatoriams.<\/p>\n<h3>Pagrindin\u0117s savyb\u0117s<\/h3>\n<ul>\n<li>2000 c.i. \/ 32.8L capacity<\/li>\n<li>Spacious top lid<\/li>\n<li>Seven interior pockets<\/li>\n<li>Water bladder sleeve<\/li>\n<li>Compression straps<\/li>\n<li>Hip-belt pockets<\/li>\n<li>Aluminum frame<\/li>\n<li>Eberlestock Lifetime Warranty<\/li>\n<\/ul>\n<h3>Specifikacijos<\/h3>\n<table>\n<tr>\n<td><strong>T\u016bris<\/strong><\/td>\n<td>2000 c.i. \/ 32.8L<\/td>\n<\/tr>\n<tr>\n<td><strong>Svoris<\/strong><\/td>\n<td>4 lbs 9 oz<\/td>\n<\/tr>\n<tr>\n<td><strong>R\u0117mas<\/strong><\/td>\n<td>Aluminum<\/td>\n<\/tr>\n<tr>\n<td><strong>Preki\u0173 kodai<\/strong><\/td>\n<td>V7MC, V7GY, V7MB, V7ME, V7MJ, V7MM<\/td>\n<\/tr>\n<tr>\n<td><strong>Gamintojas<\/strong><\/td>\n<td>Eberlestock (Veteran\u0173 \u012fmon\u0117)<\/td>\n<\/tr>\n<\/table>\n","protected":false},"excerpt":{"rendered":"<p>Eberlestock FreeFall 2000 yra universali, \u017eemo profilio platforma, galinti aptarnauti keli\u0173 dien\u0173 keliones su minimalia \u012franga arba dienos \u017eygius su pilna apranga. Su erdviu vir\u0161utiniu dang\u010diu, septyniomis vidin\u0117mis ki\u0161en\u0117mis, vandens rezervuaro ki\u0161ene, suspaudimo dir\u017eeliais ir juosmens ki\u0161en\u0117mis, \u0161i kuprin\u0117 sukurta rimtiems lauko entuziastams ir taktiniams operatoriams.<\/p>\n","protected":false},"featured_media":749516,"template":"","meta":{"_acf_changed":false},"product_brand":[15146],"product_cat":[13685],"product_tag":[],"class_list":{"0":"post-749515","1":"product","2":"type-product","3":"status-publish","4":"has-post-thumbnail","6":"product_brand-eberlestock","7":"product_cat-kuprines","9":"first","10":"outofstock","11":"taxable","12":"shipping-taxable","13":"purchasable","14":"product-type-variable","15":"wvs-archive-product-wrapper"},"acf":[],"_links":{"self":[{"href":"https:\/\/nbg.eu\/lt\/wp-json\/wp\/v2\/product\/749515","targetHints":{"allow":["GET"]}}],"collection":[{"href":"https:\/\/nbg.eu\/lt\/wp-json\/wp\/v2\/product"}],"about":[{"href":"https:\/\/nbg.eu\/lt\/wp-json\/wp\/v2\/types\/product"}],"wp:featuredmedia":[{"embeddable":true,"href":"https:\/\/nbg.eu\/lt\/wp-json\/wp\/v2\/media\/749516"}],"wp:attachment":[{"href":"https:\/\/nbg.eu\/lt\/wp-json\/wp\/v2\/media?parent=749515"}],"wp:term":[{"taxonomy":"product_brand","embeddable":true,"href":"https:\/\/nbg.eu\/lt\/wp-json\/wp\/v2\/product_brand?post=749515"},{"taxonomy":"product_cat","embeddable":true,"href":"https:\/\/nbg.eu\/lt\/wp-json\/wp\/v2\/product_cat?post=749515"},{"taxonomy":"product_tag","embeddable":true,"href":"https:\/\/nbg.eu\/lt\/wp-json\/wp\/v2\/product_tag?post=749515"}],"curies":[{"name":"wp","href":"https:\/\/api.w.org\/{rel}","templated":true}]}}