{"id":749768,"date":"2026-04-24T11:17:35","date_gmt":"2026-04-24T08:17:35","guid":{"rendered":"https:\/\/nbg.eu\/product\/eberlestock-freefall-3000-kuprine\/"},"modified":"2026-04-24T12:00:44","modified_gmt":"2026-04-24T09:00:44","slug":"eberlestock-freefall-3000-kuprine","status":"publish","type":"product","link":"https:\/\/nbg.eu\/lt\/produktas\/eberlestock-freefall-3000-kuprine\/","title":{"rendered":"Eberlestock FreeFall 3000 Kuprin\u0117"},"content":{"rendered":"<h2>Eberlestock FreeFall 3000 Kuprin\u0117<\/h2>\n<p>Eberlestock FreeFall 3000 yra didesnis FreeFall serijos modelis, si\u016blantis 3000 kubini\u0173 coli\u0173 talp\u0105 ilgoms gamtos misijoms ir keli\u0173 dien\u0173 operacijoms. Su tuo pa\u010diu patikrintu dizainu, apiman\u010diu tvirt\u0105 aliuminio r\u0117m\u0105, septynias vidines ki\u0161enes ir visapusi\u0161k\u0105 organizavim\u0105, \u0161i kuprin\u0117 lengvai susitvarko su sunkesniais kroviniais.<\/p>\n<h3>Pagrindin\u0117s savyb\u0117s<\/h3>\n<ul>\n<li>3000 c.i. \/ 49.2L capacity<\/li>\n<li>Spacious top lid<\/li>\n<li>Seven interior pockets<\/li>\n<li>Water bladder sleeve<\/li>\n<li>Compression straps<\/li>\n<li>Hip-belt pockets<\/li>\n<li>Aluminum frame<\/li>\n<li>Eberlestock Lifetime Warranty<\/li>\n<\/ul>\n<h3>Specifikacijos<\/h3>\n<table>\n<tr>\n<td><strong>T\u016bris<\/strong><\/td>\n<td>3000 c.i. \/ 49.2L<\/td>\n<\/tr>\n<tr>\n<td><strong>Svoris<\/strong><\/td>\n<td>5 lbs 1 oz<\/td>\n<\/tr>\n<tr>\n<td><strong>R\u0117mas<\/strong><\/td>\n<td>Aluminum<\/td>\n<\/tr>\n<tr>\n<td><strong>Preki\u0173 kodai<\/strong><\/td>\n<td>V8MC, V8GY, V8MB, V8ME, V8MJ, V8MM<\/td>\n<\/tr>\n<tr>\n<td><strong>Gamintojas<\/strong><\/td>\n<td>Eberlestock (Veteran\u0173 \u012fmon\u0117)<\/td>\n<\/tr>\n<\/table>\n","protected":false},"excerpt":{"rendered":"<p>Eberlestock FreeFall 3000 yra didesnis FreeFall serijos modelis, si\u016blantis 3000 kubini\u0173 coli\u0173 talp\u0105 ilgoms gamtos misijoms ir keli\u0173 dien\u0173 operacijoms. Su tuo pa\u010diu patikrintu dizainu, apiman\u010diu tvirt\u0105 aliuminio r\u0117m\u0105, septynias vidines ki\u0161enes ir visapusi\u0161k\u0105 organizavim\u0105, \u0161i kuprin\u0117 lengvai susitvarko su sunkesniais kroviniais.<\/p>\n","protected":false},"featured_media":749769,"template":"","meta":{"_acf_changed":false},"product_brand":[15146],"product_cat":[13685],"product_tag":[],"class_list":{"0":"post-749768","1":"product","2":"type-product","3":"status-publish","4":"has-post-thumbnail","6":"product_brand-eberlestock","7":"product_cat-kuprines","9":"first","10":"outofstock","11":"taxable","12":"shipping-taxable","13":"purchasable","14":"product-type-variable","15":"wvs-archive-product-wrapper"},"acf":[],"_links":{"self":[{"href":"https:\/\/nbg.eu\/lt\/wp-json\/wp\/v2\/product\/749768","targetHints":{"allow":["GET"]}}],"collection":[{"href":"https:\/\/nbg.eu\/lt\/wp-json\/wp\/v2\/product"}],"about":[{"href":"https:\/\/nbg.eu\/lt\/wp-json\/wp\/v2\/types\/product"}],"wp:featuredmedia":[{"embeddable":true,"href":"https:\/\/nbg.eu\/lt\/wp-json\/wp\/v2\/media\/749769"}],"wp:attachment":[{"href":"https:\/\/nbg.eu\/lt\/wp-json\/wp\/v2\/media?parent=749768"}],"wp:term":[{"taxonomy":"product_brand","embeddable":true,"href":"https:\/\/nbg.eu\/lt\/wp-json\/wp\/v2\/product_brand?post=749768"},{"taxonomy":"product_cat","embeddable":true,"href":"https:\/\/nbg.eu\/lt\/wp-json\/wp\/v2\/product_cat?post=749768"},{"taxonomy":"product_tag","embeddable":true,"href":"https:\/\/nbg.eu\/lt\/wp-json\/wp\/v2\/product_tag?post=749768"}],"curies":[{"name":"wp","href":"https:\/\/api.w.org\/{rel}","templated":true}]}}