{"id":749995,"date":"2026-04-24T11:17:42","date_gmt":"2026-04-24T08:17:42","guid":{"rendered":"https:\/\/nbg.eu\/product\/eberlestock-mission-ruck-multicam\/"},"modified":"2026-04-24T12:01:42","modified_gmt":"2026-04-24T09:01:42","slug":"eberlestock-mission-ruck-multicam","status":"publish","type":"product","link":"https:\/\/nbg.eu\/lt\/produktas\/eberlestock-mission-ruck-multicam\/","title":{"rendered":"Eberlestock Mission Ruck &#8211; Multicam"},"content":{"rendered":"<h2>Eberlestock Mission Ruck<\/h2>\n<p>Sukurtas ilgalaik\u0117ms lauko operacijoms, Eberlestock Mission Ruck skland\u017eiai integruojasi su visa Eberlestock Mission System sistema. \u0160is konfig\u016bruojamas, MOLLE suderinamas kuprin\u0117 turi 4834 kubinius colius talpos ir yra sukurtas atlaikyti reikliausias taktines ir karines misijas, kartu b\u016bdamas sukurtas tarnauti vis\u0105 gyvenim\u0105.<\/p>\n<h3>Pagrindin\u0117s savyb\u0117s<\/h3>\n<ul>\n<li>4834 c.i. internal volume<\/li>\n<li>Full MOLLE\/PALS compatibility<\/li>\n<li>Mission System integration<\/li>\n<li>Configurable design<\/li>\n<li>Padded shoulder straps and hip belt<\/li>\n<li>Eberlestock Lifetime Warranty<\/li>\n<\/ul>\n<h3>Specifikacijos<\/h3>\n<table>\n<tr>\n<td><strong>T\u016bris<\/strong><\/td>\n<td>4834 c.i.<\/td>\n<\/tr>\n<tr>\n<td><strong>Svoris<\/strong><\/td>\n<td>3 lbs 5 oz<\/td>\n<\/tr>\n<tr>\n<td><strong>Matmenys<\/strong><\/td>\n<td>36&#8243;H x 12&#8243;W x 8.5&#8243;D<\/td>\n<\/tr>\n<tr>\n<td><strong>Preki\u0173 kodai<\/strong><\/td>\n<td>MR1MM (Multicam), MR1MC (Coyote Brown), MR1MJ (Military Green)<\/td>\n<\/tr>\n<tr>\n<td><strong>Gamintojas<\/strong><\/td>\n<td>Eberlestock (Veteran\u0173 \u012fmon\u0117)<\/td>\n<\/tr>\n<\/table>\n","protected":false},"excerpt":{"rendered":"<p>Sukurtas ilgalaik\u0117ms lauko operacijoms, Eberlestock Mission Ruck skland\u017eiai integruojasi su visa Eberlestock Mission System sistema. \u0160is konfig\u016bruojamas, MOLLE suderinamas kuprin\u0117 turi 4834 kubinius colius talpos ir yra sukurtas atlaikyti reikliausias taktines ir karines misijas, kartu b\u016bdamas sukurtas tarnauti vis\u0105 gyvenim\u0105.<\/p>\n","protected":false},"featured_media":749996,"template":"","meta":{"_acf_changed":false},"product_brand":[15146],"product_cat":[13685],"product_tag":[],"class_list":{"0":"post-749995","1":"product","2":"type-product","3":"status-publish","4":"has-post-thumbnail","6":"product_brand-eberlestock","7":"product_cat-kuprines","9":"first","10":"outofstock","11":"taxable","12":"shipping-taxable","13":"purchasable","14":"product-type-simple"},"acf":[],"_links":{"self":[{"href":"https:\/\/nbg.eu\/lt\/wp-json\/wp\/v2\/product\/749995","targetHints":{"allow":["GET"]}}],"collection":[{"href":"https:\/\/nbg.eu\/lt\/wp-json\/wp\/v2\/product"}],"about":[{"href":"https:\/\/nbg.eu\/lt\/wp-json\/wp\/v2\/types\/product"}],"wp:featuredmedia":[{"embeddable":true,"href":"https:\/\/nbg.eu\/lt\/wp-json\/wp\/v2\/media\/749996"}],"wp:attachment":[{"href":"https:\/\/nbg.eu\/lt\/wp-json\/wp\/v2\/media?parent=749995"}],"wp:term":[{"taxonomy":"product_brand","embeddable":true,"href":"https:\/\/nbg.eu\/lt\/wp-json\/wp\/v2\/product_brand?post=749995"},{"taxonomy":"product_cat","embeddable":true,"href":"https:\/\/nbg.eu\/lt\/wp-json\/wp\/v2\/product_cat?post=749995"},{"taxonomy":"product_tag","embeddable":true,"href":"https:\/\/nbg.eu\/lt\/wp-json\/wp\/v2\/product_tag?post=749995"}],"curies":[{"name":"wp","href":"https:\/\/api.w.org\/{rel}","templated":true}]}}