{"id":750202,"date":"2026-04-24T11:17:44","date_gmt":"2026-04-24T08:17:44","guid":{"rendered":"https:\/\/nbg.eu\/product\/eberlestock-spectre-kuprine-multicam\/"},"modified":"2026-04-24T12:02:36","modified_gmt":"2026-04-24T09:02:36","slug":"eberlestock-spectre-kuprine-multicam","status":"publish","type":"product","link":"https:\/\/nbg.eu\/lt\/produktas\/eberlestock-spectre-kuprine-multicam\/","title":{"rendered":"Eberlestock Spectre Kuprin\u0117 &#8211; Multicam"},"content":{"rendered":"<h2>Eberlestock Spectre Kuprin\u0117<\/h2>\n<p>Eberlestock Spectre yra novatori\u0161kiausia ir universaliausia snaiperio kuprin\u0117 Eberlestock asortimente, i\u0161 naujo apibr\u0117\u017eianti tiksliojo ginklavimosi galimybes. Su 3100 k.c. talpa, integruotu \u0161autuvo d\u0117klu ir visapusi\u0161komis organizavimo funkcijomis, Spectre sukurtas operatoriams, kurie reikalauja auk\u0161\u010diausio lygio na\u0161umo i\u0161 savo \u012frangos.<\/p>\n<h3>Pagrindin\u0117s savyb\u0117s<\/h3>\n<ul>\n<li>3,100 c.i. \/ 50.8L capacity<\/li>\n<li>Integrated rifle scabbard (34&#8243;)<\/li>\n<li>Full MOLLE\/PALS webbing<\/li>\n<li>Adjustable torso length<\/li>\n<li>Hydration compatible<\/li>\n<li>Eberlestock Lifetime Warranty<\/li>\n<\/ul>\n<h3>Specifikacijos<\/h3>\n<table>\n<tr>\n<td><strong>Talpa<\/strong><\/td>\n<td>3,100 c.i. \/ 50.8L<\/td>\n<\/tr>\n<tr>\n<td><strong>Svoris<\/strong><\/td>\n<td>6 lbs 6 oz<\/td>\n<\/tr>\n<tr>\n<td><strong>Matmenys<\/strong><\/td>\n<td>23&#8243; x 12&#8243; (Scabbard: 34&#8243;)<\/td>\n<\/tr>\n<tr>\n<td><strong>Preki\u0173 kodai<\/strong><\/td>\n<td>W2MM, W2ME, W2MC, W2MJ<\/td>\n<\/tr>\n<tr>\n<td><strong>Gamintojas<\/strong><\/td>\n<td>Eberlestock (Veteran\u0173 \u012fmon\u0117)<\/td>\n<\/tr>\n<\/table>\n","protected":false},"excerpt":{"rendered":"<p>Eberlestock Spectre yra novatori\u0161kiausia ir universaliausia snaiperio kuprin\u0117 Eberlestock asortimente, i\u0161 naujo apibr\u0117\u017eianti tiksliojo ginklavimosi galimybes. Su 3100 k.c. talpa, integruotu \u0161autuvo d\u0117klu ir visapusi\u0161komis organizavimo funkcijomis, Spectre sukurtas operatoriams, kurie reikalauja auk\u0161\u010diausio lygio na\u0161umo i\u0161 savo \u012frangos.<\/p>\n","protected":false},"featured_media":750203,"template":"","meta":{"_acf_changed":false},"product_brand":[15146],"product_cat":[13685],"product_tag":[],"class_list":{"0":"post-750202","1":"product","2":"type-product","3":"status-publish","4":"has-post-thumbnail","6":"product_brand-eberlestock","7":"product_cat-kuprines","9":"first","10":"outofstock","11":"taxable","12":"shipping-taxable","13":"purchasable","14":"product-type-simple"},"acf":[],"_links":{"self":[{"href":"https:\/\/nbg.eu\/lt\/wp-json\/wp\/v2\/product\/750202","targetHints":{"allow":["GET"]}}],"collection":[{"href":"https:\/\/nbg.eu\/lt\/wp-json\/wp\/v2\/product"}],"about":[{"href":"https:\/\/nbg.eu\/lt\/wp-json\/wp\/v2\/types\/product"}],"wp:featuredmedia":[{"embeddable":true,"href":"https:\/\/nbg.eu\/lt\/wp-json\/wp\/v2\/media\/750203"}],"wp:attachment":[{"href":"https:\/\/nbg.eu\/lt\/wp-json\/wp\/v2\/media?parent=750202"}],"wp:term":[{"taxonomy":"product_brand","embeddable":true,"href":"https:\/\/nbg.eu\/lt\/wp-json\/wp\/v2\/product_brand?post=750202"},{"taxonomy":"product_cat","embeddable":true,"href":"https:\/\/nbg.eu\/lt\/wp-json\/wp\/v2\/product_cat?post=750202"},{"taxonomy":"product_tag","embeddable":true,"href":"https:\/\/nbg.eu\/lt\/wp-json\/wp\/v2\/product_tag?post=750202"}],"curies":[{"name":"wp","href":"https:\/\/api.w.org\/{rel}","templated":true}]}}