{"id":750616,"date":"2026-04-24T11:17:48","date_gmt":"2026-04-24T08:17:48","guid":{"rendered":"https:\/\/nbg.eu\/product\/eberlestock-modframe-dry-earth\/"},"modified":"2026-04-24T12:04:25","modified_gmt":"2026-04-24T09:04:25","slug":"eberlestock-modframe-dry-earth","status":"publish","type":"product","link":"https:\/\/nbg.eu\/lt\/produktas\/eberlestock-modframe-dry-earth\/","title":{"rendered":"Eberlestock Modframe &#8211; Dry Earth"},"content":{"rendered":"<h2>Eberlestock Modframe<\/h2>\n<p>Eberlestock Modframe yra naujos kartos med\u017eiokl\u0117s platforma, kuri paima visk\u0105, kas puiku i\u0161 Mainframe, ir atstat\u0117 tai nuo pagrind\u0173. \u0160i specialiai sukurta modulin\u0117 r\u0117mo sistema skirta rimtiems Alpi\u0173 med\u017eiotojams, kurie reikalauja na\u0161umo, patvarumo ir lankstumo i\u0161 savo ne\u0161imo sistemos.<\/p>\n<h3>Pagrindin\u0117s savyb\u0117s<\/h3>\n<ul>\n<li>Next-gen modular frame<\/li>\n<li>Alpine hunting platform<\/li>\n<li>Modular bag compatibility<\/li>\n<li>Standalone frame capability<\/li>\n<li>Adjustable torso<\/li>\n<li>Eberlestock Lifetime Warranty<\/li>\n<\/ul>\n<h3>Specifikacijos<\/h3>\n<table>\n<tr>\n<td><strong>Svoris<\/strong><\/td>\n<td>4 lbs 8 oz<\/td>\n<\/tr>\n<tr>\n<td><strong>Matmenys<\/strong><\/td>\n<td>26&#8243;H x 10&#8243;W<\/td>\n<\/tr>\n<tr>\n<td><strong>Preki\u0173 kodai<\/strong><\/td>\n<td>MO1ME (Dry Earth), MO1MJ (Military Green)<\/td>\n<\/tr>\n<tr>\n<td><strong>Gamintojas<\/strong><\/td>\n<td>Eberlestock (Veteran\u0173 \u012fmon\u0117)<\/td>\n<\/tr>\n<\/table>\n","protected":false},"excerpt":{"rendered":"<p>Eberlestock Modframe yra naujos kartos med\u017eiokl\u0117s platforma, kuri paima visk\u0105, kas puiku i\u0161 Mainframe, ir atstat\u0117 tai nuo pagrind\u0173. \u0160i specialiai sukurta modulin\u0117 r\u0117mo sistema skirta rimtiems Alpi\u0173 med\u017eiotojams, kurie reikalauja na\u0161umo, patvarumo ir lankstumo i\u0161 savo ne\u0161imo sistemos.<\/p>\n","protected":false},"featured_media":750617,"template":"","meta":{"_acf_changed":false},"product_brand":[15146],"product_cat":[13685],"product_tag":[],"class_list":{"0":"post-750616","1":"product","2":"type-product","3":"status-publish","4":"has-post-thumbnail","6":"product_brand-eberlestock","7":"product_cat-kuprines","9":"first","10":"outofstock","11":"taxable","12":"shipping-taxable","13":"purchasable","14":"product-type-simple"},"acf":[],"_links":{"self":[{"href":"https:\/\/nbg.eu\/lt\/wp-json\/wp\/v2\/product\/750616","targetHints":{"allow":["GET"]}}],"collection":[{"href":"https:\/\/nbg.eu\/lt\/wp-json\/wp\/v2\/product"}],"about":[{"href":"https:\/\/nbg.eu\/lt\/wp-json\/wp\/v2\/types\/product"}],"wp:featuredmedia":[{"embeddable":true,"href":"https:\/\/nbg.eu\/lt\/wp-json\/wp\/v2\/media\/750617"}],"wp:attachment":[{"href":"https:\/\/nbg.eu\/lt\/wp-json\/wp\/v2\/media?parent=750616"}],"wp:term":[{"taxonomy":"product_brand","embeddable":true,"href":"https:\/\/nbg.eu\/lt\/wp-json\/wp\/v2\/product_brand?post=750616"},{"taxonomy":"product_cat","embeddable":true,"href":"https:\/\/nbg.eu\/lt\/wp-json\/wp\/v2\/product_cat?post=750616"},{"taxonomy":"product_tag","embeddable":true,"href":"https:\/\/nbg.eu\/lt\/wp-json\/wp\/v2\/product_tag?post=750616"}],"curies":[{"name":"wp","href":"https:\/\/api.w.org\/{rel}","templated":true}]}}