{"id":751224,"date":"2026-04-24T11:17:54","date_gmt":"2026-04-24T08:17:54","guid":{"rendered":"https:\/\/nbg.eu\/product\/eberlestock-mission-load-panel-multicam\/"},"modified":"2026-04-24T12:07:08","modified_gmt":"2026-04-24T09:07:08","slug":"eberlestock-mission-load-panel-multicam","status":"publish","type":"product","link":"https:\/\/nbg.eu\/lt\/produktas\/eberlestock-mission-load-panel-multicam\/","title":{"rendered":"Eberlestock Mission Load Panel &#8211; Multicam"},"content":{"rendered":"<h2>Eberlestock Mission Load Panel<\/h2>\n<p>Eberlestock Mission Load Panel suteikia saug\u0173 b\u016bd\u0105 ne\u0161ti ir saugoti dideli\u0173 gabarit\u0173 ar nestandartinius daiktus, tokius kaip \u0161almai, \u012fsibrovimo \u012frankiai ir kita \u012franga. Pritvirtintas prie Mission Frame, Load Panel gali b\u016bti naudojamas savaranki\u0161kai arba kartu su Mission Lid maksimaliam krovinio paj\u0117gumui.<\/p>\n<h3>Pagrindin\u0117s savyb\u0117s<\/h3>\n<ul>\n<li>Helmet and equipment carrier<\/li>\n<li>3 oz ultra-lightweight<\/li>\n<li>Mission Frame attachment<\/li>\n<li>Works with Mission Lid<\/li>\n<li>MOLLE-compatible<\/li>\n<li>Eberlestock Lifetime Warranty<\/li>\n<\/ul>\n<h3>Specifikacijos<\/h3>\n<table>\n<tr>\n<td><strong>Svoris<\/strong><\/td>\n<td>3 oz<\/td>\n<\/tr>\n<tr>\n<td><strong>Matmenys<\/strong><\/td>\n<td>13.5&#8243;L x 11.5&#8243;W<\/td>\n<\/tr>\n<tr>\n<td><strong>Preki\u0173 kodai<\/strong><\/td>\n<td>MP1MM, MP1MC, MP1MJ<\/td>\n<\/tr>\n<tr>\n<td><strong>Gamintojas<\/strong><\/td>\n<td>Eberlestock (Veteran\u0173 \u012fmon\u0117)<\/td>\n<\/tr>\n<\/table>\n","protected":false},"excerpt":{"rendered":"<p>Eberlestock Mission Load Panel suteikia saug\u0173 b\u016bd\u0105 ne\u0161ti ir saugoti dideli\u0173 gabarit\u0173 ar nestandartinius daiktus, tokius kaip \u0161almai, \u012fsibrovimo \u012frankiai ir kita \u012franga. Pritvirtintas prie Mission Frame, Load Panel gali b\u016bti naudojamas savaranki\u0161kai arba kartu su Mission Lid maksimaliam krovinio paj\u0117gumui.<\/p>\n","protected":false},"featured_media":751225,"template":"","meta":{"_acf_changed":false},"product_brand":[15146],"product_cat":[13685],"product_tag":[],"class_list":{"0":"post-751224","1":"product","2":"type-product","3":"status-publish","4":"has-post-thumbnail","6":"product_brand-eberlestock","7":"product_cat-kuprines","9":"first","10":"outofstock","11":"taxable","12":"shipping-taxable","13":"purchasable","14":"product-type-simple"},"acf":[],"_links":{"self":[{"href":"https:\/\/nbg.eu\/lt\/wp-json\/wp\/v2\/product\/751224","targetHints":{"allow":["GET"]}}],"collection":[{"href":"https:\/\/nbg.eu\/lt\/wp-json\/wp\/v2\/product"}],"about":[{"href":"https:\/\/nbg.eu\/lt\/wp-json\/wp\/v2\/types\/product"}],"wp:featuredmedia":[{"embeddable":true,"href":"https:\/\/nbg.eu\/lt\/wp-json\/wp\/v2\/media\/751225"}],"wp:attachment":[{"href":"https:\/\/nbg.eu\/lt\/wp-json\/wp\/v2\/media?parent=751224"}],"wp:term":[{"taxonomy":"product_brand","embeddable":true,"href":"https:\/\/nbg.eu\/lt\/wp-json\/wp\/v2\/product_brand?post=751224"},{"taxonomy":"product_cat","embeddable":true,"href":"https:\/\/nbg.eu\/lt\/wp-json\/wp\/v2\/product_cat?post=751224"},{"taxonomy":"product_tag","embeddable":true,"href":"https:\/\/nbg.eu\/lt\/wp-json\/wp\/v2\/product_tag?post=751224"}],"curies":[{"name":"wp","href":"https:\/\/api.w.org\/{rel}","templated":true}]}}