{"id":751395,"date":"2026-04-24T11:17:56","date_gmt":"2026-04-24T08:17:56","guid":{"rendered":"https:\/\/nbg.eu\/product\/eberlestock-mission-wings-multicam\/"},"modified":"2026-04-24T12:08:02","modified_gmt":"2026-04-24T09:08:02","slug":"eberlestock-mission-wings-multicam","status":"publish","type":"product","link":"https:\/\/nbg.eu\/lt\/produktas\/eberlestock-mission-wings-multicam\/","title":{"rendered":"Eberlestock Mission Wings &#8211; Multicam"},"content":{"rendered":"<h2>Eberlestock Mission Wings<\/h2>\n<p>Eberlestock Mission Wings yra moduliniai, lengvi \u0161oniniai paneliai, kurie greitai prideda papildom\u0105 t\u016br\u012f arba leid\u017eia strategi\u0161kai konfig\u016bruoti specializuotus rinkinius Mission System i\u0161or\u0117je. Lengvai pridedami ar nuimami naudojant ovalinius trigulio tvirtinimo ta\u0161kus, jie suteikia greit\u0105 prieig\u0105 prie saugojimo ten, kur jo labiausiai reikia.<\/p>\n<h3>Pagrindin\u0117s savyb\u0117s<\/h3>\n<ul>\n<li>765 c.i. \/ 13.68L combined capacity<\/li>\n<li>Modular side panels<\/li>\n<li>Oval tri-glide attachment<\/li>\n<li>Quick-access design<\/li>\n<li>Mission System integration<\/li>\n<li>Eberlestock Lifetime Warranty<\/li>\n<\/ul>\n<h3>Specifikacijos<\/h3>\n<table>\n<tr>\n<td><strong>T\u016bris<\/strong><\/td>\n<td>765 c.i. \/ 13.68L<\/td>\n<\/tr>\n<tr>\n<td><strong>Svoris<\/strong><\/td>\n<td>1 lb 2 oz<\/td>\n<\/tr>\n<tr>\n<td><strong>Matmenys<\/strong><\/td>\n<td>18&#8243;H x 6.5&#8243;W x 2&#8243;D<\/td>\n<\/tr>\n<tr>\n<td><strong>Preki\u0173 kodai<\/strong><\/td>\n<td>MW1MM, MW1MC<\/td>\n<\/tr>\n<tr>\n<td><strong>Gamintojas<\/strong><\/td>\n<td>Eberlestock (Veteran\u0173 \u012fmon\u0117)<\/td>\n<\/tr>\n<\/table>\n","protected":false},"excerpt":{"rendered":"<p>Eberlestock Mission Wings yra moduliniai, lengvi \u0161oniniai paneliai, kurie greitai prideda papildom\u0105 t\u016br\u012f arba leid\u017eia strategi\u0161kai konfig\u016bruoti specializuotus rinkinius Mission System i\u0161or\u0117je. Lengvai pridedami ar nuimami naudojant ovalinius trigulio tvirtinimo ta\u0161kus, jie suteikia greit\u0105 prieig\u0105 prie saugojimo ten, kur jo labiausiai reikia.<\/p>\n","protected":false},"featured_media":751396,"template":"","meta":{"_acf_changed":false},"product_brand":[15146],"product_cat":[13685],"product_tag":[],"class_list":{"0":"post-751395","1":"product","2":"type-product","3":"status-publish","4":"has-post-thumbnail","6":"product_brand-eberlestock","7":"product_cat-kuprines","9":"first","10":"outofstock","11":"taxable","12":"shipping-taxable","13":"purchasable","14":"product-type-simple"},"acf":[],"_links":{"self":[{"href":"https:\/\/nbg.eu\/lt\/wp-json\/wp\/v2\/product\/751395","targetHints":{"allow":["GET"]}}],"collection":[{"href":"https:\/\/nbg.eu\/lt\/wp-json\/wp\/v2\/product"}],"about":[{"href":"https:\/\/nbg.eu\/lt\/wp-json\/wp\/v2\/types\/product"}],"wp:featuredmedia":[{"embeddable":true,"href":"https:\/\/nbg.eu\/lt\/wp-json\/wp\/v2\/media\/751396"}],"wp:attachment":[{"href":"https:\/\/nbg.eu\/lt\/wp-json\/wp\/v2\/media?parent=751395"}],"wp:term":[{"taxonomy":"product_brand","embeddable":true,"href":"https:\/\/nbg.eu\/lt\/wp-json\/wp\/v2\/product_brand?post=751395"},{"taxonomy":"product_cat","embeddable":true,"href":"https:\/\/nbg.eu\/lt\/wp-json\/wp\/v2\/product_cat?post=751395"},{"taxonomy":"product_tag","embeddable":true,"href":"https:\/\/nbg.eu\/lt\/wp-json\/wp\/v2\/product_tag?post=751395"}],"curies":[{"name":"wp","href":"https:\/\/api.w.org\/{rel}","templated":true}]}}