{"id":751478,"date":"2026-04-24T11:17:58","date_gmt":"2026-04-24T08:17:58","guid":{"rendered":"https:\/\/nbg.eu\/product\/eberlestock-p12-knee-pad-2-vnt-rinkinys\/"},"modified":"2026-04-24T12:08:55","modified_gmt":"2026-04-24T09:08:55","slug":"eberlestock-p12-knee-pad-2-vnt-rinkinys","status":"publish","type":"product","link":"https:\/\/nbg.eu\/lt\/produktas\/eberlestock-p12-knee-pad-2-vnt-rinkinys\/","title":{"rendered":"Eberlestock P12 Knee Pad 2 vnt. rinkinys"},"content":{"rendered":"<h2>Eberlestock P12 Knee Pad 2 vnt. rinkinys<\/h2>\n<p>Eberlestock P12 Knee Pad rinkinys u\u017etikrina esmin\u0119 keli\u0173 apsaug\u0105 ilgalaik\u0117ms lauko operacijoms, \u0161audymo pozicijoms ir taktin\u0117ms reikm\u0117ms. Parduodamas kaip 2 vienet\u0173 rinkinys, \u0161ie keli\u0173 apsaugai skirti \u012fd\u0117klai sukurti integruotis su suderinamomis Eberlestock keln\u0117mis ir \u012franga, si\u016blydami lengv\u0105 komfort\u0105 ir apsaug\u0105 nuo sm\u016bgi\u0173, kai to labiausiai reikia.<\/p>\n<h3>Pagrindin\u0117s savyb\u0117s<\/h3>\n<ul>\n<li>Set of 2 knee pads<\/li>\n<li>Eberlestock pants compatible<\/li>\n<li>Lightweight construction<\/li>\n<li>Impact-absorbing foam<\/li>\n<li>Ergonomic design<\/li>\n<li>Eberlestock Lifetime Warranty<\/li>\n<\/ul>\n<h3>Specifikacijos<\/h3>\n<table>\n<tr>\n<td><strong>Kiekis<\/strong><\/td>\n<td>2<\/td>\n<\/tr>\n<tr>\n<td><strong>Suderinamumas<\/strong><\/td>\n<td>Eberlestock tactical pants<\/td>\n<\/tr>\n<tr>\n<td><strong>Gamintojas<\/strong><\/td>\n<td>Eberlestock (Veteran\u0173 \u012fmon\u0117)<\/td>\n<\/tr>\n<\/table>\n","protected":false},"excerpt":{"rendered":"<p>Eberlestock P12 Knee Pad rinkinys u\u017etikrina esmin\u0119 keli\u0173 apsaug\u0105 ilgalaik\u0117ms lauko operacijoms, \u0161audymo pozicijoms ir taktin\u0117ms reikm\u0117ms. Parduodamas kaip 2 vienet\u0173 rinkinys, \u0161ie keli\u0173 apsaugai skirti \u012fd\u0117klai sukurti integruotis su suderinamomis Eberlestock keln\u0117mis ir \u012franga, si\u016blydami lengv\u0105 komfort\u0105 ir apsaug\u0105 nuo sm\u016bgi\u0173, kai to labiausiai reikia.<\/p>\n","protected":false},"featured_media":751553,"template":"","meta":{"_acf_changed":false},"product_brand":[15146],"product_cat":[13749],"product_tag":[],"class_list":{"0":"post-751478","1":"product","2":"type-product","3":"status-publish","4":"has-post-thumbnail","6":"product_brand-eberlestock","7":"product_cat-iranga","9":"first","10":"instock","11":"taxable","12":"shipping-taxable","13":"purchasable","14":"product-type-simple"},"acf":[],"_links":{"self":[{"href":"https:\/\/nbg.eu\/lt\/wp-json\/wp\/v2\/product\/751478","targetHints":{"allow":["GET"]}}],"collection":[{"href":"https:\/\/nbg.eu\/lt\/wp-json\/wp\/v2\/product"}],"about":[{"href":"https:\/\/nbg.eu\/lt\/wp-json\/wp\/v2\/types\/product"}],"wp:featuredmedia":[{"embeddable":true,"href":"https:\/\/nbg.eu\/lt\/wp-json\/wp\/v2\/media\/751553"}],"wp:attachment":[{"href":"https:\/\/nbg.eu\/lt\/wp-json\/wp\/v2\/media?parent=751478"}],"wp:term":[{"taxonomy":"product_brand","embeddable":true,"href":"https:\/\/nbg.eu\/lt\/wp-json\/wp\/v2\/product_brand?post=751478"},{"taxonomy":"product_cat","embeddable":true,"href":"https:\/\/nbg.eu\/lt\/wp-json\/wp\/v2\/product_cat?post=751478"},{"taxonomy":"product_tag","embeddable":true,"href":"https:\/\/nbg.eu\/lt\/wp-json\/wp\/v2\/product_tag?post=751478"}],"curies":[{"name":"wp","href":"https:\/\/api.w.org\/{rel}","templated":true}]}}