{"id":754644,"date":"2026-04-22T14:07:01","date_gmt":"2026-04-22T11:07:01","guid":{"rendered":"https:\/\/nbg.eu\/product\/federal-fusion-460-sw-mag-260-grain-medziokles-saudmenys\/"},"modified":"2026-04-29T14:34:36","modified_gmt":"2026-04-29T11:34:36","slug":"federal-fusion-460-sw-mag-260-grain-medziokles-saudmenys","status":"publish","type":"product","link":"https:\/\/nbg.eu\/lt\/produktas\/federal-fusion-460-sw-mag-260-grain-medziokles-saudmenys\/","title":{"rendered":"Federal Fusion .460 S&amp;W Mag 260 grain \u2014 med\u017eiokl\u0117s \u0161audmenys"},"content":{"rendered":"<h2>Federal Fusion .460 S&amp;W Mag 260 grain<\/h2>\n<p>Federal Fusion .460 S&amp;W Magnum 260 grain yra vieni i\u0161 efektyviausi\u0173 pistoleto kalibro med\u017eiokl\u0117s \u0161audmen\u0173 rinkoje. .460 S&amp;W Magnum \u0161ovinys, sukurtas Smith &amp; Wesson ir Federal bendradarbiavimu, yra vienas i\u0161 galingiausi\u0173 prieinam\u0173 gamykloje pagamint\u0173 pistoleto \u0161ovini\u0173. Sujungtas su Federal Fusion kulkos technologija, \u0161ie \u0161audmenys tinka rimtam dideliam \u017ev\u0117ries med\u017eioklei.<\/p>\n<h3>.460 S&amp;W Magnum na\u0161umas<\/h3>\n<p>.460 S&amp;W Magnum si\u016blo beveik .30-30 Winchester lygio balistin\u012f na\u0161um\u0105 pistoleto platformoje. Su 260 grain Fusion kulka pradinis greitis gali vir\u0161yti 2000 fps, kas yra i\u0161skirtinis pistoletui \u2014 i\u0161 8&#8243; Smith &amp; Wesson Performance Center revolverio.<\/p>\n<h3>Fusion kulkos technologija<\/h3>\n<p>Federal nuosava molekuliniu b\u016bdu sujungta Fusion kulka u\u017etikrina, kad kulka lieka nepakitusi sm\u016bgio metu. Molekuliniu b\u016bdu sujungtas vario apvalkalas ir \u0161vino \u0161erdis negali atsiskirti \u2014 kas yra kriti\u0161ka patikimam ir nusp\u0117jamam pl\u0117timui ir prasiskverbimui. Tai ypa\u010d svarbu, kai med\u017eiojate ant pistoleto platformos didel\u012f \u017ev\u0117r\u012f.<\/p>\n<h3>260 grain svoris<\/h3>\n<p>260 grain svoris subalansuoja tarp grei\u010dio, plok\u0161tesn\u0117s trajektorijos ir prasiskverbimo. Pakankamai sunkus patikimam vidutinio ir didelio \u017ev\u0117ries u\u017emu\u0161imui, tuo pat metu pakankamai greitas efektyvaus atstumo i\u0161laikymui. Idealus elniui, juodajam lokiui ir pana\u0161iam vidutinio iki didelio \u0160iaur\u0117s Amerikos \u017ev\u0117riui.<\/p>\n<h3>Pistoleto ir karabino platformos<\/h3>\n<p>.460 S&amp;W Magnum i\u0161 prad\u017ei\u0173 buvo sukurtas Smith &amp; Wesson X-Frame revolveriams (kaip Performance Center 460 modelis), bet kalibras taip pat suderinamas su tam tikrais pritaikytais karabinais. Karabine greitis gali b\u016bti \u017eymiai didesnis, suteikiant i\u0161pl\u0117st\u0105 atstum\u0105.<\/p>\n<h3>Specifikacijos<\/h3>\n<table>\n<tr>\n<th>Kalibras<\/th>\n<td>.460 S&amp;W Magnum<\/td>\n<\/tr>\n<tr>\n<th>Kulkos svoris<\/th>\n<td>260 grain<\/td>\n<\/tr>\n<tr>\n<th>Kulkos tipas<\/th>\n<td>Federal Fusion molekuliniu b\u016bdu sujungta<\/td>\n<\/tr>\n<tr>\n<th>Apvalkalas<\/th>\n<td>Galvanizuotas varis<\/td>\n<\/tr>\n<tr>\n<th>\u0160erdis<\/th>\n<td>Molekuliniu b\u016bdu sujungta \u0161vinas<\/td>\n<\/tr>\n<tr>\n<th>T\u016bta<\/th>\n<td>\u017dalvaris, Boxer kapsul\u0117<\/td>\n<\/tr>\n<tr>\n<th>Pakuot\u0117<\/th>\n<td>20 \u0161ovini\u0173 \/ d\u0117\u017eut\u0117<\/td>\n<\/tr>\n<tr>\n<th>Naudojimas<\/th>\n<td>Didelis \u017ev\u0117ries med\u017eiokl\u0117 pistoletu ar karabinu<\/td>\n<\/tr>\n<\/table>\n","protected":false},"excerpt":{"rendered":"<p>Federal Fusion .460 S&amp;W Magnum 260 grain med\u017eiokl\u0117s \u0161audmenys revolveriui ar karabinui. Nuosava molekuliniu b\u016bdu sujungta Fusion kulka su kontroliuojamu pl\u0117timu ir giliu prasiskverbimu didelio \u017ev\u0117ries med\u017eioklei .460 S&amp;W magnum platformose.<\/p>\n","protected":false},"featured_media":754645,"template":"","meta":{"_acf_changed":false},"product_brand":[16239],"product_cat":[13694,13734,13744],"product_tag":[],"class_list":{"0":"post-754644","1":"product","2":"type-product","3":"status-publish","4":"has-post-thumbnail","6":"product_brand-federal","7":"product_cat-licencijuotas","8":"product_cat-pistoletu-saudmenys","9":"product_cat-saudmenys","11":"first","12":"instock","13":"taxable","14":"shipping-taxable","15":"product-type-simple"},"acf":[],"_links":{"self":[{"href":"https:\/\/nbg.eu\/lt\/wp-json\/wp\/v2\/product\/754644","targetHints":{"allow":["GET"]}}],"collection":[{"href":"https:\/\/nbg.eu\/lt\/wp-json\/wp\/v2\/product"}],"about":[{"href":"https:\/\/nbg.eu\/lt\/wp-json\/wp\/v2\/types\/product"}],"wp:featuredmedia":[{"embeddable":true,"href":"https:\/\/nbg.eu\/lt\/wp-json\/wp\/v2\/media\/754645"}],"wp:attachment":[{"href":"https:\/\/nbg.eu\/lt\/wp-json\/wp\/v2\/media?parent=754644"}],"wp:term":[{"taxonomy":"product_brand","embeddable":true,"href":"https:\/\/nbg.eu\/lt\/wp-json\/wp\/v2\/product_brand?post=754644"},{"taxonomy":"product_cat","embeddable":true,"href":"https:\/\/nbg.eu\/lt\/wp-json\/wp\/v2\/product_cat?post=754644"},{"taxonomy":"product_tag","embeddable":true,"href":"https:\/\/nbg.eu\/lt\/wp-json\/wp\/v2\/product_tag?post=754644"}],"curies":[{"name":"wp","href":"https:\/\/api.w.org\/{rel}","templated":true}]}}