{"id":754650,"date":"2026-04-22T14:07:04","date_gmt":"2026-04-22T11:07:04","guid":{"rendered":"https:\/\/nbg.eu\/product\/remington-core-lokt-45-70-gov-405-grain-medziokles-saudmenys\/"},"modified":"2026-04-29T14:37:14","modified_gmt":"2026-04-29T11:37:14","slug":"remington-core-lokt-45-70-gov-405-grain-medziokles-saudmenys","status":"publish","type":"product","link":"https:\/\/nbg.eu\/lt\/produktas\/remington-core-lokt-45-70-gov-405-grain-medziokles-saudmenys\/","title":{"rendered":"Remington Core-Lokt .45-70 Gov 405 grain \u2014 med\u017eiokl\u0117s \u0161audmenys"},"content":{"rendered":"<h2>Remington Core-Lokt .45-70 Gov 405 grain<\/h2>\n<p>Remington Core-Lokt yra pasaulyje gerbiama med\u017eiokl\u0117s \u0161audmen\u0173 \u0161eima \u2014 da\u017enai vadinama &#8222;med\u017eiotojo kulka&#8221;. Pristatyta 1939 m., Core-Lokt dizainas turi vien\u0105 i\u0161 ilgiausi\u0173 ir geriausiai dokumentuot\u0173 med\u017eiokl\u0117s s\u0117km\u0117s \u012fra\u0161\u0173 bet kurios kulkos rinkoje. .45-70 Government 405 grain versija yra tradicinio med\u017eiokl\u0117s svorio spektro sunkesniame gale, ideali dideliam \u017ev\u0117riui.<\/p>\n<h3>Core-Lokt kulkos technologija<\/h3>\n<p>Remington Core-Lokt dizainas sujungia \u0161vino \u0161erd\u012f su specialiai kalibruotu vario apvalkalu. Apvalkalas turi suprojektuot\u0105 storio profil\u012f, kuris leid\u017eia kulkai kontroliuojamai pl\u0117stis sm\u016bgio metu, tuo pat metu apvalkalas ir \u0161erdis lieka kartu prasiskverbimo metu. Tai rei\u0161kia, kad kulka perduoda reik\u0161ming\u0105 energij\u0105 taikiniui, tuo pat metu suteikdama gil\u0173 prasiskverbim\u0105 \u2014 kriti\u0161kai svarbu dideliam \u017ev\u0117riui.<\/p>\n<h3>405 grain svoris<\/h3>\n<p>405 grain yra .45-70 kalibro klasikinis svoris. Tai tradicinis svoris, sukurtas originaliems .45-70 Springfield-Trapdoor \u0161autuvams, ir tai, kas apibr\u0117\u017eia kalibro karin\u012f ir med\u017eiokl\u0117s palikim\u0105. 405 grain svoris u\u017etikrina maksimal\u0173 prasiskverbimo gyl\u012f ir patikimiausi\u0105 u\u017emu\u0161im\u0105 did\u017eiausiam \u017ev\u0117riui.<\/p>\n<h3>Klasikinis med\u017eiokl\u0117s na\u0161umas<\/h3>\n<p>Remington Core-Lokt .45-70 405 grain yra ideali dideliam \u017ev\u0117riui: lokiui, bried\u017eiui, taurusis elniui ir kitam dideliam \u0160iaur\u0117s Amerikos \u017ev\u0117riui. Kalibro tradicinis atstumas yra 100 jard\u0173 ribose, kur Core-Lokt kulka nuosekliai pristato patikimus rezultatus. Sunkesn\u0117 kulka veikia geriausiai .45-70 galimo \u017ev\u0117ries atstumo vir\u0161\u016bn\u0117je.<\/p>\n<h3>Med\u017eiotoj\u0173 pasitik\u0117jimo pasirinkimas<\/h3>\n<p>Remington Core-Lokt jau de\u0161imtme\u010dius yra komercin\u0117 s\u0117km\u0117 med\u017eiokl\u0117s \u0161audmen\u0173 rinkoje. Med\u017eiotoj\u0173 kartos pasitiki Core-Lokt kulka \u2014 d\u0117l reto patikimumo, efektyvumo ir vert\u0117s derinio.<\/p>\n<h3>Specifikacijos<\/h3>\n<table>\n<tr>\n<th>Kalibras<\/th>\n<td>.45-70 Government<\/td>\n<\/tr>\n<tr>\n<th>Kulkos svoris<\/th>\n<td>405 grain<\/td>\n<\/tr>\n<tr>\n<th>Kulkos tipas<\/th>\n<td>Remington Core-Lokt SP (Soft Point)<\/td>\n<\/tr>\n<tr>\n<th>Apvalkalas<\/th>\n<td>Varis<\/td>\n<\/tr>\n<tr>\n<th>\u0160erdis<\/th>\n<td>\u0160vinas<\/td>\n<\/tr>\n<tr>\n<th>T\u016bta<\/th>\n<td>\u017dalvaris, Boxer kapsul\u0117<\/td>\n<\/tr>\n<tr>\n<th>Pakuot\u0117<\/th>\n<td>20 \u0161ovini\u0173 \/ d\u0117\u017eut\u0117<\/td>\n<\/tr>\n<tr>\n<th>Naudojimas<\/th>\n<td>Didelis \u017ev\u0117ries med\u017eiokl\u0117 (lokys, briedis, taurusis elnis)<\/td>\n<\/tr>\n<\/table>\n","protected":false},"excerpt":{"rendered":"<p>Remington Core-Lokt .45-70 Government 405 grain klasikiniai med\u017eiokl\u0117s \u0161audmenys. Pasaulyje \u017einomiausia ir seniausia med\u017eiokl\u0117s \u0161audmen\u0173 linija su patikimu kontroliuojamu pl\u0117timu ir puikiu u\u017emu\u0161imo efektyvumu didelio \u017ev\u0117ries med\u017eioklei.<\/p>\n","protected":false},"featured_media":754651,"template":"","meta":{"_acf_changed":false},"product_brand":[16241],"product_cat":[13694,13744,13754],"product_tag":[],"class_list":{"0":"post-754650","1":"product","2":"type-product","3":"status-publish","4":"has-post-thumbnail","6":"product_brand-remington","7":"product_cat-licencijuotas","8":"product_cat-saudmenys","9":"product_cat-sautuvu-saudmenys","11":"first","12":"instock","13":"taxable","14":"shipping-taxable","15":"product-type-simple"},"acf":[],"_links":{"self":[{"href":"https:\/\/nbg.eu\/lt\/wp-json\/wp\/v2\/product\/754650","targetHints":{"allow":["GET"]}}],"collection":[{"href":"https:\/\/nbg.eu\/lt\/wp-json\/wp\/v2\/product"}],"about":[{"href":"https:\/\/nbg.eu\/lt\/wp-json\/wp\/v2\/types\/product"}],"wp:featuredmedia":[{"embeddable":true,"href":"https:\/\/nbg.eu\/lt\/wp-json\/wp\/v2\/media\/754651"}],"wp:attachment":[{"href":"https:\/\/nbg.eu\/lt\/wp-json\/wp\/v2\/media?parent=754650"}],"wp:term":[{"taxonomy":"product_brand","embeddable":true,"href":"https:\/\/nbg.eu\/lt\/wp-json\/wp\/v2\/product_brand?post=754650"},{"taxonomy":"product_cat","embeddable":true,"href":"https:\/\/nbg.eu\/lt\/wp-json\/wp\/v2\/product_cat?post=754650"},{"taxonomy":"product_tag","embeddable":true,"href":"https:\/\/nbg.eu\/lt\/wp-json\/wp\/v2\/product_tag?post=754650"}],"curies":[{"name":"wp","href":"https:\/\/api.w.org\/{rel}","templated":true}]}}