{"id":755434,"date":"2026-05-13T13:36:35","date_gmt":"2026-05-13T10:36:35","guid":{"rendered":"https:\/\/nbg.eu\/product\/detuve-asc-ar-15-223-rem-enhanced-10-soviniu\/"},"modified":"2026-05-13T14:49:15","modified_gmt":"2026-05-13T11:49:15","slug":"detuve-asc-ar-15-223-rem-enhanced-10-soviniu","status":"publish","type":"product","link":"https:\/\/nbg.eu\/lt\/produktas\/detuve-asc-ar-15-223-rem-enhanced-10-soviniu\/","title":{"rendered":"D\u0117tuv\u0117 ASC AR-15 .223 Rem Enhanced 10 \u0161ovini\u0173"},"content":{"rendered":"<h2>D\u0117tuv\u0117 ASC AR-15 .223 Rem Enhanced 10 \u0161ovini\u0173<\/h2>\n<p>Patobulinta AR-15 ASC d\u0117tuv\u0117 pagaminta i\u0161 ner\u016bdijan\u010dio plieno 410, su chromo-silicio spyruokle ir auk\u0161tai temperat\u016brai atspariu polimeriniu tiektuvu patikimam .223 Remington tiekimui. Atitinka 10 \u0161ovini\u0173 talpos apribojim\u0105.<\/p>\n<h3>Pagrindin\u0117s savyb\u0117s<\/h3>\n<ul>\n<li>10 \u0161ovini\u0173 (riboto paj\u0117gumo)<\/li>\n<li>Ner\u016bdijan\u010dio plieno 410 korpusas<\/li>\n<li>Chromo-silicio spyruokl\u0117<\/li>\n<li>Pati pasitepa polimerin\u0117 tiektuvas<\/li>\n<li>Tinka visiems standartiniams AR-15 lower receiver<\/li>\n<\/ul>\n<h3>Specifikacijos<\/h3>\n<table>\n<tr>\n<td><strong>Kalibras<\/strong><\/td>\n<td>.223 Remington<\/td>\n<\/tr>\n<tr>\n<td><strong>Talpa<\/strong><\/td>\n<td>10 \u0161ovini\u0173<\/td>\n<\/tr>\n<tr>\n<td><strong>Med\u017eiaga<\/strong><\/td>\n<td>Ner\u016bdijantis plienas 410<\/td>\n<\/tr>\n<tr>\n<td><strong>Gamintojas<\/strong><\/td>\n<td>ASC (USA)<\/td>\n<\/tr>\n<\/table>\n","protected":false},"excerpt":{"rendered":"<p>10 \u0161ovini\u0173 AR-15 d\u0117tuv\u0117 kalibre .223 Rem i\u0161 ASC (Ammunition Storage Components). Patobulinta ner\u016bdijan\u010dio plieno 410 konstrukcija su polimeriniu tiektuvu.<\/p>\n","protected":false},"featured_media":755856,"template":"","meta":{"_acf_changed":false},"product_brand":[],"product_cat":[13694,13741,13748],"product_tag":[],"class_list":{"0":"post-755434","1":"product","2":"type-product","3":"status-publish","4":"has-post-thumbnail","6":"product_cat-licencijuotas","7":"product_cat-sautuvas","8":"product_cat-sautuvu-detuves","10":"first","11":"instock","12":"taxable","13":"shipping-taxable","14":"product-type-simple"},"acf":[],"_links":{"self":[{"href":"https:\/\/nbg.eu\/lt\/wp-json\/wp\/v2\/product\/755434","targetHints":{"allow":["GET"]}}],"collection":[{"href":"https:\/\/nbg.eu\/lt\/wp-json\/wp\/v2\/product"}],"about":[{"href":"https:\/\/nbg.eu\/lt\/wp-json\/wp\/v2\/types\/product"}],"wp:featuredmedia":[{"embeddable":true,"href":"https:\/\/nbg.eu\/lt\/wp-json\/wp\/v2\/media\/755856"}],"wp:attachment":[{"href":"https:\/\/nbg.eu\/lt\/wp-json\/wp\/v2\/media?parent=755434"}],"wp:term":[{"taxonomy":"product_brand","embeddable":true,"href":"https:\/\/nbg.eu\/lt\/wp-json\/wp\/v2\/product_brand?post=755434"},{"taxonomy":"product_cat","embeddable":true,"href":"https:\/\/nbg.eu\/lt\/wp-json\/wp\/v2\/product_cat?post=755434"},{"taxonomy":"product_tag","embeddable":true,"href":"https:\/\/nbg.eu\/lt\/wp-json\/wp\/v2\/product_tag?post=755434"}],"curies":[{"name":"wp","href":"https:\/\/api.w.org\/{rel}","templated":true}]}}