{"id":755641,"date":"2026-05-13T13:36:47","date_gmt":"2026-05-13T10:36:47","guid":{"rendered":"https:\/\/nbg.eu\/product\/detuve-shield-arms-43x-48-9mm-15-soviniu\/"},"modified":"2026-05-13T14:51:19","modified_gmt":"2026-05-13T11:51:19","slug":"detuve-shield-arms-43x-48-9mm-15-soviniu","status":"publish","type":"product","link":"https:\/\/nbg.eu\/lt\/produktas\/detuve-shield-arms-43x-48-9mm-15-soviniu\/","title":{"rendered":"D\u0117tuv\u0117 Shield Arms 43X\/48 9mm 15 \u0161ovini\u0173"},"content":{"rendered":"<h2>D\u0117tuv\u0117 Shield Arms 43X\/48 9mm 15 \u0161ovini\u0173<\/h2>\n<p>Shield Arms S15 d\u0117tuv\u0117 paver\u010dia Glock 43X ir Glock 48 i\u0161 10 \u0161ovini\u0173 single-stack pistolet\u0173 \u012f 15 \u0161ovini\u0173 double-stack ne\u0161iojamus pistoletus &#8211; nedidinant rankenos matmen\u0173. Pagaminta i\u0161 termi\u0161kai apdoroto plieno su savosios tepimo polimeriniu tiektuvu.<\/p>\n<h3>Pagrindin\u0117s savyb\u0117s<\/h3>\n<ul>\n<li>15 \u0161ovini\u0173 talpa originalioje rankenoje<\/li>\n<li>Termi\u0161kai apdoroto plieno korpusas<\/li>\n<li>Drop-free dizainas<\/li>\n<li>Savosios tepimo polimerin\u0117 tiektuvas<\/li>\n<li>Rekomenduojama su Shield Arms plieno d\u0117tuv\u0117s fiksatoriumi (parduodama atskirai)<\/li>\n<\/ul>\n<h3>Specifikacijos<\/h3>\n<table>\n<tr>\n<td><strong>Kalibras<\/strong><\/td>\n<td>9mm Luger<\/td>\n<\/tr>\n<tr>\n<td><strong>Talpa<\/strong><\/td>\n<td>15 \u0161ovini\u0173<\/td>\n<\/tr>\n<tr>\n<td><strong>Tinka<\/strong><\/td>\n<td>Glock 43X \/ Glock 48<\/td>\n<\/tr>\n<tr>\n<td><strong>Med\u017eiaga<\/strong><\/td>\n<td>Termi\u0161kai apdorotas plienas<\/td>\n<\/tr>\n<tr>\n<td><strong>Gamintojas<\/strong><\/td>\n<td>Shield Arms (USA)<\/td>\n<\/tr>\n<\/table>\n","protected":false},"excerpt":{"rendered":"<p>15 \u0161ovini\u0173 9mm d\u0117tuv\u0117 Glock 43X ir Glock 48 i\u0161 Shield Arms. Plieno konstrukcija beveik dvigubai padidina gamyklin\u0119 talp\u0105.<\/p>\n","protected":false},"featured_media":756312,"template":"","meta":{"_acf_changed":false},"product_brand":[],"product_cat":[13694,13711,13687],"product_tag":[],"class_list":{"0":"post-755641","1":"product","2":"type-product","3":"status-publish","4":"has-post-thumbnail","6":"product_cat-licencijuotas","7":"product_cat-pistoletas","8":"product_cat-pistoletu-dalys","10":"first","11":"instock","12":"taxable","13":"shipping-taxable","14":"product-type-simple"},"acf":[],"_links":{"self":[{"href":"https:\/\/nbg.eu\/lt\/wp-json\/wp\/v2\/product\/755641","targetHints":{"allow":["GET"]}}],"collection":[{"href":"https:\/\/nbg.eu\/lt\/wp-json\/wp\/v2\/product"}],"about":[{"href":"https:\/\/nbg.eu\/lt\/wp-json\/wp\/v2\/types\/product"}],"wp:featuredmedia":[{"embeddable":true,"href":"https:\/\/nbg.eu\/lt\/wp-json\/wp\/v2\/media\/756312"}],"wp:attachment":[{"href":"https:\/\/nbg.eu\/lt\/wp-json\/wp\/v2\/media?parent=755641"}],"wp:term":[{"taxonomy":"product_brand","embeddable":true,"href":"https:\/\/nbg.eu\/lt\/wp-json\/wp\/v2\/product_brand?post=755641"},{"taxonomy":"product_cat","embeddable":true,"href":"https:\/\/nbg.eu\/lt\/wp-json\/wp\/v2\/product_cat?post=755641"},{"taxonomy":"product_tag","embeddable":true,"href":"https:\/\/nbg.eu\/lt\/wp-json\/wp\/v2\/product_tag?post=755641"}],"curies":[{"name":"wp","href":"https:\/\/api.w.org\/{rel}","templated":true}]}}