{"id":83582,"date":"2024-11-01T17:01:14","date_gmt":"2024-11-01T14:01:14","guid":{"rendered":"https:\/\/nbg.eu\/product\/sons-of-liberty-gun-works-ar-15-buffer-h2\/"},"modified":"2026-01-21T11:53:34","modified_gmt":"2026-01-21T08:53:34","slug":"sons-of-liberty-gun-works-ar-15-buffer-h2","status":"publish","type":"product","link":"https:\/\/nbg.eu\/lt\/produktas\/sons-of-liberty-gun-works-ar-15-buffer-h2\/","title":{"rendered":"Sons of Liberty Gun Works &#8211; AR 15 Buffer H2"},"content":{"rendered":"<div class=\"product-description\">\n<h2>Sons of Liberty Gun Works &#8211; AR 15 Buferis H2<\/h2>\n<p>H2 buferis i\u0161 Sons of Liberty Gun Works (SOLGW), skirtas AR-15. \u0160is atsargin\u0117 dalis u\u017etikrina optimal\u0173 \u0161aunamojo ginklo veikim\u0105.<\/p>\n<ul>\n<li>Tinka visiems AR-15 modeliams<\/li>\n<li>Pagamintas pagal tikslius matmenis<\/li>\n<li>Pa\u017eym\u0117tas lengvam svorio atpa\u017einimui<\/li>\n<li>Svoris: 4.6 uncijos<\/li>\n<li>Matmenys: 1 colis<\/li>\n<\/ul>\n<p>H2 buferis padeda palaikyti AR-15 patikimum\u0105 ir skland\u0173 veikim\u0105. \u0160is komponentas u\u017etikrina nuosekl\u0173 veikim\u0105 \u0161\u016bvis po \u0161\u016bvio.<\/p>\n<\/div>\n","protected":false},"excerpt":{"rendered":"<p>SOLGW AR-15 H2 buferis: Tiksliai pagamintas 4.6 uncij\u0173 (130 g) pakaitalas skland\u017eiam ir patikimam veikimui<\/p>\n","protected":false},"featured_media":76280,"template":"","meta":{"_acf_changed":false},"product_brand":[14580],"product_cat":[13702],"product_tag":[],"class_list":{"0":"post-83582","1":"product","2":"type-product","3":"status-publish","4":"has-post-thumbnail","6":"product_brand-sons-of-liberty-gun-works","7":"product_cat-sautuvu-derinimas","9":"first","10":"instock","11":"taxable","12":"shipping-taxable","13":"purchasable","14":"product-type-simple"},"acf":[],"_links":{"self":[{"href":"https:\/\/nbg.eu\/lt\/wp-json\/wp\/v2\/product\/83582","targetHints":{"allow":["GET"]}}],"collection":[{"href":"https:\/\/nbg.eu\/lt\/wp-json\/wp\/v2\/product"}],"about":[{"href":"https:\/\/nbg.eu\/lt\/wp-json\/wp\/v2\/types\/product"}],"wp:featuredmedia":[{"embeddable":true,"href":"https:\/\/nbg.eu\/lt\/wp-json\/wp\/v2\/media\/76280"}],"wp:attachment":[{"href":"https:\/\/nbg.eu\/lt\/wp-json\/wp\/v2\/media?parent=83582"}],"wp:term":[{"taxonomy":"product_brand","embeddable":true,"href":"https:\/\/nbg.eu\/lt\/wp-json\/wp\/v2\/product_brand?post=83582"},{"taxonomy":"product_cat","embeddable":true,"href":"https:\/\/nbg.eu\/lt\/wp-json\/wp\/v2\/product_cat?post=83582"},{"taxonomy":"product_tag","embeddable":true,"href":"https:\/\/nbg.eu\/lt\/wp-json\/wp\/v2\/product_tag?post=83582"}],"curies":[{"name":"wp","href":"https:\/\/api.w.org\/{rel}","templated":true}]}}