{"id":83604,"date":"2024-11-27T16:26:53","date_gmt":"2024-11-27T16:26:53","guid":{"rendered":"https:\/\/nbg.eu\/product\/super-precision-t1-mount-absolute-co-witness-black\/"},"modified":"2026-05-13T15:10:11","modified_gmt":"2026-05-13T12:10:11","slug":"super-precision-t1-mount-absolute-co-witness-black","status":"publish","type":"product","link":"https:\/\/nbg.eu\/lt\/produktas\/super-precision-t1-mount-absolute-co-witness-black\/","title":{"rendered":"Geissele Red Dot Laikiklis Super Precision T1 Absolute Co-Witness &#8211; Black"},"content":{"rendered":"<h2>T1 Montavimo \u012frenginys &#8211; Absoliutus Taikiklio Suderinimas &#8211; Juodas<\/h2>\n<p>T1 Montavimo \u012frenginys skirtas Aimpoint T1 ir pana\u0161iems raudonojo ta\u0161ko optiniams taikikliams. Pagamintas i\u0161 vieno 7075-T6 aliuminio gabalo.<\/p>\n<ul>\n<li>Absoliutus taikiklio suderinimo auk\u0161tis<\/li>\n<li>Juoda 3 tipo kieto dengimo anodavimo apdaila<\/li>\n<li>Sveria 2 uncijas<\/li>\n<li>Naudoja atnaujint\u0105 Geissele ver\u017el\u0117s ir var\u017eto metod\u0105<\/li>\n<li>1,400 svar\u0173 suspaudimo j\u0117ga<\/li>\n<li>3 \u0161lyties i\u0161ky\u0161os maksimaliam stabilumui ir gr\u012f\u017eimui \u012f nulin\u0119 pad\u0117t\u012f<\/li>\n<\/ul>\n<p>T1 Montavimo \u012frenginys u\u017etikrina stabil\u0173 optikos pritvirtinim\u0105.<\/p>\n","protected":false},"excerpt":{"rendered":"<p>Tiksliai apdirbtas T1 tvirtinimas, skirtas absoliu\u010diam sutapdinimui. Patvarus aliuminis, tvirtas pritvirtinimas.<\/p>\n","protected":false},"featured_media":82496,"template":"","meta":{"_acf_changed":false},"product_brand":[11386],"product_cat":[13691,13687,13723,14921],"product_tag":[],"class_list":{"0":"post-83604","1":"product","2":"type-product","3":"status-publish","4":"has-post-thumbnail","6":"product_brand-geissele","7":"product_cat-kmr-dalys","8":"product_cat-pistoletu-dalys","9":"product_cat-pistoletu-taskikliai","10":"product_cat-red-dot-sights-mounts-lt","12":"first","13":"instock","14":"taxable","15":"shipping-taxable","16":"product-type-simple"},"acf":[],"_links":{"self":[{"href":"https:\/\/nbg.eu\/lt\/wp-json\/wp\/v2\/product\/83604","targetHints":{"allow":["GET"]}}],"collection":[{"href":"https:\/\/nbg.eu\/lt\/wp-json\/wp\/v2\/product"}],"about":[{"href":"https:\/\/nbg.eu\/lt\/wp-json\/wp\/v2\/types\/product"}],"wp:featuredmedia":[{"embeddable":true,"href":"https:\/\/nbg.eu\/lt\/wp-json\/wp\/v2\/media\/82496"}],"wp:attachment":[{"href":"https:\/\/nbg.eu\/lt\/wp-json\/wp\/v2\/media?parent=83604"}],"wp:term":[{"taxonomy":"product_brand","embeddable":true,"href":"https:\/\/nbg.eu\/lt\/wp-json\/wp\/v2\/product_brand?post=83604"},{"taxonomy":"product_cat","embeddable":true,"href":"https:\/\/nbg.eu\/lt\/wp-json\/wp\/v2\/product_cat?post=83604"},{"taxonomy":"product_tag","embeddable":true,"href":"https:\/\/nbg.eu\/lt\/wp-json\/wp\/v2\/product_tag?post=83604"}],"curies":[{"name":"wp","href":"https:\/\/api.w.org\/{rel}","templated":true}]}}