{"id":128688,"date":"2025-01-01T20:31:02","date_gmt":"2025-01-01T20:31:02","guid":{"rendered":"https:\/\/nbg.eu\/product\/area-419-tactical-one-piece-mount-diving-board\/"},"modified":"2026-01-21T11:43:17","modified_gmt":"2026-01-21T08:43:17","slug":"area-419-tactical-one-piece-mount-diving-board","status":"publish","type":"product","link":"https:\/\/nbg.eu\/lv\/product\/area-419-tactical-one-piece-mount-diving-board\/","title":{"rendered":"Area 419 &#8211; Tactical One-Piece Mount Diving Board"},"content":{"rendered":"<div class=\"product-description\">\n<h2>Area 419 &#8211; Taktiskais viengabala mont\u0101\u017eas trampl\u012bns<\/h2>\n<p>\u0160is piederums pied\u0101v\u0101 dro\u0161\u012bbu un daudzpus\u012bbu j\u016bsu optiskajai sist\u0113mai. Piem\u0113rots l\u012bme\u0146u, datu kar\u0161u, sarkano punktu un l\u0101zera t\u0101lm\u0113ru pievieno\u0161anai.<\/p>\n<h3>Galven\u0101s iez\u012bmes:<\/h3>\n<ul>\n<li>Pieejams standarta un zema augstuma variantos<\/li>\n<li>MIL-STD-1913 specifik\u0101cijas sliede (10 sloti standarta, 6 zemajam)<\/li>\n<li>III tipa ciet\u0101 anod\u0113ta melna apdare<\/li>\n<li>Fiks\u0113jamas mont\u0101\u017eas skr\u016bves vieglai uzst\u0101d\u012b\u0161anai<\/li>\n<li>CNC fr\u0113z\u0113ts Amerik\u0101 no 7075 alum\u012bnija<\/li>\n<li>Viegls dizains: 70,9 g (standarta) vai 42,5 g (zemais)<\/li>\n<\/ul>\n<p>Area 419 taktiskais viengabala mont\u0101\u017eas trampl\u012bns ir risin\u0101jums precizit\u0101tei un stabilit\u0101tei.<\/p>\n<\/div>\n","protected":false},"excerpt":{"rendered":"<p>Iztur\u012bga, daudzpus\u012bga sliede optisko t\u0113mek\u013cu stiprin\u0101jumiem. Dro\u0161a, iztur\u012bga, ra\u017eota Amerik\u0101.<\/p>\n","protected":false},"featured_media":108393,"template":"","meta":{"_acf_changed":false},"product_brand":[11043],"product_cat":[13778,13803,14900],"product_tag":[],"class_list":{"0":"post-128688","1":"product","2":"type-product","3":"status-publish","4":"has-post-thumbnail","6":"product_brand-area-419","7":"product_cat-merkesana","8":"product_cat-merkesanas-aksesuari","9":"product_cat-mounts-lv","11":"first","12":"instock","13":"taxable","14":"shipping-taxable","15":"purchasable","16":"product-type-variable","17":"wvs-archive-product-wrapper"},"acf":[],"_links":{"self":[{"href":"https:\/\/nbg.eu\/lv\/wp-json\/wp\/v2\/product\/128688","targetHints":{"allow":["GET"]}}],"collection":[{"href":"https:\/\/nbg.eu\/lv\/wp-json\/wp\/v2\/product"}],"about":[{"href":"https:\/\/nbg.eu\/lv\/wp-json\/wp\/v2\/types\/product"}],"wp:featuredmedia":[{"embeddable":true,"href":"https:\/\/nbg.eu\/lv\/wp-json\/wp\/v2\/media\/108393"}],"wp:attachment":[{"href":"https:\/\/nbg.eu\/lv\/wp-json\/wp\/v2\/media?parent=128688"}],"wp:term":[{"taxonomy":"product_brand","embeddable":true,"href":"https:\/\/nbg.eu\/lv\/wp-json\/wp\/v2\/product_brand?post=128688"},{"taxonomy":"product_cat","embeddable":true,"href":"https:\/\/nbg.eu\/lv\/wp-json\/wp\/v2\/product_cat?post=128688"},{"taxonomy":"product_tag","embeddable":true,"href":"https:\/\/nbg.eu\/lv\/wp-json\/wp\/v2\/product_tag?post=128688"}],"curies":[{"name":"wp","href":"https:\/\/api.w.org\/{rel}","templated":true}]}}