{"id":129763,"date":"2024-01-30T18:11:57","date_gmt":"2024-01-30T18:11:57","guid":{"rendered":"https:\/\/nbg.eu\/product\/area-419-tactical-one-piece-scope-mount\/"},"modified":"2026-01-21T11:35:49","modified_gmt":"2026-01-21T08:35:49","slug":"area-419-tactical-one-piece-scope-mount","status":"publish","type":"product","link":"https:\/\/nbg.eu\/lv\/product\/area-419-tactical-one-piece-scope-mount\/","title":{"rendered":"Area 419 Tactical One-Piece Scope Mount"},"content":{"rendered":"<div class=\"product-description\">\n<h2>Area 419 Taktiskais Viengabala T\u0113mek\u013ca Stiprin\u0101jums<\/h2>\n<p>Stiprin\u0101jums ar prec\u012bzi izurbtiem gredzeniem un neapstr\u0101d\u0101ta alum\u012bnija iek\u0161\u0113j\u0101m deta\u013c\u0101m nodro\u0161ina labu satv\u0113rienu optikai bez lieka svara.<\/p>\n<ul>\n<li>CNC fr\u0113z\u0113ts Amerik\u0101 no 7075 alum\u012bnija<\/li>\n<li>Neapstr\u0101d\u0101ta alum\u012bnija, prec\u012bzi urbtas t\u0113mek\u013ca kontaktvirsmas<\/li>\n<li>Vair\u0101ki piederumu stiprin\u0101\u0161anas punkti<\/li>\n<li>Atsevi\u0161\u0137as sliedes stiprin\u0101\u0161anas skavas maksim\u0101lam satv\u0113rienam<\/li>\n<li>T\u0113rauda vadtapas izl\u012bdzin\u0101\u0161anai<\/li>\n<li>Piel\u0101gotas nitrid\u0113tas ner\u016bs\u0113jo\u0161\u0101 t\u0113rauda deta\u013cas<\/li>\n<li>Patentpieteikuma ultra stingrs aug\u0161\u0113jais piederumu stiprin\u0101jums<\/li>\n<\/ul>\n<p>Pieejams da\u017e\u0101dos caurules diametros un augstumos, ar 0 MOA vai 20 MOA sl\u012bpuma iesp\u0113j\u0101m. Svars: 0,68 kg. Izm\u0113ri: 24,1 \u00d7 14,7 \u00d7 7,1 cm.<\/p>\n<\/div>\n","protected":false},"excerpt":{"rendered":"<p>Prec\u012bzi izurbtais, \u012bpa\u0161i stingrais optisk\u0101 t\u0113m\u0113k\u013ca stiprin\u0101jums nodro\u0161ina nep\u0101rsp\u0113jamu uzticam\u012bbu.<\/p>\n","protected":false},"featured_media":108368,"template":"","meta":{"_acf_changed":false},"product_brand":[11043],"product_cat":[13778,13803],"product_tag":[],"class_list":{"0":"post-129763","1":"product","2":"type-product","3":"status-publish","4":"has-post-thumbnail","6":"product_brand-area-419","7":"product_cat-merkesana","8":"product_cat-merkesanas-aksesuari","10":"first","11":"instock","12":"taxable","13":"shipping-taxable","14":"purchasable","15":"product-type-variable","16":"wvs-archive-product-wrapper"},"acf":[],"_links":{"self":[{"href":"https:\/\/nbg.eu\/lv\/wp-json\/wp\/v2\/product\/129763","targetHints":{"allow":["GET"]}}],"collection":[{"href":"https:\/\/nbg.eu\/lv\/wp-json\/wp\/v2\/product"}],"about":[{"href":"https:\/\/nbg.eu\/lv\/wp-json\/wp\/v2\/types\/product"}],"wp:featuredmedia":[{"embeddable":true,"href":"https:\/\/nbg.eu\/lv\/wp-json\/wp\/v2\/media\/108368"}],"wp:attachment":[{"href":"https:\/\/nbg.eu\/lv\/wp-json\/wp\/v2\/media?parent=129763"}],"wp:term":[{"taxonomy":"product_brand","embeddable":true,"href":"https:\/\/nbg.eu\/lv\/wp-json\/wp\/v2\/product_brand?post=129763"},{"taxonomy":"product_cat","embeddable":true,"href":"https:\/\/nbg.eu\/lv\/wp-json\/wp\/v2\/product_cat?post=129763"},{"taxonomy":"product_tag","embeddable":true,"href":"https:\/\/nbg.eu\/lv\/wp-json\/wp\/v2\/product_tag?post=129763"}],"curies":[{"name":"wp","href":"https:\/\/api.w.org\/{rel}","templated":true}]}}