{"id":130202,"date":"2024-01-30T18:12:20","date_gmt":"2024-01-30T18:12:20","guid":{"rendered":"https:\/\/nbg.eu\/product\/area-419-cantilevered-tactical-one-piece-scope-mount\/"},"modified":"2026-01-21T12:34:17","modified_gmt":"2026-01-21T09:34:17","slug":"area-419-cantilevered-tactical-one-piece-scope-mount","status":"publish","type":"product","link":"https:\/\/nbg.eu\/lv\/product\/area-419-cantilevered-tactical-one-piece-scope-mount\/","title":{"rendered":"Area 419 Cantilevered Tactical One-Piece Scope Mount"},"content":{"rendered":"<div class=\"product-description\">\n<h2>Area 419 Konsoles tipa taktiskais vien\u0101 gabal\u0101 veidotais t\u0113m\u0113k\u013ca stiprin\u0101jums<\/h2>\n<p>Area 419 Konsoles tipa taktiskais vien\u0101 gabal\u0101 veidotais t\u0113m\u0113k\u013ca stiprin\u0101jums nodro\u0161ina uzticam\u012bbu un konsekvenci. \u0160is stiprin\u0101jums pied\u0101v\u0101 dro\u0161u satv\u0113rienu j\u016bsu optikai.<\/p>\n<h2>Ra\u017eo\u0161anas process<\/h2>\n<ul>\n<li>CNC fr\u0113z\u0113ts Amerik\u0101 no 7075 alum\u012bnija<\/li>\n<li>Gal\u012bg\u0101 urb\u0161ana komplektos prec\u012bzai sal\u0101go\u0161anai<\/li>\n<li>Neapstr\u0101d\u0101ta alum\u012bnija, prec\u012bzi urbtas t\u0113m\u0113k\u013ca kontaktvirsmas maksim\u0101lam satv\u0113rienam<\/li>\n<li>P\u0113c urb\u0161anas nekad piln\u012bb\u0101 neizjaukts, nodro\u0161inot perfektu sader\u012bbu<\/li>\n<\/ul>\n<h2>Galven\u0101s iez\u012bmes<\/h2>\n<ul>\n<li>Viegla konstrukcija: 8-9 unces katram stiprin\u0101jumam<\/li>\n<li>Vair\u0101ki papildpiederumu stiprin\u0101\u0161anas punkti<\/li>\n<li>Atsevi\u0161\u0137as sliedes stiprin\u0101\u0161anas skavas maksim\u0101lai satverei uz Picatinny sliedes<\/li>\n<li>Iegremd\u0113tas stiprin\u0101\u0161anas k\u0101jas maksim\u0101lai mont\u0101\u017eas piel\u0101go\u0161anai<\/li>\n<li>T\u0113rauda vadtapas starp pamatni un v\u0101ci\u0146iem prec\u012bzai sal\u0101go\u0161anai<\/li>\n<li>Piel\u0101gota nitr\u0113ta ner\u016bs\u0113jo\u0161\u0101 t\u0113rauda aparat\u016bra<\/li>\n<li>Patentpieteikuma stadij\u0101 eso\u0161a \u012bpa\u0161i stingra un atk\u0101rtojama aug\u0161\u0113j\u0101 papildpiederumu piestiprin\u0101\u0161ana<\/li>\n<\/ul>\n<h2>Specifik\u0101cijas<\/h2>\n<ul>\n<li>Svars: 1.5 m\u0101rci\u0146as<\/li>\n<li>Izm\u0113ri: 9.5 \u00d7 5.8 \u00d7 2.8 collas<\/li>\n<li>Caurules diametra opcijas: 30mm, 34mm, 35mm, 36mm<\/li>\n<li>Augstuma opcijas: 34mm (1.34&#8243;), 39mm (1.54&#8243;)<\/li>\n<li>Sl\u012bpuma opcijas: 0 MOA, 20 MOA (5.8 MIL)<\/li>\n<\/ul>\n<p>M\u016bsu ra\u017eo\u0161anas process ir veidots, lai rad\u012btu t\u0113m\u0113k\u013ca stiprin\u0101jumu, kas atbilst augst\u0101kajiem kvalit\u0101tes un veiktsp\u0113jas standartiem.<\/p>\n<\/div>\n","protected":false},"excerpt":{"rendered":"<p>Prec\u012bzi izstr\u0101d\u0101ts t\u0113mek\u013ca stiprin\u0101jums: iztur\u012bgs, viegls, ar prec\u012bzi piel\u0101gotiem gredzeniem maksim\u0101lai precizit\u0101tei.<\/p>\n","protected":false},"featured_media":108740,"template":"","meta":{"_acf_changed":false},"product_brand":[11043],"product_cat":[13778,13803],"product_tag":[],"class_list":{"0":"post-130202","1":"product","2":"type-product","3":"status-publish","4":"has-post-thumbnail","6":"product_brand-area-419","7":"product_cat-merkesana","8":"product_cat-merkesanas-aksesuari","10":"first","11":"instock","12":"taxable","13":"shipping-taxable","14":"purchasable","15":"product-type-variable","16":"wvs-archive-product-wrapper"},"acf":[],"_links":{"self":[{"href":"https:\/\/nbg.eu\/lv\/wp-json\/wp\/v2\/product\/130202","targetHints":{"allow":["GET"]}}],"collection":[{"href":"https:\/\/nbg.eu\/lv\/wp-json\/wp\/v2\/product"}],"about":[{"href":"https:\/\/nbg.eu\/lv\/wp-json\/wp\/v2\/types\/product"}],"wp:featuredmedia":[{"embeddable":true,"href":"https:\/\/nbg.eu\/lv\/wp-json\/wp\/v2\/media\/108740"}],"wp:attachment":[{"href":"https:\/\/nbg.eu\/lv\/wp-json\/wp\/v2\/media?parent=130202"}],"wp:term":[{"taxonomy":"product_brand","embeddable":true,"href":"https:\/\/nbg.eu\/lv\/wp-json\/wp\/v2\/product_brand?post=130202"},{"taxonomy":"product_cat","embeddable":true,"href":"https:\/\/nbg.eu\/lv\/wp-json\/wp\/v2\/product_cat?post=130202"},{"taxonomy":"product_tag","embeddable":true,"href":"https:\/\/nbg.eu\/lv\/wp-json\/wp\/v2\/product_tag?post=130202"}],"curies":[{"name":"wp","href":"https:\/\/api.w.org\/{rel}","templated":true}]}}