{"id":131315,"date":"2024-11-02T06:45:52","date_gmt":"2024-11-02T06:45:52","guid":{"rendered":"https:\/\/nbg.eu\/product\/sprinco-usa-spring-kit-xp-buffer-spring-enhanced-4coil-bolt-extractor-spring\/"},"modified":"2026-01-21T12:05:17","modified_gmt":"2026-01-21T09:05:17","slug":"sprinco-usa-spring-kit-xp-buffer-spring-enhanced-4coil-bolt-extractor-spring","status":"publish","type":"product","link":"https:\/\/nbg.eu\/lv\/product\/sprinco-usa-spring-kit-xp-buffer-spring-enhanced-4coil-bolt-extractor-spring\/","title":{"rendered":"SPRINCO USA Spring Kit-XP Buffer Spring &amp; Enhanced 4Coil Bolt Extractor Spring"},"content":{"rendered":"<div class=\"product-description\">\n<h2>SPRINCO USA atsperu komplekts &#8211; XP bufera atspere un uzlabota 4 vijumu stobra ekstrakcijas atspere<\/h2>\n<p>SPRINCO USA atsperu komplekts ietver:<\/p>\n<ul>\n<li>Paaugstin\u0101tas jaudas bufera atspere (sarkana)<\/li>\n<li>Uzlabota 4 vijumu stobra ekstrakcijas atspere<\/li>\n<\/ul>\n<p>Izstr\u0101d\u0101ts 2006. gad\u0101 Sp\u0113ku moderniz\u0101cijas komandai, \u0161is komplekts risina M4 karab\u012bnes uzticam\u012bbas probl\u0113mas sare\u017e\u0123\u012btos apst\u0101k\u013cos. Sarkan\u0101 atspere nodro\u0161ina aptuveni 25% liel\u0101ku slodzi nek\u0101 balt\u0101 atspere, padarot to piem\u0113rotu:<\/p>\n<ul>\n<li>9mm, 6.8 SPC, 6.5 Grendel<\/li>\n<li>.450 BM, .450 SOCOM, .500 Beowulf<\/li>\n<li>Colt LE6920 karab\u012bn\u0113m<\/li>\n<\/ul>\n<p>Piez\u012bme: Veiktsp\u0113ja var at\u0161\u0137irties atkar\u012bb\u0101 no porta v\u0113rt\u012bb\u0101m un mun\u012bcijas slodzes. Pirms lieto\u0161anas iepaz\u012bstieties ar regul\u0113\u0161anas proced\u016bras dokumentiem.<\/p>\n<\/div>\n","protected":false},"excerpt":{"rendered":"<p>Augstas veiktsp\u0113jas AR bufera atspere uzlabotai uzticam\u012bbai un jaudai.<\/p>\n","protected":false},"featured_media":76512,"template":"","meta":{"_acf_changed":false},"product_brand":[14600],"product_cat":[13795,13777],"product_tag":[],"class_list":{"0":"post-131315","1":"product","2":"type-product","3":"status-publish","4":"has-post-thumbnail","6":"product_brand-sprinco-usa","7":"product_cat-atsperes","8":"product_cat-kmr-detalas","10":"first","11":"outofstock","12":"taxable","13":"shipping-taxable","14":"purchasable","15":"product-type-simple"},"acf":[],"_links":{"self":[{"href":"https:\/\/nbg.eu\/lv\/wp-json\/wp\/v2\/product\/131315","targetHints":{"allow":["GET"]}}],"collection":[{"href":"https:\/\/nbg.eu\/lv\/wp-json\/wp\/v2\/product"}],"about":[{"href":"https:\/\/nbg.eu\/lv\/wp-json\/wp\/v2\/types\/product"}],"wp:featuredmedia":[{"embeddable":true,"href":"https:\/\/nbg.eu\/lv\/wp-json\/wp\/v2\/media\/76512"}],"wp:attachment":[{"href":"https:\/\/nbg.eu\/lv\/wp-json\/wp\/v2\/media?parent=131315"}],"wp:term":[{"taxonomy":"product_brand","embeddable":true,"href":"https:\/\/nbg.eu\/lv\/wp-json\/wp\/v2\/product_brand?post=131315"},{"taxonomy":"product_cat","embeddable":true,"href":"https:\/\/nbg.eu\/lv\/wp-json\/wp\/v2\/product_cat?post=131315"},{"taxonomy":"product_tag","embeddable":true,"href":"https:\/\/nbg.eu\/lv\/wp-json\/wp\/v2\/product_tag?post=131315"}],"curies":[{"name":"wp","href":"https:\/\/api.w.org\/{rel}","templated":true}]}}