{"id":133716,"date":"2024-11-02T08:42:18","date_gmt":"2025-01-08T16:50:11","guid":{"rendered":"https:\/\/nbg.eu\/product\/sprinco-usa-spring-kit-xp-buffer-spring-dual-extractor-spring\/"},"modified":"2026-01-21T12:22:26","modified_gmt":"2026-01-21T09:22:26","slug":"sprinco-usa-spring-kit-xp-buffer-spring-dual-extractor-spring","status":"publish","type":"product","link":"https:\/\/nbg.eu\/lv\/product\/sprinco-usa-spring-kit-xp-buffer-spring-dual-extractor-spring\/","title":{"rendered":"SPRINCO USA Spring Kit-XP Buffer Spring \/ Dual Extractor Spring"},"content":{"rendered":"<div class=\"product-description\">\n<h2>SPRINCO USA Atsperu komplekts &#8211; XP bufera atspere \/ Dubult\u0101 ekstraktora atspere<\/h2>\n<p>SPRINCO USA Extra Power bufera atspere uzlabo AR uzticam\u012bbu. Izstr\u0101d\u0101ta 2006. gad\u0101 Sp\u0113ku moderniz\u0101cijas komandai, \u0161\u012b atspere risina M4 karab\u012bnes darb\u012bbas probl\u0113mas sare\u017e\u0123\u012btos apst\u0101k\u013cos.<\/p>\n<ul>\n<li>Par 25% liel\u0101ka slodze sal\u012bdzin\u0101jum\u0101 ar balto atsperi<\/li>\n<li>Piem\u0113rota 9mm, 6.8 SPC, 6.5 Grendel, .450 BM, .450 SOCOM, .500 Beowulf un Colt LE6920<\/li>\n<li>Iek\u013cauta regul\u0113\u0161anas proced\u016bras dokument\u0101cija optim\u0101lai veiktsp\u0113jai<\/li>\n<\/ul>\n<p>Piez\u012bme: Veiktsp\u0113ja var at\u0161\u0137irties atkar\u012bb\u0101 no porta v\u0113rt\u012bb\u0101m un mun\u012bcijas slodz\u0113m. Pirms lieto\u0161anas iepaz\u012bstieties ar pievienoto dokument\u0101ciju.<\/p>\n<\/div>\n","protected":false},"excerpt":{"rendered":"<p>Uzlabota AR bufera atspere, lai nodro\u0161in\u0101tu lab\u0101ku uzticam\u012bbu sare\u017e\u0123\u012btos apst\u0101k\u013cos.<\/p>\n","protected":false},"featured_media":76559,"template":"","meta":{"_acf_changed":false},"product_brand":[14600],"product_cat":[13795,13777],"product_tag":[],"class_list":{"0":"post-133716","1":"product","2":"type-product","3":"status-publish","4":"has-post-thumbnail","6":"product_brand-sprinco-usa","7":"product_cat-atsperes","8":"product_cat-kmr-detalas","10":"first","11":"instock","12":"taxable","13":"shipping-taxable","14":"purchasable","15":"product-type-simple"},"acf":[],"_links":{"self":[{"href":"https:\/\/nbg.eu\/lv\/wp-json\/wp\/v2\/product\/133716","targetHints":{"allow":["GET"]}}],"collection":[{"href":"https:\/\/nbg.eu\/lv\/wp-json\/wp\/v2\/product"}],"about":[{"href":"https:\/\/nbg.eu\/lv\/wp-json\/wp\/v2\/types\/product"}],"wp:featuredmedia":[{"embeddable":true,"href":"https:\/\/nbg.eu\/lv\/wp-json\/wp\/v2\/media\/76559"}],"wp:attachment":[{"href":"https:\/\/nbg.eu\/lv\/wp-json\/wp\/v2\/media?parent=133716"}],"wp:term":[{"taxonomy":"product_brand","embeddable":true,"href":"https:\/\/nbg.eu\/lv\/wp-json\/wp\/v2\/product_brand?post=133716"},{"taxonomy":"product_cat","embeddable":true,"href":"https:\/\/nbg.eu\/lv\/wp-json\/wp\/v2\/product_cat?post=133716"},{"taxonomy":"product_tag","embeddable":true,"href":"https:\/\/nbg.eu\/lv\/wp-json\/wp\/v2\/product_tag?post=133716"}],"curies":[{"name":"wp","href":"https:\/\/api.w.org\/{rel}","templated":true}]}}