{"id":133924,"date":"2025-01-01T20:54:41","date_gmt":"2025-01-01T20:54:41","guid":{"rendered":"https:\/\/nbg.eu\/product\/area-419-offset-mounts-for-match-attachment-points\/"},"modified":"2026-01-21T11:35:03","modified_gmt":"2026-01-21T08:35:03","slug":"area-419-offset-mounts-for-match-attachment-points","status":"publish","type":"product","link":"https:\/\/nbg.eu\/lv\/product\/area-419-offset-mounts-for-match-attachment-points\/","title":{"rendered":"Area 419 Offset Mounts for MATCH Attachment Points"},"content":{"rendered":"<h2>Area 419 nob\u012bdes stiprin\u0101jumi MATCH piestiprin\u0101\u0161anas punktiem<\/h2>\n<p>Area 419 nob\u012bdes stiprin\u0101jumi MATCH piestiprin\u0101\u0161anas punktiem paredz\u0113ti karab\u012bnes sarkan\u0101 punkta uzst\u0101d\u012b\u0161anai. \u0160ie vien\u0101 gabal\u0101 veidotie stiprin\u0101jumi pied\u0101v\u0101 piel\u0101go\u0161anas iesp\u0113jas:<\/p>\n<ul>\n<li>Izv\u0113le starp 35\u00b0 un 45\u00b0 nob\u012bdes le\u0146\u0137iem<\/li>\n<li>Vair\u0101kas piestiprin\u0101\u0161anas vietas elast\u012bgai uzst\u0101d\u012b\u0161anai<\/li>\n<li>Svars: 25 m\u0101rci\u0146as<\/li>\n<li>Izm\u0113rs: 6 \u00d7 4 \u00d7 1 collas<\/li>\n<\/ul>\n<p>\u0160ie stiprin\u0101jumi \u013cauj piel\u0101got sarkan\u0101 punkta novietojumu, nodro\u0161inot veiktsp\u0113ju un \u0113rt\u012bbu da\u017e\u0101d\u0101s \u0161au\u0161anas situ\u0101cij\u0101s. Area 419 nob\u012bdes stiprin\u0101jumi ir pieejami karab\u012bnes uzlabo\u0161anai.<\/p>\n","protected":false},"excerpt":{"rendered":"<p>Piel\u0101gojami 35\u00b0\/45\u00b0 le\u0146\u0137a stiprin\u0101jumi MATCH punktiem. Daudzpus\u012bga uzst\u0101d\u012b\u0161ana.<\/p>\n","protected":false},"featured_media":109209,"template":"","meta":{"_acf_changed":false},"product_brand":[11043],"product_cat":[13778,13803,14900,13827],"product_tag":[],"class_list":{"0":"post-133924","1":"product","2":"type-product","3":"status-publish","4":"has-post-thumbnail","6":"product_brand-area-419","7":"product_cat-merkesana","8":"product_cat-merkesanas-aksesuari","9":"product_cat-mounts-lv","10":"product_cat-sautene","12":"first","13":"instock","14":"taxable","15":"shipping-taxable","16":"purchasable","17":"product-type-variable","18":"wvs-archive-product-wrapper"},"acf":[],"_links":{"self":[{"href":"https:\/\/nbg.eu\/lv\/wp-json\/wp\/v2\/product\/133924","targetHints":{"allow":["GET"]}}],"collection":[{"href":"https:\/\/nbg.eu\/lv\/wp-json\/wp\/v2\/product"}],"about":[{"href":"https:\/\/nbg.eu\/lv\/wp-json\/wp\/v2\/types\/product"}],"wp:featuredmedia":[{"embeddable":true,"href":"https:\/\/nbg.eu\/lv\/wp-json\/wp\/v2\/media\/109209"}],"wp:attachment":[{"href":"https:\/\/nbg.eu\/lv\/wp-json\/wp\/v2\/media?parent=133924"}],"wp:term":[{"taxonomy":"product_brand","embeddable":true,"href":"https:\/\/nbg.eu\/lv\/wp-json\/wp\/v2\/product_brand?post=133924"},{"taxonomy":"product_cat","embeddable":true,"href":"https:\/\/nbg.eu\/lv\/wp-json\/wp\/v2\/product_cat?post=133924"},{"taxonomy":"product_tag","embeddable":true,"href":"https:\/\/nbg.eu\/lv\/wp-json\/wp\/v2\/product_tag?post=133924"}],"curies":[{"name":"wp","href":"https:\/\/api.w.org\/{rel}","templated":true}]}}