{"id":134520,"date":"2024-11-26T13:10:26","date_gmt":"2024-11-26T10:10:26","guid":{"rendered":"https:\/\/nbg.eu\/product\/geissele-ak-braided-spring\/"},"modified":"2026-04-22T11:25:25","modified_gmt":"2026-04-22T08:25:25","slug":"geissele-ak-braided-spring","status":"publish","type":"product","link":"https:\/\/nbg.eu\/lv\/product\/geissele-ak-braided-spring\/","title":{"rendered":"Geissele P\u012bta Galven\u0101 Atspere AK"},"content":{"rendered":"<h2>AK P\u012bn\u0113t\u0101 atspere<\/h2>\n<p>ALG AK P\u012bn\u0113t\u0101 galven\u0101 atspere ir aizvietojo\u0161\u0101 atspere AK47\/74 platformas iero\u010diem. \u0160\u012b aizvieto\u0161anas iesp\u0113ja tiek ra\u017eota Savienotaj\u0101s Valst\u012bs no trim stiep\u013cu stie\u0146iem, kas kop\u0101 ir sap\u012bti. P\u012bn\u0113t\u0101 dizains nodro\u0161ina paaugstin\u0101tu iztur\u012bbu un uzticam\u012bbu sal\u012bdzin\u0101jum\u0101 ar tradicion\u0101laj\u0101m AK galvenaj\u0101m atsp\u0113r\u0113m, garant\u0113jot j\u016bsu iero\u010da vienm\u0113r\u012bgu un konsekventu darb\u012bbu.<\/p>\n<p>Izgatavots no augstas kvalit\u0101tes materi\u0101liem, AK P\u012bn\u0113t\u0101 atspere ir veidota, lai iztur\u0113tu smag\u0101s lieto\u0161anas un nelabv\u0113l\u012bgus apst\u0101k\u013cus. T\u0101s iztur\u012bg\u0101 konstrukcija pal\u012bdz samazin\u0101t atsperes atteices risku, kas var izrais\u012bt neveiksm\u012bgus \u0161\u0101vienus vai citas disfunkcijas. Uzlabojot savu AK galveno atsperi ar \u0161o uzticamo komponentu, j\u016bs var\u0113sit baud\u012bt uzlabotu veiktsp\u0113ju un miera saj\u016btu, zinot, ka j\u016bsu ierocis darbojas vislab\u0101k.<\/p>\n<p>Neatkar\u012bgi no t\u0101, vai j\u016bs esat sacens\u012bbu \u0161auts, vai taktiskais operators, AK P\u012bn\u0113t\u0101 atspere ir b\u016btisks uzlabojums, ko j\u0101apsver j\u016bsu AK47\/74 platformai. T\u0101 p\u0101r\u0101kais dizains un ra\u017eo\u0161anas standarti to padara par uzticamu izv\u0113li starp r\u016bp\u012bgiem iero\u010du \u012bpa\u0161niekiem, kas prasa visliel\u0101ko uzticam\u012bbu un veiktsp\u0113ju no sava apr\u012bkojuma.<\/p>\n","protected":false},"excerpt":{"rendered":"<p>AK p\u012bpot atspere ir ASV ra\u017eota 3 dz\u012bslu p\u012bpota rezerves atspere AK47\/74 \u0161autuv\u0113m.<\/p>\n","protected":false},"featured_media":81102,"template":"","meta":{"_acf_changed":false},"product_brand":[11383],"product_cat":[13795],"product_tag":[],"class_list":{"0":"post-134520","1":"product","2":"type-product","3":"status-publish","4":"has-post-thumbnail","6":"product_brand-geissele","7":"product_cat-atsperes","9":"first","10":"instock","11":"taxable","12":"shipping-taxable","13":"product-type-simple"},"acf":[],"_links":{"self":[{"href":"https:\/\/nbg.eu\/lv\/wp-json\/wp\/v2\/product\/134520","targetHints":{"allow":["GET"]}}],"collection":[{"href":"https:\/\/nbg.eu\/lv\/wp-json\/wp\/v2\/product"}],"about":[{"href":"https:\/\/nbg.eu\/lv\/wp-json\/wp\/v2\/types\/product"}],"wp:featuredmedia":[{"embeddable":true,"href":"https:\/\/nbg.eu\/lv\/wp-json\/wp\/v2\/media\/81102"}],"wp:attachment":[{"href":"https:\/\/nbg.eu\/lv\/wp-json\/wp\/v2\/media?parent=134520"}],"wp:term":[{"taxonomy":"product_brand","embeddable":true,"href":"https:\/\/nbg.eu\/lv\/wp-json\/wp\/v2\/product_brand?post=134520"},{"taxonomy":"product_cat","embeddable":true,"href":"https:\/\/nbg.eu\/lv\/wp-json\/wp\/v2\/product_cat?post=134520"},{"taxonomy":"product_tag","embeddable":true,"href":"https:\/\/nbg.eu\/lv\/wp-json\/wp\/v2\/product_tag?post=134520"}],"curies":[{"name":"wp","href":"https:\/\/api.w.org\/{rel}","templated":true}]}}