{"id":136694,"date":"2024-11-26T18:21:35","date_gmt":"2024-11-26T18:21:35","guid":{"rendered":"https:\/\/nbg.eu\/product\/geissele-border-patrol-pistol-11-5-5-56mm-black\/"},"modified":"2026-04-22T11:22:39","modified_gmt":"2026-04-22T08:22:39","slug":"geissele-border-patrol-pistol-11-5-5-56mm-black","status":"publish","type":"product","link":"https:\/\/nbg.eu\/lv\/product\/geissele-border-patrol-pistol-11-5-5-56mm-black\/","title":{"rendered":"Geissele Pusautom\u0101tiskais Karab\u012bns Border Patrol 11.5&#8243; 5.56MM &#8211; Black"},"content":{"rendered":"<h2>Geissele robe\u017esardzes \u0161autene, 11,5&#8243;, 5,56MM &#8211; Melna<\/h2>\n<p>Geissele robe\u017esardzes \u0161autene ir piln\u012bb\u0101 apr\u012bkots AR-15 tipa ierocis, kas paredz\u0113ts uzticamam darbam pras\u012bgos apst\u0101k\u013cos. \u0160is vieglais un manevr\u0113jamais \u0161aujamierocis nodro\u0161ina labu veiktsp\u0113ju un iztur\u012bbu.<\/p>\n<h2>Galven\u0101s iez\u012bmes:<\/h2>\n<ul>\n<li>11,5&#8243; auksti kalts stobrs ar hrom\u0113tu urbumu un 1:7 v\u012btnes soli<\/li>\n<li>Karb\u012bna garuma g\u0101zes sist\u0113ma ar 17-4 ner\u016bs\u0113jo\u0161\u0101 t\u0113rauda g\u0101zes bloku<\/li>\n<li>9,6&#8243; MK20 Super Modular sliede ar M-Lok slotiem<\/li>\n<li>Super Duty kalti 7075 T6 alum\u012bnija aug\u0161\u0113jais un apak\u0161\u0113jais uztv\u0113r\u0113ji<\/li>\n<li>Geissele Government uzvilk\u0161anas rokturis abpus\u0113jai lieto\u0161anai<\/li>\n<li>H2 buferis ar p\u012btu stiep\u013cu atsperi uzlabotai uzticam\u012bbai<\/li>\n<li>ALG Defense Advanced Combat m\u0113r\u0137\u0113\u0161anas meh\u0101nisms ar ni\u0137e\u013ca-bora p\u0101rkl\u0101jumu<\/li>\n<li>SB Tactical SBA3 pistoles balsts<\/li>\n<\/ul>\n<h2>Tehnisk\u0101s specifik\u0101cijas:<\/h2>\n<ul>\n<li>Kalibrs: 5,56MM NATO<\/li>\n<li>Svars: Aptuveni 2,72 kg<\/li>\n<li>Garums: 69,85 cm (saloc\u012bt\u0101 st\u0101vokl\u012b) l\u012bdz 76,2 cm (izvilkt\u0101 st\u0101vokl\u012b)<\/li>\n<li>Aizsl\u0113ga nes\u0113ja grupa: Geissele BCG ar mang\u0101na fosf\u0101ta p\u0101rkl\u0101jumu<\/li>\n<li>Stobra uzgalis: A2 liesmas sl\u0101p\u0113t\u0101js<\/li>\n<\/ul>\n<p>Robe\u017esardzes pistole apvieno milit\u0101r\u0101s specifik\u0101cijas ar veiktsp\u0113jas uzlabojumiem, padarot to par labu izv\u0113li tiem, kas mekl\u0113 uzticamu un iztur\u012bgu AR-15 pistoli ilgsto\u0161ai lieto\u0161anai skarbos apst\u0101k\u013cos.<\/p>\n","protected":false},"excerpt":{"rendered":"<p>Kompakts 11,5 collu AR ar augstas kvalit\u0101tes komponentiem uzticam\u012bbai un sniegumam.<\/p>\n","protected":false},"featured_media":191303,"template":"","meta":{"_acf_changed":false},"product_brand":[11383],"product_cat":[15125,13759,13827,15126],"product_tag":[],"class_list":{"0":"post-136694","1":"product","2":"type-product","3":"status-publish","4":"has-post-thumbnail","6":"product_brand-geissele","7":"product_cat-ar-15-rifles-lv","8":"product_cat-karabineri","9":"product_cat-sautene","10":"product_cat-semi-automatic-rifles-lv","12":"first","13":"instock","14":"taxable","15":"shipping-taxable","16":"product-type-simple"},"acf":[],"_links":{"self":[{"href":"https:\/\/nbg.eu\/lv\/wp-json\/wp\/v2\/product\/136694","targetHints":{"allow":["GET"]}}],"collection":[{"href":"https:\/\/nbg.eu\/lv\/wp-json\/wp\/v2\/product"}],"about":[{"href":"https:\/\/nbg.eu\/lv\/wp-json\/wp\/v2\/types\/product"}],"wp:featuredmedia":[{"embeddable":true,"href":"https:\/\/nbg.eu\/lv\/wp-json\/wp\/v2\/media\/191303"}],"wp:attachment":[{"href":"https:\/\/nbg.eu\/lv\/wp-json\/wp\/v2\/media?parent=136694"}],"wp:term":[{"taxonomy":"product_brand","embeddable":true,"href":"https:\/\/nbg.eu\/lv\/wp-json\/wp\/v2\/product_brand?post=136694"},{"taxonomy":"product_cat","embeddable":true,"href":"https:\/\/nbg.eu\/lv\/wp-json\/wp\/v2\/product_cat?post=136694"},{"taxonomy":"product_tag","embeddable":true,"href":"https:\/\/nbg.eu\/lv\/wp-json\/wp\/v2\/product_tag?post=136694"}],"curies":[{"name":"wp","href":"https:\/\/api.w.org\/{rel}","templated":true}]}}