{"id":136798,"date":"2024-11-26T18:19:06","date_gmt":"2024-11-26T18:19:06","guid":{"rendered":"https:\/\/nbg.eu\/product\/geissele-border-patrol-rifle-14-5-5-56mm-black\/"},"modified":"2026-04-21T17:42:01","modified_gmt":"2026-04-21T14:42:01","slug":"geissele-border-patrol-rifle-14-5-5-56mm-black","status":"publish","type":"product","link":"https:\/\/nbg.eu\/lv\/product\/geissele-border-patrol-rifle-14-5-5-56mm-black\/","title":{"rendered":"Geissele Pusautom\u0101tiskais Karab\u012bns Border Patrol 14.5&#8243; 5.56MM &#8211; Black"},"content":{"rendered":"<div class=\"product-description\">\n<h2>Geissele robe\u017esardzes \u0161autene, 14.5&#8243;, 5.56MM &#8211; Melna<\/h2>\n<p>Geissele robe\u017esardzes \u0161autene ir piln\u012bb\u0101 apr\u012bkota dienesta \u0161autene, kas izstr\u0101d\u0101ta uzticam\u012bbai un veiktsp\u0113jai. \u0160is AR-15 pied\u0101v\u0101 gadiem ilgu uzticamu darb\u012bbu skarbos apst\u0101k\u013cos.<\/p>\n<h2>Galven\u0101s iez\u012bmes:<\/h2>\n<ul>\n<li>14.5&#8243; auksti kalts (CHF) stobrs ar hrom\u0113tu iek\u0161pusi<\/li>\n<li>1:7 v\u012btnes solis un 5.56x45mm NATO kamera<\/li>\n<li>Vid\u0113ja garuma g\u0101zes sist\u0113ma ar 17-4 ner\u016bs\u0113jo\u0161\u0101 t\u0113rauda g\u0101zes bloku<\/li>\n<li>12.6&#8243; MK20 Super Modular sliede ar M-Lok slotiem<\/li>\n<li>Super Duty kalti 7075 T6 alum\u012bnija aug\u0161\u0113jais un apak\u0161\u0113jais uztv\u0113r\u0113js<\/li>\n<li>Geissele Government uzl\u0101des rokturis abpus\u0113jai lieto\u0161anai<\/li>\n<li>H2 buferis un p\u012bta stieples bufera atspere uzlabotai uzticam\u012bbai<\/li>\n<li>ALG Defense Advanced Combat m\u0113l\u012bte ar ni\u0137e\u013ca-bora p\u0101rkl\u0101jumu<\/li>\n<li>Mang\u0101na fosf\u0101ta p\u0101rkl\u0101ts Geissele BCG un bulta<\/li>\n<li>Pagarin\u0101ts A2 liesmas sl\u0101p\u0113t\u0101js (pieknied\u0113ts un metin\u0101ts)<\/li>\n<li>BCM Mod 0 laide un B5 rokturis ar Geissele logotipu<\/li>\n<\/ul>\n<p>Izstr\u0101d\u0101ta vieglai manevr\u0113\u0161anai un iztur\u012bbai, robe\u017esardzes \u0161autene ir piem\u0113rota tiem, kas mekl\u0113 uzticamu dienesta \u0161auteni. Katra komponente ir r\u016bp\u012bgi izv\u0113l\u0113ta, lai nodro\u0161in\u0101tu ilgsto\u0161u lieto\u0161anu skarbos apst\u0101k\u013cos.<\/p>\n<p><strong>Svars:<\/strong> Apm\u0113ram 6.3 m\u0101rci\u0146as<br \/>\n  <strong>Garums:<\/strong> 31&#8243; (saloc\u012bts) &#8211; 34 1\/4&#8243; (izvilkts)<\/p>\n<p><em>Piez\u012bme: \u0160ai \u0161autenei ir past\u0101v\u012bgi pieknied\u0113ta un piemetin\u0101ta stobra ier\u012bce, lai atbilstu likum\u012bgaj\u0101m stobra garuma pras\u012bb\u0101m. Modifik\u0101cija var izrais\u012bt NFA noteikumu piem\u0113ro\u0161anu. Pirc\u0113js ir atbild\u012bgs par atbilst\u012bbu visiem piem\u0113rojamajiem likumiem.<\/em><\/p>\n<\/div>\n","protected":false},"excerpt":{"rendered":"<p>Uzticams 14,5 collu 5,56 mm dienesta \u0161autene ar augst\u0101k\u0101s klases funkcij\u0101m smagiem apst\u0101k\u013ciem.<\/p>\n","protected":false},"featured_media":191351,"template":"","meta":{"_acf_changed":false},"product_brand":[11383],"product_cat":[15125,13759,13827,15126],"product_tag":[],"class_list":{"0":"post-136798","1":"product","2":"type-product","3":"status-publish","4":"has-post-thumbnail","6":"product_brand-geissele","7":"product_cat-ar-15-rifles-lv","8":"product_cat-karabineri","9":"product_cat-sautene","10":"product_cat-semi-automatic-rifles-lv","12":"first","13":"outofstock","14":"taxable","15":"shipping-taxable","16":"product-type-simple"},"acf":[],"_links":{"self":[{"href":"https:\/\/nbg.eu\/lv\/wp-json\/wp\/v2\/product\/136798","targetHints":{"allow":["GET"]}}],"collection":[{"href":"https:\/\/nbg.eu\/lv\/wp-json\/wp\/v2\/product"}],"about":[{"href":"https:\/\/nbg.eu\/lv\/wp-json\/wp\/v2\/types\/product"}],"wp:featuredmedia":[{"embeddable":true,"href":"https:\/\/nbg.eu\/lv\/wp-json\/wp\/v2\/media\/191351"}],"wp:attachment":[{"href":"https:\/\/nbg.eu\/lv\/wp-json\/wp\/v2\/media?parent=136798"}],"wp:term":[{"taxonomy":"product_brand","embeddable":true,"href":"https:\/\/nbg.eu\/lv\/wp-json\/wp\/v2\/product_brand?post=136798"},{"taxonomy":"product_cat","embeddable":true,"href":"https:\/\/nbg.eu\/lv\/wp-json\/wp\/v2\/product_cat?post=136798"},{"taxonomy":"product_tag","embeddable":true,"href":"https:\/\/nbg.eu\/lv\/wp-json\/wp\/v2\/product_tag?post=136798"}],"curies":[{"name":"wp","href":"https:\/\/api.w.org\/{rel}","templated":true}]}}