{"id":139077,"date":"2025-01-04T11:21:50","date_gmt":"2025-01-04T11:21:50","guid":{"rendered":"https:\/\/nbg.eu\/product\/area-419-master-funnel-kit\/"},"modified":"2026-01-21T12:17:11","modified_gmt":"2026-01-21T09:17:11","slug":"area-419-master-funnel-kit","status":"publish","type":"product","link":"https:\/\/nbg.eu\/lv\/product\/area-419-master-funnel-kit\/","title":{"rendered":"Area 419 &#8211; Master Funnel Kit"},"content":{"rendered":"<h2>Area 419 &#8211; Galvenais piltuves komplekts<\/h2>\n<p>Area 419 galvenais piltuves komplekts ietver:<\/p>\n<ul>\n<li>1 Piltuves korpuss<\/li>\n<li>6 Kalibram specifiskas kr\u0101su kod\u0113tas galvas (22 kal, 6mm\/243, 6.5mm\/264, 7mm\/284, 30 kal, 338 kal)<\/li>\n<li>1 Uzglab\u0101\u0161anas bloks<\/li>\n<\/ul>\n<p>Izgatavots no 6061-T6 alum\u012bnija. \u0160\u012b piltuve samazina statisko elektr\u012bbu un nodro\u0161ina pulvera pl\u016bsmu. Main\u0101m\u0101s galvas nodro\u0161ina atbilsto\u0161u izm\u0113ru katram kalibram. Dizaina iez\u012bmes:<\/p>\n<ul>\n<li>Rievota iek\u0161puse pulvera pl\u016bsmas uzlabo\u0161anai<\/li>\n<li>Apstr\u0101d\u0101ti rokturi vieglai satver\u0161anai<\/li>\n<li>Gludas virsmas, lai nov\u0113rstu pulvera pielip\u0161anu<\/li>\n<\/ul>\n<p>Ra\u017eots ASV, \u0161is komplekts ir paredz\u0113ts prec\u012bzai p\u0101rl\u0101d\u0113\u0161anai.<\/p>\n","protected":false},"excerpt":{"rendered":"<p>Area 419 galven\u0101 piltuves komplekts: Prec\u012bza p\u0101rl\u0101d\u0113\u0161ana ar 6 kalibru uzga\u013ciem.<\/p>\n","protected":false},"featured_media":119067,"template":"","meta":{"_acf_changed":false},"product_brand":[11043],"product_cat":[13813,13802],"product_tag":[],"class_list":{"0":"post-139077","1":"product","2":"type-product","3":"status-publish","4":"has-post-thumbnail","6":"product_brand-area-419","7":"product_cat-parladesana","8":"product_cat-parladesanas-aksesuari","10":"first","11":"instock","12":"taxable","13":"shipping-taxable","14":"purchasable","15":"product-type-simple"},"acf":[],"_links":{"self":[{"href":"https:\/\/nbg.eu\/lv\/wp-json\/wp\/v2\/product\/139077","targetHints":{"allow":["GET"]}}],"collection":[{"href":"https:\/\/nbg.eu\/lv\/wp-json\/wp\/v2\/product"}],"about":[{"href":"https:\/\/nbg.eu\/lv\/wp-json\/wp\/v2\/types\/product"}],"wp:featuredmedia":[{"embeddable":true,"href":"https:\/\/nbg.eu\/lv\/wp-json\/wp\/v2\/media\/119067"}],"wp:attachment":[{"href":"https:\/\/nbg.eu\/lv\/wp-json\/wp\/v2\/media?parent=139077"}],"wp:term":[{"taxonomy":"product_brand","embeddable":true,"href":"https:\/\/nbg.eu\/lv\/wp-json\/wp\/v2\/product_brand?post=139077"},{"taxonomy":"product_cat","embeddable":true,"href":"https:\/\/nbg.eu\/lv\/wp-json\/wp\/v2\/product_cat?post=139077"},{"taxonomy":"product_tag","embeddable":true,"href":"https:\/\/nbg.eu\/lv\/wp-json\/wp\/v2\/product_tag?post=139077"}],"curies":[{"name":"wp","href":"https:\/\/api.w.org\/{rel}","templated":true}]}}