{"id":140049,"date":"2025-01-04T08:32:04","date_gmt":"2025-01-04T08:32:04","guid":{"rendered":"https:\/\/nbg.eu\/product\/area-419-arcalock-17-universal-dovetail-rail\/"},"modified":"2026-01-21T11:33:29","modified_gmt":"2026-01-21T08:33:29","slug":"area-419-arcalock-17-universal-dovetail-rail","status":"publish","type":"product","link":"https:\/\/nbg.eu\/lv\/product\/area-419-arcalock-17-universal-dovetail-rail\/","title":{"rendered":"Area 419 &#8211; ARCALOCK 17&#8243; Universal Dovetail Rail"},"content":{"rendered":"<div class=\"product-description\">\n<h2>Area 419 &#8211; ARCALOCK 17&#8243; univers\u0101l\u0101 bezdel\u012bgastes sliede<\/h2>\n<p>ARCALOCK bezdel\u012bgastes sliedes sist\u0113ma. \u0160\u012b 17&#8243; sliede ietver:<\/p>\n<ul>\n<li>Rievot\u0101s malas meh\u0101niskai fiks\u0101cijai ar Area 419 skav\u0101m<\/li>\n<li>Atpaka\u013csader\u012bba ar standarta Arca piederumiem<\/li>\n<li>Atbilst\u012bba RRS 1.5&#8243; bezdel\u012bgastes standartam<\/li>\n<li>Nosl\u012bp\u0113tas malas<\/li>\n<li>Vair\u0101ki stiprin\u0101juma punkti<\/li>\n<li>3. tipa ciet\u0101 p\u0101rkl\u0101juma anod\u0113ts 6061-T6 alum\u012bnija konstrukcija<\/li>\n<li>Ra\u017eots ASV no viet\u0113jiem materi\u0101liem<\/li>\n<\/ul>\n<p>Iek\u013cauj pagarin\u0101tu Remington 700 stila darb\u012bbas skr\u016bvi un mont\u0101\u017eas apr\u012bkojumu.<\/p>\n<p><em>Piez\u012bme: Aizmugur\u0113jais fiks\u0113tais barjeras aizturis un MLOK aparat\u016bra nav iek\u013cauta.<\/em><\/p>\n<\/div>\n","protected":false},"excerpt":{"rendered":"<p>&#8220;Blo\u0137\u0113jo\u0161a ARCA sliede prec\u012bzijas \u0161auten\u0113m. 17 collu gar\u0161, ASV ra\u017eots alum\u012bnijs.&#8221;<\/p>\n","protected":false},"featured_media":116050,"template":"","meta":{"_acf_changed":false},"product_brand":[11043],"product_cat":[13841],"product_tag":[],"class_list":{"0":"post-140049","1":"product","2":"type-product","3":"status-publish","4":"has-post-thumbnail","6":"product_brand-area-419","7":"product_cat-sliedes","9":"first","10":"instock","11":"taxable","12":"shipping-taxable","13":"purchasable","14":"product-type-simple"},"acf":[],"_links":{"self":[{"href":"https:\/\/nbg.eu\/lv\/wp-json\/wp\/v2\/product\/140049","targetHints":{"allow":["GET"]}}],"collection":[{"href":"https:\/\/nbg.eu\/lv\/wp-json\/wp\/v2\/product"}],"about":[{"href":"https:\/\/nbg.eu\/lv\/wp-json\/wp\/v2\/types\/product"}],"wp:featuredmedia":[{"embeddable":true,"href":"https:\/\/nbg.eu\/lv\/wp-json\/wp\/v2\/media\/116050"}],"wp:attachment":[{"href":"https:\/\/nbg.eu\/lv\/wp-json\/wp\/v2\/media?parent=140049"}],"wp:term":[{"taxonomy":"product_brand","embeddable":true,"href":"https:\/\/nbg.eu\/lv\/wp-json\/wp\/v2\/product_brand?post=140049"},{"taxonomy":"product_cat","embeddable":true,"href":"https:\/\/nbg.eu\/lv\/wp-json\/wp\/v2\/product_cat?post=140049"},{"taxonomy":"product_tag","embeddable":true,"href":"https:\/\/nbg.eu\/lv\/wp-json\/wp\/v2\/product_tag?post=140049"}],"curies":[{"name":"wp","href":"https:\/\/api.w.org\/{rel}","templated":true}]}}