{"id":140161,"date":"2025-01-04T04:53:09","date_gmt":"2025-01-04T04:53:09","guid":{"rendered":"https:\/\/nbg.eu\/product\/area-419-arcalock-12-universal-dovetail-rail\/"},"modified":"2026-01-21T12:16:26","modified_gmt":"2026-01-21T09:16:26","slug":"area-419-arcalock-12-universal-dovetail-rail","status":"publish","type":"product","link":"https:\/\/nbg.eu\/lv\/product\/area-419-arcalock-12-universal-dovetail-rail\/","title":{"rendered":"Area 419 &#8211; ARCALOCK 12&#8243; Universal Dovetail Rail"},"content":{"rendered":"<div class=\"product-description\">\n<h2>Area 419 &#8211; ARCALOCK 12&#8243; Univers\u0101l\u0101 bezdel\u012bgastes sliede<\/h2>\n<p>ARCALOCK 12&#8243; Univers\u0101l\u0101 bezdel\u012bgastes sliede no Area 419. \u0160ai sliedei ir \u0161\u0101das \u012bpa\u0161\u012bbas:<\/p>\n<ul>\n<li>Rievotie s\u0101ni meh\u0101niskai fiks\u0101cijai ar Area 419 skav\u0101m<\/li>\n<li>Sader\u012bba ar standarta Arca piederumiem<\/li>\n<li>12&#8243; garums<\/li>\n<li>Viegla konstrukcija, tikai 4.1 unces<\/li>\n<li>Sader\u012bba ar RRS 1.5&#8243; bezdel\u012bgastes standartu<\/li>\n<li>Noapa\u013cotas malas<\/li>\n<li>Vair\u0101ki stiprin\u0101juma punkti<\/li>\n<li>3. tipa ciet\u0101 p\u0101rkl\u0101juma anod\u0113ts 6061-T6 alum\u012bnija konstrukcija<\/li>\n<li>Ra\u017eots ASV<\/li>\n<\/ul>\n<p>ARCALOCK slie\u017eu sist\u0113ma. MLOK apr\u012bkojums nav iek\u013cauts.<\/p>\n<\/div>\n","protected":false},"excerpt":{"rendered":"<p>Sl\u0113dzams 12 collu ARCA sliede prec\u012bzijas \u0161autuv\u0113m. MLOK stiprin\u0101jumi nav iek\u013cauti.<\/p>\n","protected":false},"featured_media":114652,"template":"","meta":{"_acf_changed":false},"product_brand":[11043],"product_cat":[13841],"product_tag":[],"class_list":{"0":"post-140161","1":"product","2":"type-product","3":"status-publish","4":"has-post-thumbnail","6":"product_brand-area-419","7":"product_cat-sliedes","9":"first","10":"instock","11":"taxable","12":"shipping-taxable","13":"purchasable","14":"product-type-simple"},"acf":[],"_links":{"self":[{"href":"https:\/\/nbg.eu\/lv\/wp-json\/wp\/v2\/product\/140161","targetHints":{"allow":["GET"]}}],"collection":[{"href":"https:\/\/nbg.eu\/lv\/wp-json\/wp\/v2\/product"}],"about":[{"href":"https:\/\/nbg.eu\/lv\/wp-json\/wp\/v2\/types\/product"}],"wp:featuredmedia":[{"embeddable":true,"href":"https:\/\/nbg.eu\/lv\/wp-json\/wp\/v2\/media\/114652"}],"wp:attachment":[{"href":"https:\/\/nbg.eu\/lv\/wp-json\/wp\/v2\/media?parent=140161"}],"wp:term":[{"taxonomy":"product_brand","embeddable":true,"href":"https:\/\/nbg.eu\/lv\/wp-json\/wp\/v2\/product_brand?post=140161"},{"taxonomy":"product_cat","embeddable":true,"href":"https:\/\/nbg.eu\/lv\/wp-json\/wp\/v2\/product_cat?post=140161"},{"taxonomy":"product_tag","embeddable":true,"href":"https:\/\/nbg.eu\/lv\/wp-json\/wp\/v2\/product_tag?post=140161"}],"curies":[{"name":"wp","href":"https:\/\/api.w.org\/{rel}","templated":true}]}}