{"id":173076,"date":"2024-08-16T19:55:05","date_gmt":"2025-01-23T11:17:04","guid":{"rendered":"https:\/\/nbg.eu\/product\/barwarus-bw-t4-handguards-with-m-lok\/"},"modified":"2026-01-21T11:54:18","modified_gmt":"2026-01-21T08:54:18","slug":"barwarus-bw-t4-handguards-with-m-lok","status":"publish","type":"product","link":"https:\/\/nbg.eu\/lv\/product\/barwarus-bw-t4-handguards-with-m-lok\/","title":{"rendered":"Barwarus\u00a0BW-T4 Handguards with M-Lok"},"content":{"rendered":"<div class=\"product-description\">\n<h2>Barwarus BW-T4 rokturi ar M-Lok<\/h2>\n<p>BW-T4 roktura komplekts AK tipa \u0161auten\u0113m ar garu stobru (16&#8243;). \u0160\u012b sist\u0113ma nodro\u0161ina M-LOK aksesu\u0101ru integr\u0101ciju.<\/p>\n<ul>\n<li>Sader\u012bgs ar da\u017e\u0101diem AK mode\u013ciem (AKUSA 100 s\u0113rija, AK-74, Saiga, Vepr un citi)<\/li>\n<li>Izgatavots no 6082-T6 sakaus\u0113juma<\/li>\n<li>Melns Cerakote p\u0101rkl\u0101jums<\/li>\n<li>Integr\u0113tas M-LOK vietas vis\u0101s pus\u0113s<\/li>\n<li>Uzlabo stobra dzes\u0113\u0161anu un siltuma izklied\u0113\u0161anu<\/li>\n<li>Viegls dizains<\/li>\n<li>Darbojas ekstrem\u0101l\u0101s temperat\u016br\u0101s (no -50\u00b0C l\u012bdz +50\u00b0C)<\/li>\n<\/ul>\n<p>Barwarus BW-T4 rokturi pied\u0101v\u0101 piel\u0101go\u0161anas iesp\u0113jas, uzlabotu siltuma p\u0101rvald\u012bbu un iztur\u012bbu.<\/p>\n<\/div>\n","protected":false},"excerpt":{"rendered":"<p>Barwarus BW-T4 rokas aizsargi: M-Lok sader\u012bgi, AK uzlabojums uzlabotai dzes\u0113\u0161anai un piederumu piestiprin\u0101\u0161anai.<\/p>\n","protected":false},"featured_media":23619,"template":"","meta":{"_acf_changed":false},"product_brand":[11112],"product_cat":[14824,14802,13827,13788,13841],"product_tag":[],"class_list":{"0":"post-173076","1":"product","2":"type-product","3":"status-publish","4":"has-post-thumbnail","6":"product_brand-barwarus","7":"product_cat-ak-roku-sargi","8":"product_cat-roku-sargi","9":"product_cat-sautene","10":"product_cat-sautenes-uzlabosana","11":"product_cat-sliedes","13":"first","14":"instock","15":"taxable","16":"shipping-taxable","17":"product-type-variable","18":"wvs-archive-product-wrapper"},"acf":[],"_links":{"self":[{"href":"https:\/\/nbg.eu\/lv\/wp-json\/wp\/v2\/product\/173076","targetHints":{"allow":["GET"]}}],"collection":[{"href":"https:\/\/nbg.eu\/lv\/wp-json\/wp\/v2\/product"}],"about":[{"href":"https:\/\/nbg.eu\/lv\/wp-json\/wp\/v2\/types\/product"}],"wp:featuredmedia":[{"embeddable":true,"href":"https:\/\/nbg.eu\/lv\/wp-json\/wp\/v2\/media\/23619"}],"wp:attachment":[{"href":"https:\/\/nbg.eu\/lv\/wp-json\/wp\/v2\/media?parent=173076"}],"wp:term":[{"taxonomy":"product_brand","embeddable":true,"href":"https:\/\/nbg.eu\/lv\/wp-json\/wp\/v2\/product_brand?post=173076"},{"taxonomy":"product_cat","embeddable":true,"href":"https:\/\/nbg.eu\/lv\/wp-json\/wp\/v2\/product_cat?post=173076"},{"taxonomy":"product_tag","embeddable":true,"href":"https:\/\/nbg.eu\/lv\/wp-json\/wp\/v2\/product_tag?post=173076"}],"curies":[{"name":"wp","href":"https:\/\/api.w.org\/{rel}","templated":true}]}}