{"id":176870,"date":"2024-11-01T10:30:55","date_gmt":"2024-11-01T07:30:55","guid":{"rendered":"https:\/\/nbg.eu\/product\/ipsc-mini-cardboard-targets\/"},"modified":"2026-01-21T12:16:48","modified_gmt":"2026-01-21T09:16:48","slug":"ipsc-mini-cardboard-targets","status":"publish","type":"product","link":"https:\/\/nbg.eu\/lv\/product\/ipsc-mini-cardboard-targets\/","title":{"rendered":"IPSC Mini Cardboard Targets"},"content":{"rendered":"<div class=\"product-description\">\n<h2>IPSC mini kartona m\u0113r\u0137i &#8211; 100 gabalu iepakojums<\/h2>\n<p>M\u016bsu 2\/3 (60% izm\u0113ra) IPSC mini kartona m\u0113r\u0137i. Katr\u0101 iepakojum\u0101 ir 100 gabali, piem\u0113roti ilgsto\u0161\u0101m treni\u0146u sesij\u0101m.<\/p>\n<ul>\n<li>Labi atz\u012bm\u0113tas punktu l\u012bnijas prec\u012bzai v\u0113rt\u0113\u0161anai<\/li>\n<li>Stingra vafeles strukt\u016bra liel\u0101kai iztur\u012bbai<\/li>\n<li>Balta aizmugure izmanto\u0161anai k\u0101 cietais p\u0101rkl\u0101jums vai k\u0101 &#8220;Ne\u0161aut&#8221; m\u0113r\u0137i<\/li>\n<li>Piem\u0113rots liel\u0101ku att\u0101lumu simul\u0113\u0161anai ierobe\u017eot\u0101 \u0161autuv\u0113<\/li>\n<li>Piem\u0113rots Airsoft treni\u0146iem \u012bs\u0101kos att\u0101lumos<\/li>\n<\/ul>\n<p>\u0160ie m\u0113r\u0137i iztur vair\u0101k tr\u0101p\u012bjumu pirms nomai\u0146as. Maz\u0101ks izm\u0113rs \u013cauj tren\u0113ties t\u0101lu m\u0113r\u0137u \u0161au\u0161an\u0101 pat kompakt\u0101s \u0161autuv\u0113s, pal\u012bdzot sagatavoties da\u017e\u0101diem \u0161au\u0161anas scen\u0101rijiem.<\/p>\n<p>IPSC Mini kartona m\u0113r\u0137i j\u016bsu treni\u0146iem.<\/p>\n<\/div>\n","protected":false},"excerpt":{"rendered":"<p>IPSC Mini kartona m\u0113r\u0137i: Iztur\u012bgi, daudzpus\u012bgi, 60% izm\u0113ra re\u0101listiskiem treni\u0146iem.<\/p>\n","protected":false},"featured_media":75287,"template":"","meta":{"_acf_changed":false},"product_brand":[11271],"product_cat":[13835,13783,13762],"product_tag":[],"class_list":{"0":"post-176870","1":"product","2":"type-product","3":"status-publish","4":"has-post-thumbnail","6":"product_brand-doublealpha","7":"product_cat-aprikojums","8":"product_cat-merki","9":"product_cat-papira-merki","11":"first","12":"outofstock","13":"taxable","14":"shipping-taxable","15":"purchasable","16":"product-type-simple"},"acf":[],"_links":{"self":[{"href":"https:\/\/nbg.eu\/lv\/wp-json\/wp\/v2\/product\/176870","targetHints":{"allow":["GET"]}}],"collection":[{"href":"https:\/\/nbg.eu\/lv\/wp-json\/wp\/v2\/product"}],"about":[{"href":"https:\/\/nbg.eu\/lv\/wp-json\/wp\/v2\/types\/product"}],"wp:featuredmedia":[{"embeddable":true,"href":"https:\/\/nbg.eu\/lv\/wp-json\/wp\/v2\/media\/75287"}],"wp:attachment":[{"href":"https:\/\/nbg.eu\/lv\/wp-json\/wp\/v2\/media?parent=176870"}],"wp:term":[{"taxonomy":"product_brand","embeddable":true,"href":"https:\/\/nbg.eu\/lv\/wp-json\/wp\/v2\/product_brand?post=176870"},{"taxonomy":"product_cat","embeddable":true,"href":"https:\/\/nbg.eu\/lv\/wp-json\/wp\/v2\/product_cat?post=176870"},{"taxonomy":"product_tag","embeddable":true,"href":"https:\/\/nbg.eu\/lv\/wp-json\/wp\/v2\/product_tag?post=176870"}],"curies":[{"name":"wp","href":"https:\/\/api.w.org\/{rel}","templated":true}]}}