{"id":190456,"date":"2024-07-30T17:57:46","date_gmt":"2024-07-30T17:57:46","guid":{"rendered":"https:\/\/nbg.eu\/product\/red-dot-sight-holosun-hs510c\/"},"modified":"2026-01-21T11:30:21","modified_gmt":"2026-01-21T08:30:21","slug":"red-dot-sight-holosun-hs510c","status":"publish","type":"product","link":"https:\/\/nbg.eu\/lv\/product\/red-dot-sight-holosun-hs510c\/","title":{"rendered":"Red Dot Sight Holosun HS510C"},"content":{"rendered":"<div class=\"product-description\">\n<h2>Holosun HS510C sarkano punktu t\u0113meklis<\/h2>\n<p>Holosun HS510C ir atv\u0113rta refleksa optika, kas paredz\u0113ta lieto\u0161anai ar karab\u012bn\u0113m, pistol\u0113m-karab\u012bn\u0113m un bise\u0113m. \u0160is t\u0113meklis apvieno iztur\u012bbu ar tehnolo\u0123iju, lai nodro\u0161in\u0101tu precizit\u0101ti un uzticam\u012bbu da\u017e\u0101dos apst\u0101k\u013cos.<\/p>\n<h2>Galven\u0101s iez\u012bmes:<\/h2>\n<ul>\n<li><strong>Konstrukcija:<\/strong> Alum\u012bnija korpuss ar tit\u0101na p\u0101rsegu triecieniztur\u012bbai<\/li>\n<li><strong>\u0100tra uzst\u0101d\u012b\u0161ana:<\/strong> Iek\u013cauts QD absol\u016bt\u0101s ko-redzam\u012bbas stiprin\u0101jums (1.41&#8243; punkta augstums)<\/li>\n<li><strong>Tehnolo\u0123ija:<\/strong>\n<ul>\n<li>Saules rezerves baro\u0161ana nep\u0101rtrauktai darb\u012bbai<\/li>\n<li>Kust\u012bbas aktiviz\u0113\u0161ana t\u016bl\u012bt\u0113jai iesl\u0113g\u0161anai<\/li>\n<li>Vair\u0101ku t\u012bklojumu sist\u0113ma (MRS) da\u017e\u0101d\u0101m m\u0113r\u0137\u0113\u0161anas iesp\u0113j\u0101m<\/li>\n<\/ul>\n<\/li>\n<li><strong>Baterijas darb\u012bbas laiks:<\/strong> L\u012bdz 50 000 stund\u0101m ar sarkano Super LED<\/li>\n<li><strong>Spilgtuma piel\u0101go\u0161ana:<\/strong> 10 dienas gaismas un 2 nakts redzam\u012bbas sader\u012bgi iestat\u012bjumi<\/li>\n<\/ul>\n<h2>Tehnisk\u0101s specifik\u0101cijas:<\/h2>\n<ul>\n<li><strong>T\u012bklojuma opcijas:<\/strong> Aplis ar punktu, 2 MOA punkts, 65 MOA aplis<\/li>\n<li><strong>Loga izm\u0113rs:<\/strong> 0.91&#8243; x 1.26&#8243;<\/li>\n<li><strong>Izm\u0113ri:<\/strong> 3.3&#8243; x 1.68&#8243; x 1.78&#8243;<\/li>\n<li><strong>Svars:<\/strong> 4.94 unces<\/li>\n<li><strong>Korpusa materi\u0101ls:<\/strong> Alum\u012bnijs ar tit\u0101na p\u0101rsegu<\/li>\n<li><strong>Regul\u0113\u0161anas precizit\u0101te:<\/strong> 0.5 MOA uz klik\u0161\u0137i<\/li>\n<li><strong>Regul\u0113\u0161anas diapazons:<\/strong> \u00b150 MOA (Horizont\u0101li un vertik\u0101li)<\/li>\n<li><strong>\u016adens iztur\u012bba:<\/strong> IP67 nov\u0113rt\u0113jums<\/li>\n<li><strong>Darba temperat\u016bra:<\/strong> -30\u00b0C l\u012bdz 60\u00b0C<\/li>\n<\/ul>\n<p>Holosun HS510C nodro\u0161ina veiktsp\u0113ju. T\u0101 paralakses br\u012bv\u0101 konstrukcija un neierobe\u017eot\u0101 acs atstarpe nodro\u0161ina \u0101tru m\u0113r\u0137a noteik\u0161anu. \u0112rtais baterijas nodal\u012bjums atvieglo apkopi, bet iztur\u012bg\u0101 konstrukcija iztur l\u012bdz 1000G vibr\u0101ciju. Uzlabojiet savu gar\u0101 iero\u010da optiku ar \u0161o t\u0113mekli.<\/p>\n<\/div>\n","protected":false},"excerpt":{"rendered":"<p>Daudzpus\u012bgs atv\u0113rt\u0101 tipa refleksa t\u0113meklis garajiem iero\u010diem. Iztur\u012bgs, ar inovat\u012bv\u0101m funkcij\u0101m.<\/p>\n","protected":false},"featured_media":160622,"template":"","meta":{"_acf_changed":false},"product_brand":[11436],"product_cat":[13778,13799,13787],"product_tag":[],"class_list":{"0":"post-190456","1":"product","2":"type-product","3":"status-publish","4":"has-post-thumbnail","6":"product_brand-holosun","7":"product_cat-merkesana","8":"product_cat-sarkanie-punkti","9":"product_cat-sautenes-kolimatori","11":"first","12":"outofstock","13":"taxable","14":"shipping-taxable","15":"purchasable","16":"product-type-simple"},"acf":[],"_links":{"self":[{"href":"https:\/\/nbg.eu\/lv\/wp-json\/wp\/v2\/product\/190456","targetHints":{"allow":["GET"]}}],"collection":[{"href":"https:\/\/nbg.eu\/lv\/wp-json\/wp\/v2\/product"}],"about":[{"href":"https:\/\/nbg.eu\/lv\/wp-json\/wp\/v2\/types\/product"}],"wp:featuredmedia":[{"embeddable":true,"href":"https:\/\/nbg.eu\/lv\/wp-json\/wp\/v2\/media\/160622"}],"wp:attachment":[{"href":"https:\/\/nbg.eu\/lv\/wp-json\/wp\/v2\/media?parent=190456"}],"wp:term":[{"taxonomy":"product_brand","embeddable":true,"href":"https:\/\/nbg.eu\/lv\/wp-json\/wp\/v2\/product_brand?post=190456"},{"taxonomy":"product_cat","embeddable":true,"href":"https:\/\/nbg.eu\/lv\/wp-json\/wp\/v2\/product_cat?post=190456"},{"taxonomy":"product_tag","embeddable":true,"href":"https:\/\/nbg.eu\/lv\/wp-json\/wp\/v2\/product_tag?post=190456"}],"curies":[{"name":"wp","href":"https:\/\/api.w.org\/{rel}","templated":true}]}}