{"id":200345,"date":"2024-08-16T18:04:47","date_gmt":"2025-02-11T17:40:32","guid":{"rendered":"https:\/\/nbg.eu\/product\/rcs-gear-plastic-hook-40mm\/"},"modified":"2026-01-21T12:17:00","modified_gmt":"2026-01-21T09:17:00","slug":"rcs-gear-plastic-hook-40mm","status":"publish","type":"product","link":"https:\/\/nbg.eu\/lv\/product\/rcs-gear-plastic-hook-40mm\/","title":{"rendered":"RCS Gear Plastic Hook 40mm"},"content":{"rendered":"<div class=\"product-description\">\n<h2>RCS Gear plastmasas \u0101\u0137is 40mm<\/h2>\n<p>RCS Gear plastmasas \u0101\u0137is 40mm ir piederums, kas paredz\u0113ts AIWB sidecar makstu piestiprin\u0101\u0161anai.<\/p>\n<h2>Galven\u0101s \u012bpa\u0161\u012bbas:<\/h2>\n<ul>\n<li>\u0100tras piestiprin\u0101\u0161anas un no\u0146em\u0161anas funkcija<\/li>\n<li>Iztur\u012bga plastmasas konstrukcija<\/li>\n<li>Sader\u012bgs ar AIWB sidecar makst\u012bm<\/li>\n<li>Pieejams 40mm un 45mm izm\u0113ros<\/li>\n<li>Svars: 0,02 kg<\/li>\n<\/ul>\n<p>RCS Gear plastmasas \u0101\u0137is nodro\u0161ina maksts piestiprin\u0101\u0161anu. Tas ir viegli lietojams un iztur\u012bgs. \u0160is \u0101\u0137is ir piederums iero\u010du entuziastiem un profesion\u0101\u013ciem.<\/p>\n<\/div>\n","protected":false},"excerpt":{"rendered":"<p>Iztur\u012bgs 40mm plastmasas \u0101\u0137is AIWB makst\u012bm. \u0100tras uzlik\u0161anas dizains.<\/p>\n","protected":false},"featured_media":31664,"template":"","meta":{"_acf_changed":false},"product_brand":[14529],"product_cat":[13833,13814],"product_tag":[],"class_list":{"0":"post-200345","1":"product","2":"type-product","3":"status-publish","4":"has-post-thumbnail","6":"product_brand-raven-concealment-systems","7":"product_cat-holsters","8":"product_cat-sporta-holsters","10":"first","11":"instock","12":"taxable","13":"shipping-taxable","14":"purchasable","15":"product-type-simple"},"acf":[],"_links":{"self":[{"href":"https:\/\/nbg.eu\/lv\/wp-json\/wp\/v2\/product\/200345","targetHints":{"allow":["GET"]}}],"collection":[{"href":"https:\/\/nbg.eu\/lv\/wp-json\/wp\/v2\/product"}],"about":[{"href":"https:\/\/nbg.eu\/lv\/wp-json\/wp\/v2\/types\/product"}],"wp:featuredmedia":[{"embeddable":true,"href":"https:\/\/nbg.eu\/lv\/wp-json\/wp\/v2\/media\/31664"}],"wp:attachment":[{"href":"https:\/\/nbg.eu\/lv\/wp-json\/wp\/v2\/media?parent=200345"}],"wp:term":[{"taxonomy":"product_brand","embeddable":true,"href":"https:\/\/nbg.eu\/lv\/wp-json\/wp\/v2\/product_brand?post=200345"},{"taxonomy":"product_cat","embeddable":true,"href":"https:\/\/nbg.eu\/lv\/wp-json\/wp\/v2\/product_cat?post=200345"},{"taxonomy":"product_tag","embeddable":true,"href":"https:\/\/nbg.eu\/lv\/wp-json\/wp\/v2\/product_tag?post=200345"}],"curies":[{"name":"wp","href":"https:\/\/api.w.org\/{rel}","templated":true}]}}