{"id":208866,"date":"2024-09-02T10:47:02","date_gmt":"2024-09-02T10:47:02","guid":{"rendered":"https:\/\/nbg.eu\/product\/badger-ordnance-c1-modular-safety\/"},"modified":"2026-01-21T11:48:14","modified_gmt":"2026-01-21T08:48:14","slug":"badger-ordnance-c1-modular-safety","status":"publish","type":"product","link":"https:\/\/nbg.eu\/lv\/product\/badger-ordnance-c1-modular-safety\/","title":{"rendered":"Badger Ordnance C1 Modular Safety"},"content":{"rendered":"<div class=\"product-description\">\n<h2>Badger Ordnance C1 modul\u0101rais dro\u0161\u012bbas meh\u0101nisms<\/h2>\n<p>C1 pusautom\u0101tiskais dro\u0161\u012bbas meh\u0101nisms M16\/AR-15\/AR-10\/SR-25 mode\u013cu \u0161aujamiero\u010diem. \u0160is modul\u0101rais komplekts pied\u0101v\u0101:<\/p>\n<ul>\n<li>Vienpus\u0113ja vai abpus\u0113ja vad\u012bba<\/li>\n<li>Kreis\u0101s vai lab\u0101s rokas darb\u012bba<\/li>\n<li>60\u00b0 vai 90\u00b0 p\u0101rsl\u0113g\u0161anas iesp\u0113jas<\/li>\n<li>Sarkans indikators vizu\u0101lai p\u0101rbaudei<\/li>\n<\/ul>\n<p>Komplekt\u0101 ietilpst:<\/p>\n<ul>\n<li>Gar\u0101 svira galvenajai pusei<\/li>\n<li>\u012as\u0101 svira otrajai pusei<\/li>\n<li>St\u0101vok\u013ca indikatora v\u0101ci\u0146\u0161 otrajai pusei<\/li>\n<li>Tapas un dro\u0161\u012bbas aizturis (r\u016bd\u012bts l\u012bdz 60Rc)<\/li>\n<\/ul>\n<p>Izgatavots no 4140 t\u0113rauda, r\u016bd\u012bts un p\u0101rkl\u0101ts ar mang\u0101na fosf\u0101tu. Viegli uzst\u0101d\u0101ms.<\/p>\n<p><strong>Kr\u0101sa:<\/strong> Melna<br \/>\n |<br \/>\n<strong>Nepiecie\u0161ama \u0161aujamiero\u010du licence:<\/strong> N\u0113 | <strong>Specifiska platforma:<\/strong> N\u0113<\/p>\n<\/div>\n","protected":false},"excerpt":{"rendered":"<p>Daudzpus\u012bgs AR dro\u0161\u012bbas sl\u0113dzis: abpus\u0113js, 60\u00b0\/90\u00b0 p\u0101rsl\u0113g\u0161anas le\u0146\u0137is, sarkani indikatori<\/p>\n","protected":false},"featured_media":35388,"template":"","meta":{"_acf_changed":false},"product_brand":[11085],"product_cat":[13811,14858,13827,13788],"product_tag":[],"class_list":{"0":"post-208866","1":"product","2":"type-product","3":"status-publish","4":"has-post-thumbnail","6":"product_brand-badger-ordnance","7":"product_cat-ar-uzlabojumi","8":"product_cat-drosibas-selektori","9":"product_cat-sautene","10":"product_cat-sautenes-uzlabosana","12":"first","13":"instock","14":"taxable","15":"shipping-taxable","16":"purchasable","17":"product-type-simple"},"acf":[],"_links":{"self":[{"href":"https:\/\/nbg.eu\/lv\/wp-json\/wp\/v2\/product\/208866","targetHints":{"allow":["GET"]}}],"collection":[{"href":"https:\/\/nbg.eu\/lv\/wp-json\/wp\/v2\/product"}],"about":[{"href":"https:\/\/nbg.eu\/lv\/wp-json\/wp\/v2\/types\/product"}],"wp:featuredmedia":[{"embeddable":true,"href":"https:\/\/nbg.eu\/lv\/wp-json\/wp\/v2\/media\/35388"}],"wp:attachment":[{"href":"https:\/\/nbg.eu\/lv\/wp-json\/wp\/v2\/media?parent=208866"}],"wp:term":[{"taxonomy":"product_brand","embeddable":true,"href":"https:\/\/nbg.eu\/lv\/wp-json\/wp\/v2\/product_brand?post=208866"},{"taxonomy":"product_cat","embeddable":true,"href":"https:\/\/nbg.eu\/lv\/wp-json\/wp\/v2\/product_cat?post=208866"},{"taxonomy":"product_tag","embeddable":true,"href":"https:\/\/nbg.eu\/lv\/wp-json\/wp\/v2\/product_tag?post=208866"}],"curies":[{"name":"wp","href":"https:\/\/api.w.org\/{rel}","templated":true}]}}