{"id":213926,"date":"2024-10-31T21:14:39","date_gmt":"2024-10-31T21:14:39","guid":{"rendered":"https:\/\/nbg.eu\/product\/sabre-red-spray-52cft10-mk3-crossfire-gel-1-5oz-45ml\/"},"modified":"2026-01-21T12:03:48","modified_gmt":"2026-01-21T09:03:48","slug":"sabre-red-spray-52cft10-mk3-crossfire-gel-1-5oz-45ml","status":"publish","type":"product","link":"https:\/\/nbg.eu\/lv\/product\/sabre-red-spray-52cft10-mk3-crossfire-gel-1-5oz-45ml\/","title":{"rendered":"Sabre Red Spray 52CFT10 MK3 Crossfire GEL 1.5oz\/45ml."},"content":{"rendered":"<div class=\"product-description\">\n<h2>Sabre Red 52CFT10-G MK-3 Crossfire Stream<\/h2>\n<p>\u0160o 1,5 un\u010du piparu aerosolu izmanto ties\u012bbsarg\u0101jo\u0161\u0101s iest\u0101des vis\u0101 pasaul\u0113. Tam ir augst\u0101ks kapsaicino\u012bdu saturs. Iez\u012bmes:<\/p>\n<ul>\n<li>SABRE Crossfire\u00ae tehnolo\u0123ija lieto\u0161anai no jebkura le\u0146\u0137a<\/li>\n<li>8 vienas sekundes ilgi izsmidzin\u0101jumi ar 15-20 p\u0113du att\u0101lumu<\/li>\n<li>1,33% MC formula<\/li>\n<li>5 gadu glab\u0101\u0161anas laiks<\/li>\n<li>ISO 9001:2008 sertific\u0113ts<\/li>\n<li>P\u0101rbaud\u012bts acu, \u0101das un ieelpo\u0161anas test\u0113\u0161an\u0101<\/li>\n<li>UV mar\u0137\u0113\u0161anas kr\u0101sa aizdom\u0101s tur\u0113t\u0101 identific\u0113\u0161anai<\/li>\n<li>Nav uzliesmojo\u0161s un sader\u012bgs ar EID<\/li>\n<\/ul>\n<p>Paredz\u0113ts ties\u012bbsarg\u0101jo\u0161\u0101m iest\u0101d\u0113m un personiskajai aizsardz\u012bbai. Ra\u017eots ASV, Security Equipment Corp.<\/p>\n<\/div>\n","protected":false},"excerpt":{"rendered":"<p>Sp\u0113c\u012bgs piparu aerosols ar policijas l\u012bme\u0146a stiprumu. Crossfire tehnolo\u0123ija, 4,5-6 m darb\u012bbas att\u0101lums.<\/p>\n","protected":false},"featured_media":75074,"template":"","meta":{"_acf_changed":false},"product_brand":[11747],"product_cat":[13812],"product_tag":[],"class_list":{"0":"post-213926","1":"product","2":"type-product","3":"status-publish","4":"has-post-thumbnail","6":"product_brand-sabre","7":"product_cat-edc","9":"first","10":"outofstock","11":"taxable","12":"shipping-taxable","13":"purchasable","14":"product-type-simple"},"acf":[],"_links":{"self":[{"href":"https:\/\/nbg.eu\/lv\/wp-json\/wp\/v2\/product\/213926","targetHints":{"allow":["GET"]}}],"collection":[{"href":"https:\/\/nbg.eu\/lv\/wp-json\/wp\/v2\/product"}],"about":[{"href":"https:\/\/nbg.eu\/lv\/wp-json\/wp\/v2\/types\/product"}],"wp:featuredmedia":[{"embeddable":true,"href":"https:\/\/nbg.eu\/lv\/wp-json\/wp\/v2\/media\/75074"}],"wp:attachment":[{"href":"https:\/\/nbg.eu\/lv\/wp-json\/wp\/v2\/media?parent=213926"}],"wp:term":[{"taxonomy":"product_brand","embeddable":true,"href":"https:\/\/nbg.eu\/lv\/wp-json\/wp\/v2\/product_brand?post=213926"},{"taxonomy":"product_cat","embeddable":true,"href":"https:\/\/nbg.eu\/lv\/wp-json\/wp\/v2\/product_cat?post=213926"},{"taxonomy":"product_tag","embeddable":true,"href":"https:\/\/nbg.eu\/lv\/wp-json\/wp\/v2\/product_tag?post=213926"}],"curies":[{"name":"wp","href":"https:\/\/api.w.org\/{rel}","templated":true}]}}