{"id":22556,"date":"2024-08-19T20:28:32","date_gmt":"2024-08-19T17:28:32","guid":{"rendered":"https:\/\/nbg.eu\/product\/product-2\/"},"modified":"2026-02-25T11:18:19","modified_gmt":"2026-02-25T08:18:19","slug":"product-2","status":"publish","type":"product","link":"https:\/\/nbg.eu\/lv\/product\/product-2\/","title":{"rendered":"Sl\u012bdes aptur\u0113\u0161anas atsperes tapas KMR"},"content":{"rendered":"<h2>Sl\u012bdes apst\u0101\u0161an\u0101s atsperes tapas KMR<\/h2>\n<p>Uzlabojiet sava iero\u010da funkcionalit\u0101ti un uzticam\u012bbu ar Sl\u012bdes apst\u0101\u0161an\u0101s atsperes tapu KMR. \u0160is prec\u012bzi izgatavotais komponents ir paredz\u0113ts, lai dro\u0161i notur\u0113tu sl\u012bdes apst\u0101\u0161an\u0101s elementu sav\u0101 viet\u0101, nodro\u0161inot iero\u010da vienm\u0113r\u012bgu un konsekventu darb\u012bbu. Izgatavots no augstas kvalit\u0101tes materi\u0101liem, Sl\u012bdes apst\u0101\u0161an\u0101s atsperes tapa KMR ir veidota, lai iztur\u0113tu regul\u0101ras lieto\u0161anas un nelabv\u0113l\u012bgu vides apst\u0101k\u013cu rad\u012bt\u0101s slodzes.<\/p>\n<p>Ar iztur\u012bga atsperes dizaina pal\u012bdz\u012bbu, Sl\u012bdes apst\u0101\u0161an\u0101s atsperes tapa KMR nodro\u0161ina uzticamu veiktsp\u0113ju un dro\u0161u piestiprin\u0101\u0161anu, nov\u0113r\u0161ot nev\u0113lamu sl\u012bdes kust\u012bbu vai atbr\u012bvo\u0161anos. T\u0101s kompaktais izm\u0113rs un vienk\u0101r\u0161a integr\u0101cija to padara par b\u016btisku papildin\u0101jumu j\u016bsu iero\u010da apkopes un uzlabo\u0161anas arsen\u0101lam.<\/p>\n<p>Neatkar\u012bgi no t\u0101, vai j\u016bs esat pieredz\u0113jis \u0161\u0101v\u0113js vai iero\u010du entuziasts, Sl\u012bdes apst\u0101\u0161an\u0101s atsperes tapa KMR ir neaizst\u0101jams aksesu\u0101rs, lai uztur\u0113tu j\u016bsu iero\u010da optim\u0101lo sniegumu. Uzlabojiet savu ieroci ar \u0161o uzticamo un lietot\u0101jiem \u0113rto komponentu un izbaudiet at\u0161\u0137ir\u012bbu sav\u0101 \u0161au\u0161anas pieredz\u0113.<\/p>\n","protected":false},"excerpt":{"rendered":"<p>Uzticams atsperes nospie\u017eamais sl\u012bd\u0146a apst\u0101din\u0101\u0161anas tapskr\u016bve dro\u0161ai KMR pievieno\u0161anai.<\/p>\n","protected":false},"featured_media":60772,"template":"","meta":{"_acf_changed":false},"product_brand":[11512],"product_cat":[13795,13777],"product_tag":[],"class_list":{"0":"post-22556","1":"product","2":"type-product","3":"status-publish","4":"has-post-thumbnail","6":"product_brand-kmr-precision","7":"product_cat-atsperes","8":"product_cat-kmr-detalas","10":"first","11":"instock","12":"taxable","13":"shipping-taxable","14":"product-type-simple"},"acf":[],"_links":{"self":[{"href":"https:\/\/nbg.eu\/lv\/wp-json\/wp\/v2\/product\/22556","targetHints":{"allow":["GET"]}}],"collection":[{"href":"https:\/\/nbg.eu\/lv\/wp-json\/wp\/v2\/product"}],"about":[{"href":"https:\/\/nbg.eu\/lv\/wp-json\/wp\/v2\/types\/product"}],"wp:featuredmedia":[{"embeddable":true,"href":"https:\/\/nbg.eu\/lv\/wp-json\/wp\/v2\/media\/60772"}],"wp:attachment":[{"href":"https:\/\/nbg.eu\/lv\/wp-json\/wp\/v2\/media?parent=22556"}],"wp:term":[{"taxonomy":"product_brand","embeddable":true,"href":"https:\/\/nbg.eu\/lv\/wp-json\/wp\/v2\/product_brand?post=22556"},{"taxonomy":"product_cat","embeddable":true,"href":"https:\/\/nbg.eu\/lv\/wp-json\/wp\/v2\/product_cat?post=22556"},{"taxonomy":"product_tag","embeddable":true,"href":"https:\/\/nbg.eu\/lv\/wp-json\/wp\/v2\/product_tag?post=22556"}],"curies":[{"name":"wp","href":"https:\/\/api.w.org\/{rel}","templated":true}]}}