{"id":275140,"date":"2025-03-03T12:58:09","date_gmt":"2025-03-03T12:58:09","guid":{"rendered":"https:\/\/nbg.eu\/product\/bore-tech-extreme-grease-hd-10ml\/"},"modified":"2026-01-21T11:38:40","modified_gmt":"2026-01-21T08:38:40","slug":"bore-tech-extreme-grease-hd-10ml","status":"publish","type":"product","link":"https:\/\/nbg.eu\/lv\/product\/bore-tech-extreme-grease-hd-10ml\/","title":{"rendered":"Bore tech EXTREME GREASE HD 10ml"},"content":{"rendered":"<h2>Bore Tech EXTREME GREASE HD 10ml<\/h2>\n<p>Bore Tech EXTREME GREASE HD ir sint\u0113tiska sm\u0113rviela \u0161aujamiero\u010diem.<\/p>\n<ul>\n<li>Darba temperat\u016bras diapazons: -65\u00b0C l\u012bdz +371\u00b0C<\/li>\n<li>Papla\u0161in\u0101ts temperat\u016bras diapazons: l\u012bdz 1093\u00b0C<\/li>\n<li>Nesaciet\u0113 un neiztek<\/li>\n<li>Nodro\u0161ina e\u013c\u013co\u0161anu un nov\u0113r\u0161 berzi<\/li>\n<li>Zem\u0101ks berzes koeficients nek\u0101 konkurentiem<\/li>\n<li>Uzlaboti r\u016bsas inhibitori<\/li>\n<li>Nano-keramikas temperat\u016bras sm\u0113rvielas<\/li>\n<\/ul>\n<p>Piem\u0113rots lieto\u0161anai uz sl\u0113dz\u0113jmeh\u0101nismiem, r\u0101mja slied\u0113m, e\u0146\u0123u tap\u0101m un ekscentra meh\u0101nismiem. Nodro\u0161ina vienm\u0113r\u012bgu darb\u012bbu, pagarina deta\u013cu kalpo\u0161anas laiku un veiktsp\u0113ju ekstrem\u0101los apst\u0101k\u013cos.<\/p>\n<p>10cc plastmasas t\u016bbi\u0146a ar doz\u0113\u0161anas uzgali un uzskr\u016bv\u0113jamu v\u0101ci\u0146u vieglai lieto\u0161anai.<\/p>\n","protected":false},"excerpt":{"rendered":"<p>\u012apa\u0161i lip\u012bga sint\u0113tiska iero\u010du sm\u0113rviela ekstrem\u0101liem apst\u0101k\u013ciem (no -65\u00b0C l\u012bdz 371\u00b0C)<\/p>\n","protected":false},"featured_media":235476,"template":"","meta":{"_acf_changed":false},"product_brand":[11156],"product_cat":[13769,13782],"product_tag":[],"class_list":{"0":"post-275140","1":"product","2":"type-product","3":"status-publish","4":"has-post-thumbnail","6":"product_brand-boretech","7":"product_cat-ierocu-tirisana","8":"product_cat-smervielas","10":"first","11":"outofstock","12":"taxable","13":"shipping-taxable","14":"purchasable","15":"product-type-simple"},"acf":[],"_links":{"self":[{"href":"https:\/\/nbg.eu\/lv\/wp-json\/wp\/v2\/product\/275140","targetHints":{"allow":["GET"]}}],"collection":[{"href":"https:\/\/nbg.eu\/lv\/wp-json\/wp\/v2\/product"}],"about":[{"href":"https:\/\/nbg.eu\/lv\/wp-json\/wp\/v2\/types\/product"}],"wp:featuredmedia":[{"embeddable":true,"href":"https:\/\/nbg.eu\/lv\/wp-json\/wp\/v2\/media\/235476"}],"wp:attachment":[{"href":"https:\/\/nbg.eu\/lv\/wp-json\/wp\/v2\/media?parent=275140"}],"wp:term":[{"taxonomy":"product_brand","embeddable":true,"href":"https:\/\/nbg.eu\/lv\/wp-json\/wp\/v2\/product_brand?post=275140"},{"taxonomy":"product_cat","embeddable":true,"href":"https:\/\/nbg.eu\/lv\/wp-json\/wp\/v2\/product_cat?post=275140"},{"taxonomy":"product_tag","embeddable":true,"href":"https:\/\/nbg.eu\/lv\/wp-json\/wp\/v2\/product_tag?post=275140"}],"curies":[{"name":"wp","href":"https:\/\/api.w.org\/{rel}","templated":true}]}}