{"id":275979,"date":"2025-03-03T22:22:36","date_gmt":"2025-03-03T19:22:36","guid":{"rendered":"https:\/\/nbg.eu\/product\/qwik-dri-dry-lubricant-1-oz\/"},"modified":"2026-01-21T11:41:29","modified_gmt":"2026-01-21T08:41:29","slug":"qwik-dri-dry-lubricant-1-oz","status":"publish","type":"product","link":"https:\/\/nbg.eu\/lv\/product\/qwik-dri-dry-lubricant-1-oz\/","title":{"rendered":"QWIK-DRI DRY LUBRICANT, 1 Oz"},"content":{"rendered":"<h2>QWIK-DRI SAUS\u0100 SM\u0112RVIELA, 28 g<\/h2>\n<p>Bore Tech Qwik-Dri\u2122 ir sausa pl\u0113ves sm\u0113rviela \u0161aujamiero\u010du apkopei. \u0160\u012b 28 g pudele satur PTFE da\u013ci\u0146as \u0101tri iztvaikojo\u0161\u0101 nes\u0113jviel\u0101.<\/p>\n<ul>\n<li>Iek\u013c\u016bst dzi\u013ci met\u0101la por\u0101s<\/li>\n<li>Veido iztur\u012bgu, ilgsto\u0161u sausu pl\u0113vi<\/li>\n<li>Darbojas ekstrem\u0101l\u0101s temperat\u016br\u0101s (-73\u00b0C l\u012bdz 316\u00b0C)<\/li>\n<li>Samazina berzi un nodilumu par 95%<\/li>\n<li>Atgr\u016b\u017e putek\u013cus un net\u012brumus<\/li>\n<li>Nee\u013c\u013caina uzkl\u0101\u0161ana<\/li>\n<\/ul>\n<p>Piem\u0113rots pistoles sl\u012bd\u0146iem, spr\u016bdiem, \u0161autenes aizsl\u0113giem, magaz\u012bn\u0101m un cit\u0101m deta\u013c\u0101m. Qwik-Dri\u2122 nodro\u0161ina vienm\u0113r\u012bgu darb\u012bbu. Piem\u0113rots iero\u010diem makst\u012bs, nenotraipa ap\u0123\u0113rbu un nepiesaista p\u016bkas. Ra\u017eots ASV.<\/p>\n<p><strong>Izv\u0113lieties Bore Tech Qwik-Dri\u2122.<\/strong><\/p>\n","protected":false},"excerpt":{"rendered":"<p>QWIK-DRI: \u0100tri \u017e\u016bsto\u0161s PTFE lubrikants ekstrem\u0101l\u0101m temperat\u016br\u0101m. Atgr\u016b\u017e net\u012brumus.<\/p>\n","protected":false},"featured_media":235679,"template":"","meta":{"_acf_changed":false},"product_brand":[11156],"product_cat":[13769,13782,13842],"product_tag":[],"class_list":{"0":"post-275979","1":"product","2":"type-product","3":"status-publish","4":"has-post-thumbnail","6":"product_brand-boretech","7":"product_cat-ierocu-tirisana","8":"product_cat-smervielas","9":"product_cat-tirisanas-lidzekli","11":"first","12":"instock","13":"taxable","14":"shipping-taxable","15":"purchasable","16":"product-type-simple"},"acf":[],"_links":{"self":[{"href":"https:\/\/nbg.eu\/lv\/wp-json\/wp\/v2\/product\/275979","targetHints":{"allow":["GET"]}}],"collection":[{"href":"https:\/\/nbg.eu\/lv\/wp-json\/wp\/v2\/product"}],"about":[{"href":"https:\/\/nbg.eu\/lv\/wp-json\/wp\/v2\/types\/product"}],"wp:featuredmedia":[{"embeddable":true,"href":"https:\/\/nbg.eu\/lv\/wp-json\/wp\/v2\/media\/235679"}],"wp:attachment":[{"href":"https:\/\/nbg.eu\/lv\/wp-json\/wp\/v2\/media?parent=275979"}],"wp:term":[{"taxonomy":"product_brand","embeddable":true,"href":"https:\/\/nbg.eu\/lv\/wp-json\/wp\/v2\/product_brand?post=275979"},{"taxonomy":"product_cat","embeddable":true,"href":"https:\/\/nbg.eu\/lv\/wp-json\/wp\/v2\/product_cat?post=275979"},{"taxonomy":"product_tag","embeddable":true,"href":"https:\/\/nbg.eu\/lv\/wp-json\/wp\/v2\/product_tag?post=275979"}],"curies":[{"name":"wp","href":"https:\/\/api.w.org\/{rel}","templated":true}]}}