{"id":277924,"date":"2025-03-07T22:09:14","date_gmt":"2025-03-07T19:09:14","guid":{"rendered":"https:\/\/nbg.eu\/product\/vortex-strike-eagle-1-8x24-ffp\/"},"modified":"2026-01-21T11:46:17","modified_gmt":"2026-01-21T08:46:17","slug":"vortex-strike-eagle-1-8x24-ffp","status":"publish","type":"product","link":"https:\/\/nbg.eu\/lv\/product\/vortex-strike-eagle-1-8x24-ffp\/","title":{"rendered":"Vortex &#8211; Strike Eagle\u00ae &#8211; 1-8&#215;24 FFP"},"content":{"rendered":"<div class=\"product-description\">\n<h1>Vortex &#8211; Strike Eagle\u00ae &#8211; 1-8&#215;24 FFP<\/h1>\n<p>Strike Eagle\u00ae ir taktisks optiskais t\u0113meklis ar daudzveid\u012bg\u0101m iesp\u0113j\u0101m un optisko veiktsp\u0113ju. Tas ir piem\u0113rots gan tuv\u0101m, gan t\u0101l\u0101m distances l\u012bdz 1000 jardiem. Strike Eagle\u00ae piel\u0101gojas da\u017e\u0101diem apst\u0101k\u013ciem.<\/p>\n<h2>Galven\u0101s iez\u012bmes:<\/h2>\n<ul>\n<li>Palielin\u0101jums: 1-8x<\/li>\n<li>Objekt\u012bva diametrs: 24 mm<\/li>\n<li>Pirm\u0101 fok\u0101l\u0101 plakne (FFP)<\/li>\n<li>EBR-8 MOA t\u012bklojums<\/li>\n<li>Acs att\u0101lums: 3,9&#8243;<\/li>\n<li>Redzam\u012bbas lauks: 113,6&#8242; &#8211; 14,1&#8242; @ 100 jardi<\/li>\n<li>30 mm caurules izm\u0113rs<\/li>\n<li>1\/4 MOA regul\u0113\u0161anas solis<\/li>\n<li>145 MOA maksim\u0101l\u0101 pac\u0113luma un s\u0101nu regul\u0113\u0161ana<\/li>\n<li>Svars: 23,9 unces<\/li>\n<\/ul>\n<h2>EBR-8 t\u012bklojums:<\/h2>\n<p>EBR-8 MOA pirm\u0101s fok\u0101l\u0101s plaknes, stikl\u0101 kodin\u0101ts, apgaismots t\u012bklojums \u013cauj \u0101tri \u0161aut no tuva att\u0101luma l\u012bdz 600 jardiem ar popul\u0101r\u0101m .223\/5.56mm un .308\/7.62mm patron\u0101m. \u0160o t\u012bklojumu var izmantot ar\u012b ar citiem kalibriem un l\u0101di\u0146iem, izmantojot BDC atz\u012bmes.<\/p>\n<h2>Iztur\u012bba un skaidr\u012bba:<\/h2>\n<ul>\n<li>Avi\u0101cijas klases alum\u012bnija konstrukcija<\/li>\n<li>ArmorTek\u00ae p\u0101rkl\u0101jums pret skr\u0101p\u0113jumiem<\/li>\n<li>Piln\u012bb\u0101 daudzsl\u0101\u0146u p\u0101rkl\u0101tas l\u0113cas optim\u0101lai gaismas caurlaid\u012bbai<\/li>\n<li>Triecieniztur\u012bgs dizains<\/li>\n<\/ul>\n<h2>Papildu funkcijas:<\/h2>\n<ul>\n<li>Nosl\u0113gta tor\u0146a stils<\/li>\n<li>25 MOA p\u0101rvietojums vien\u0101 rot\u0101cij\u0101<\/li>\n<li>Paralakses iestat\u012bjums: 125 jardi<\/li>\n<li>Iek\u013cauts svira \u0101trai palielin\u0101juma regul\u0113\u0161anai<\/li>\n<\/ul>\n<p>Vortex Strike Eagle\u00ae 1-8&#215;24 FFP ir optiskais t\u0113meklis \u0161\u0101v\u0113jiem, kas mekl\u0113 daudzpus\u012bgu optiku. Tas nodro\u0161ina precizit\u0101ti un uzticam\u012bbu da\u017e\u0101dos \u0161au\u0161anas apst\u0101k\u013cos.<\/p>\n<\/div>\n","protected":false},"excerpt":{"rendered":"<p>Daudzpus\u012bgs 1-8&#215;24 FFP t\u0113meklis ar EBR-8 t\u012bklojumu. Iztur\u012bga, augstas veiktsp\u0113jas optika taktiskai \u0161au\u0161anai.<\/p>\n","protected":false},"featured_media":249206,"template":"","meta":{"_acf_changed":false},"product_brand":[11959],"product_cat":[13778,13791],"product_tag":[],"class_list":{"0":"post-277924","1":"product","2":"type-product","3":"status-publish","4":"has-post-thumbnail","6":"product_brand-vortex","7":"product_cat-merkesana","8":"product_cat-palielinosa-optika","10":"first","11":"outofstock","12":"taxable","13":"shipping-taxable","14":"purchasable","15":"product-type-simple"},"acf":[],"_links":{"self":[{"href":"https:\/\/nbg.eu\/lv\/wp-json\/wp\/v2\/product\/277924","targetHints":{"allow":["GET"]}}],"collection":[{"href":"https:\/\/nbg.eu\/lv\/wp-json\/wp\/v2\/product"}],"about":[{"href":"https:\/\/nbg.eu\/lv\/wp-json\/wp\/v2\/types\/product"}],"wp:featuredmedia":[{"embeddable":true,"href":"https:\/\/nbg.eu\/lv\/wp-json\/wp\/v2\/media\/249206"}],"wp:attachment":[{"href":"https:\/\/nbg.eu\/lv\/wp-json\/wp\/v2\/media?parent=277924"}],"wp:term":[{"taxonomy":"product_brand","embeddable":true,"href":"https:\/\/nbg.eu\/lv\/wp-json\/wp\/v2\/product_brand?post=277924"},{"taxonomy":"product_cat","embeddable":true,"href":"https:\/\/nbg.eu\/lv\/wp-json\/wp\/v2\/product_cat?post=277924"},{"taxonomy":"product_tag","embeddable":true,"href":"https:\/\/nbg.eu\/lv\/wp-json\/wp\/v2\/product_tag?post=277924"}],"curies":[{"name":"wp","href":"https:\/\/api.w.org\/{rel}","templated":true}]}}