{"id":284065,"date":"2025-03-05T10:25:38","date_gmt":"2025-03-05T07:25:38","guid":{"rendered":"https:\/\/nbg.eu\/product\/magpul-daka-window-pouch-large\/"},"modified":"2026-01-21T11:35:43","modified_gmt":"2026-01-21T08:35:43","slug":"magpul-daka-window-pouch-large","status":"publish","type":"product","link":"https:\/\/nbg.eu\/lv\/product\/magpul-daka-window-pouch-large\/","title":{"rendered":"Magpul &#8211; DAKA\u00ae Window Pouch, Large"},"content":{"rendered":"<div class=\"product-description\">\n<h2>Magpul &#8211; DAKA\u00ae loga somi\u0146a, liela<\/h2>\n<p>Magpul DAKA\u00ae loga somi\u0146a ir paredz\u0113ta lieto\u0161anai da\u017e\u0101dos apst\u0101k\u013cos. \u0160\u012b liel\u0101, iztur\u012bg\u0101 somi\u0146a ir izstr\u0101d\u0101ta organiz\u0113\u0161anai sare\u017e\u0123\u012bt\u0101 vid\u0113.<\/p>\n<ul>\n<li>Ar polim\u0113ru pies\u016bcin\u0101ta tekstila konstrukcija ar RF-metin\u0101t\u0101m \u0161uv\u0113m<\/li>\n<li>YKK\u00ae \u016bdensiztur\u012bgs r\u0101v\u0113jsl\u0113dz\u0113js<\/li>\n<li>Caursp\u012bd\u012bgs logs satura identific\u0113\u0161anai<\/li>\n<li>Pretsl\u012bdes tekst\u016bra un pastiprin\u0101ta auduma iztur\u012bba<\/li>\n<li>Karab\u012bnes stiprin\u0101juma punkti da\u017e\u0101d\u0101m ne\u0161anas iesp\u0113j\u0101m<\/li>\n<li>550 parakorda r\u0101v\u0113jsl\u0113dz\u0113ja vilc\u0113js ar termonos\u0113dcaurul\u012bti lab\u0101kai satverei<\/li>\n<li>Kr\u0101su mar\u0137iera punktu matrica personaliz\u0113tam mar\u0137\u0113jumam<\/li>\n<\/ul>\n<p>Izm\u0113ri: 23 cm x 33 cm ar 25 cm r\u0101v\u0113jsl\u0113dz\u0113ja garumu. Piem\u0113rota instrumentu, mun\u012bcijas vai elektronikas piederumu uzglab\u0101\u0161anai sare\u017e\u0123\u012btos \u0101ra apst\u0101k\u013cos.<\/p>\n<\/div>\n","protected":false},"excerpt":{"rendered":"<p>Iztur\u012bga, \u016bdensiztur\u012bga soma ar lodzi\u0146u vieglai organiz\u0113\u0161anai.<\/p>\n","protected":false},"featured_media":237663,"template":"","meta":{"_acf_changed":false},"product_brand":[11547],"product_cat":[13835,13825],"product_tag":[],"class_list":{"0":"post-284065","1":"product","2":"type-product","3":"status-publish","4":"has-post-thumbnail","6":"product_brand-magpul","7":"product_cat-aprikojums","8":"product_cat-sominas","10":"first","11":"instock","12":"taxable","13":"shipping-taxable","14":"purchasable","15":"product-type-simple"},"acf":[],"_links":{"self":[{"href":"https:\/\/nbg.eu\/lv\/wp-json\/wp\/v2\/product\/284065","targetHints":{"allow":["GET"]}}],"collection":[{"href":"https:\/\/nbg.eu\/lv\/wp-json\/wp\/v2\/product"}],"about":[{"href":"https:\/\/nbg.eu\/lv\/wp-json\/wp\/v2\/types\/product"}],"wp:featuredmedia":[{"embeddable":true,"href":"https:\/\/nbg.eu\/lv\/wp-json\/wp\/v2\/media\/237663"}],"wp:attachment":[{"href":"https:\/\/nbg.eu\/lv\/wp-json\/wp\/v2\/media?parent=284065"}],"wp:term":[{"taxonomy":"product_brand","embeddable":true,"href":"https:\/\/nbg.eu\/lv\/wp-json\/wp\/v2\/product_brand?post=284065"},{"taxonomy":"product_cat","embeddable":true,"href":"https:\/\/nbg.eu\/lv\/wp-json\/wp\/v2\/product_cat?post=284065"},{"taxonomy":"product_tag","embeddable":true,"href":"https:\/\/nbg.eu\/lv\/wp-json\/wp\/v2\/product_tag?post=284065"}],"curies":[{"name":"wp","href":"https:\/\/api.w.org\/{rel}","templated":true}]}}