{"id":284908,"date":"2024-01-30T18:08:20","date_gmt":"2024-01-30T18:08:20","guid":{"rendered":"https:\/\/nbg.eu\/product\/area-419-mini-pad-the-gripchanger\/"},"modified":"2026-01-21T12:04:24","modified_gmt":"2026-01-21T09:04:24","slug":"area-419-mini-pad-the-gripchanger","status":"publish","type":"product","link":"https:\/\/nbg.eu\/lv\/product\/area-419-mini-pad-the-gripchanger\/","title":{"rendered":"Area 419 &#8211; Mini Pad, The GripChanger"},"content":{"rendered":"<div class=\"product-description\">\n<h2>Area 419 &#8211; Mini Pad, GripChanger<\/h2>\n<p>GripChanger ir jaun\u0101kais papildin\u0101jums m\u016bsu RailChanger l\u012bnijai. \u0160\u012b kompakt\u0101, satvero\u0161a un bl\u012bvi piepild\u012bt\u0101 soma ir risin\u0101jums \u0101trai poz\u012bcijas veido\u0161anai vai izmanto\u0161anai maz\u0101s atver\u0113s.<\/p>\n<h3>\u012apa\u0161\u012bbas:<\/h3>\n<ul>\n<li>Svars aptuveni 1 m\u0101rci\u0146a<\/li>\n<li>Satver jebkuru virsmu<\/li>\n<li>Nodro\u0161ina stabilu platformu \u0101trai uzst\u0101d\u012b\u0161anai<\/li>\n<\/ul>\n<h3>Komplekt\u0101 ietilpst:<\/h3>\n<ul>\n<li>1 Area 419 GripChanger soma<\/li>\n<li>1 ARCALOCK skava<\/li>\n<li>1 Area 419 Rail Changer svira<\/li>\n<\/ul>\n<h3>Specifik\u0101cijas:<\/h3>\n<ul>\n<li>Svars: 1 m\u0101rci\u0146a<\/li>\n<li>Izm\u0113ri: 10 \u00d7 3 \u00d7 2 collas<\/li>\n<li>Ra\u017eot\u0101js: Armageddon Gear<\/li>\n<\/ul>\n<\/div>\n","protected":false},"excerpt":{"rendered":"<p>&#8220;Kompakts, labi satverams 0,45 kg smags maisi\u0146\u0161 \u0101tr\u0101m un stabil\u0101m \u0161au\u0161anas poz\u012bcij\u0101m. Komplekt\u0101 iek\u013cauta skava un k\u0101ts.&#8221;<\/p>\n","protected":false},"featured_media":233569,"template":"","meta":{"_acf_changed":false},"product_brand":[11043],"product_cat":[13827],"product_tag":[],"class_list":{"0":"post-284908","1":"product","2":"type-product","3":"status-publish","4":"has-post-thumbnail","6":"product_brand-area-419","7":"product_cat-sautene","9":"first","10":"instock","11":"taxable","12":"shipping-taxable","13":"purchasable","14":"product-type-simple"},"acf":[],"_links":{"self":[{"href":"https:\/\/nbg.eu\/lv\/wp-json\/wp\/v2\/product\/284908","targetHints":{"allow":["GET"]}}],"collection":[{"href":"https:\/\/nbg.eu\/lv\/wp-json\/wp\/v2\/product"}],"about":[{"href":"https:\/\/nbg.eu\/lv\/wp-json\/wp\/v2\/types\/product"}],"wp:featuredmedia":[{"embeddable":true,"href":"https:\/\/nbg.eu\/lv\/wp-json\/wp\/v2\/media\/233569"}],"wp:attachment":[{"href":"https:\/\/nbg.eu\/lv\/wp-json\/wp\/v2\/media?parent=284908"}],"wp:term":[{"taxonomy":"product_brand","embeddable":true,"href":"https:\/\/nbg.eu\/lv\/wp-json\/wp\/v2\/product_brand?post=284908"},{"taxonomy":"product_cat","embeddable":true,"href":"https:\/\/nbg.eu\/lv\/wp-json\/wp\/v2\/product_cat?post=284908"},{"taxonomy":"product_tag","embeddable":true,"href":"https:\/\/nbg.eu\/lv\/wp-json\/wp\/v2\/product_tag?post=284908"}],"curies":[{"name":"wp","href":"https:\/\/api.w.org\/{rel}","templated":true}]}}