{"id":285384,"date":"2025-03-04T22:02:27","date_gmt":"2025-03-04T19:02:27","guid":{"rendered":"https:\/\/nbg.eu\/product\/magpul-ctr-moe-cheek-riser-0-5\/"},"modified":"2026-01-21T12:14:24","modified_gmt":"2026-01-21T09:14:24","slug":"magpul-ctr-moe-cheek-riser-0-5","status":"publish","type":"product","link":"https:\/\/nbg.eu\/lv\/product\/magpul-ctr-moe-cheek-riser-0-5\/","title":{"rendered":"Magpul &#8211; CTR \/ MOE Cheek Riser &#8211; 0.5&#8243;"},"content":{"rendered":"<div class=\"product-description\">\n<h2>Magpul &#8211; CTR \/ MOE Vaiga Balsts &#8211; 0,5&#8243;<\/h2>\n<p>Magpul CTR \/ MOE vaiga balsts. \u0160is piestiprin\u0101tais piederums ir paredz\u0113ts CTR, MOE\u00ae, DT un PR karb\u012bna laid\u0113m.<\/p>\n<ul>\n<li>Paaugstina vaiga atbalstu par 1\/2 collu<\/li>\n<li>Piem\u0113rots ne-AR15\/M4 pielietojumiem<\/li>\n<li>Piem\u0113rots M14 karb\u012bna laides p\u0101rveidojumiem<\/li>\n<li>Ra\u017eots ASV<\/li>\n<li>NSN: MAG326-BLK 1005-01-591-6035<\/li>\n<\/ul>\n<p><strong>Piez\u012bme:<\/strong> Var trauc\u0113t uzl\u0101des roktura darb\u012bbu AR15\/M4 platform\u0101s, ja vien laide nav piln\u012bb\u0101 izstiepta.<\/p>\n<p>Vaiga balsts no Magpul, \u0161aujamiero\u010du piederumu ra\u017eot\u0101ja.<\/p>\n<\/div>\n","protected":false},"excerpt":{"rendered":"<p>Piestiprin\u0101ma vaiga atbalsta paaugstin\u0101t\u0101js, kas paredz\u0113ts lai\u017e\u0146u tipiem, kas nav AR15\/M4. Paaugstina pieskares punktu par 0,5 coll\u0101m.<\/p>\n","protected":false},"featured_media":237037,"template":"","meta":{"_acf_changed":false},"product_brand":[11547],"product_cat":[13823,13788],"product_tag":[],"class_list":{"0":"post-285384","1":"product","2":"type-product","3":"status-publish","4":"has-post-thumbnail","6":"product_brand-magpul","7":"product_cat-sautenes-laidi","8":"product_cat-sautenes-uzlabosana","10":"first","11":"instock","12":"taxable","13":"shipping-taxable","14":"purchasable","15":"product-type-variable","16":"wvs-archive-product-wrapper"},"acf":[],"_links":{"self":[{"href":"https:\/\/nbg.eu\/lv\/wp-json\/wp\/v2\/product\/285384","targetHints":{"allow":["GET"]}}],"collection":[{"href":"https:\/\/nbg.eu\/lv\/wp-json\/wp\/v2\/product"}],"about":[{"href":"https:\/\/nbg.eu\/lv\/wp-json\/wp\/v2\/types\/product"}],"wp:featuredmedia":[{"embeddable":true,"href":"https:\/\/nbg.eu\/lv\/wp-json\/wp\/v2\/media\/237037"}],"wp:attachment":[{"href":"https:\/\/nbg.eu\/lv\/wp-json\/wp\/v2\/media?parent=285384"}],"wp:term":[{"taxonomy":"product_brand","embeddable":true,"href":"https:\/\/nbg.eu\/lv\/wp-json\/wp\/v2\/product_brand?post=285384"},{"taxonomy":"product_cat","embeddable":true,"href":"https:\/\/nbg.eu\/lv\/wp-json\/wp\/v2\/product_cat?post=285384"},{"taxonomy":"product_tag","embeddable":true,"href":"https:\/\/nbg.eu\/lv\/wp-json\/wp\/v2\/product_tag?post=285384"}],"curies":[{"name":"wp","href":"https:\/\/api.w.org\/{rel}","templated":true}]}}