{"id":288569,"date":"2025-03-05T08:00:39","date_gmt":"2025-03-05T08:00:39","guid":{"rendered":"https:\/\/nbg.eu\/prodcut\/magpul-prs-gen3-precision-adjustable-stock\/"},"modified":"2026-01-21T12:16:50","modified_gmt":"2026-01-21T09:16:50","slug":"magpul-prs-gen3-precision-adjustable-stock","status":"publish","type":"product","link":"https:\/\/nbg.eu\/lv\/product\/magpul-prs-gen3-precision-adjustable-stock\/","title":{"rendered":"Magpul &#8211; PRS\u00ae GEN3 Precision-Adjustable Stock"},"content":{"rendered":"<div class=\"product-description\">\n<h2>Magpul &#8211; PRS\u00ae GEN3 prec\u012bzi regul\u0113jam\u0101 laides<\/h2>\n<p>PRS GEN3 ir prec\u012bzijas laides AR15\/M16 un AR10\/SR25 platform\u0101m, pied\u0101v\u0101jot regul\u0113\u0161anu bez instrumentiem atsitiena garumam un vaiga balsta augstumam. Paredz\u0113ta pusautom\u0101tiskaj\u0101m snaiperu vai kait\u0113k\u013cu \u0161autuv\u0113m, nodro\u0161inot stabilu saskarni un gandr\u012bz univers\u0101lu sader\u012bbu.<\/p>\n<ul>\n<li>Optimiz\u0113ta \u0161autenes garuma uztv\u0113r\u0113jiem<\/li>\n<li>Sader\u012bga ar daudz\u0101m Mil-Spec karb\u012bna un A5 garuma caurul\u0113m<\/li>\n<li>Sl\u012bpuma\/augstuma regul\u0113jams gumijas laides uzgalis<\/li>\n<li>Rot\u0101ciju ierobe\u017eojo\u0161i QD siksnas stiprin\u0101jumi<\/li>\n<li>M-LOK\u00ae sloti aizmugur\u0113j\u0101 monopoda stiprin\u0101\u0161anai<\/li>\n<li>Ra\u017eots ASV<\/li>\n<\/ul>\n<p>Apr\u012bkota ar meh\u0101niski apstr\u0101d\u0101t\u0101m alum\u012bnija regul\u0113\u0161anas pog\u0101m, t\u0113rauda v\u0101rpst\u0101m ar Melonite\u00ae apdari un vair\u0101k\u0101m siksnas stiprin\u0101juma opcij\u0101m, PRS GEN3 ir izstr\u0101d\u0101ta ilgiztur\u012bbai un daudzpus\u012bbai lieto\u0161anai lauk\u0101.<\/p>\n<\/div>\n","protected":false},"excerpt":{"rendered":"<p>Prec\u012bzs AR laide\u0146a spals ar darbar\u012bku br\u012bvu garuma un vaiga balsta augstuma regul\u0113\u0161anu.<\/p>\n","protected":false},"featured_media":238362,"template":"","meta":{"_acf_changed":false},"product_brand":[11547],"product_cat":[13827,13823,13788],"product_tag":[],"class_list":{"0":"post-288569","1":"product","2":"type-product","3":"status-publish","4":"has-post-thumbnail","6":"product_brand-magpul","7":"product_cat-sautene","8":"product_cat-sautenes-laidi","9":"product_cat-sautenes-uzlabosana","11":"first","12":"instock","13":"taxable","14":"shipping-taxable","15":"purchasable","16":"product-type-variable","17":"wvs-archive-product-wrapper"},"acf":[],"_links":{"self":[{"href":"https:\/\/nbg.eu\/lv\/wp-json\/wp\/v2\/product\/288569","targetHints":{"allow":["GET"]}}],"collection":[{"href":"https:\/\/nbg.eu\/lv\/wp-json\/wp\/v2\/product"}],"about":[{"href":"https:\/\/nbg.eu\/lv\/wp-json\/wp\/v2\/types\/product"}],"wp:featuredmedia":[{"embeddable":true,"href":"https:\/\/nbg.eu\/lv\/wp-json\/wp\/v2\/media\/238362"}],"wp:attachment":[{"href":"https:\/\/nbg.eu\/lv\/wp-json\/wp\/v2\/media?parent=288569"}],"wp:term":[{"taxonomy":"product_brand","embeddable":true,"href":"https:\/\/nbg.eu\/lv\/wp-json\/wp\/v2\/product_brand?post=288569"},{"taxonomy":"product_cat","embeddable":true,"href":"https:\/\/nbg.eu\/lv\/wp-json\/wp\/v2\/product_cat?post=288569"},{"taxonomy":"product_tag","embeddable":true,"href":"https:\/\/nbg.eu\/lv\/wp-json\/wp\/v2\/product_tag?post=288569"}],"curies":[{"name":"wp","href":"https:\/\/api.w.org\/{rel}","templated":true}]}}