{"id":288714,"date":"2025-03-05T11:15:00","date_gmt":"2025-03-05T08:15:00","guid":{"rendered":"https:\/\/nbg.eu\/prodcut\/magpul-prs-lite-precision-adjustable-stock\/"},"modified":"2026-01-21T11:42:53","modified_gmt":"2026-01-21T08:42:53","slug":"magpul-prs-lite-precision-adjustable-stock","status":"publish","type":"product","link":"https:\/\/nbg.eu\/lv\/product\/magpul-prs-lite-precision-adjustable-stock\/","title":{"rendered":"Magpul &#8211; PRS Lite Precision-Adjustable Stock"},"content":{"rendered":"<div class=\"product-description\">\n<h2>Magpul PRS Lite prec\u012bzi regul\u0113jam\u0101 laide<\/h2>\n<p>Magpul PRS Lite pied\u0101v\u0101 prec\u012bzu regul\u0113jam\u012bbu viegl\u0101 izpild\u012bjum\u0101, svars tikai 18,7 unces. Sader\u012bga ar Mil-Spec USGI karb\u012bna\/SR25 saliekam\u0101m\/A5 pagarin\u0101juma caurul\u0113m .223 un .308 uztv\u0113r\u0113ja mode\u013ca \u0161auten\u0113m.<\/p>\n<h3>Galven\u0101s \u012bpa\u0161\u012bbas:<\/h3>\n<ul>\n<li>Viegla polim\u0113ra un met\u0101la konstrukcija<\/li>\n<li>Regul\u0113jams \u0137emmes augstums (0-0,8&#8243; ar 0,1&#8243; soli)<\/li>\n<li>Regul\u0113jams atvilk\u0161anas garums (13,85&#8243;-15,25&#8243; ar 0,14&#8243; soli)<\/li>\n<li>Augstum\u0101 un sl\u012bpum\u0101 regul\u0113jams nesl\u012bdo\u0161s gumijas butt-pad<\/li>\n<li>Vair\u0101kas siksnas piestiprin\u0101\u0161anas iesp\u0113jas<\/li>\n<\/ul>\n<p>Izstr\u0101d\u0101ta atbilsto\u0161i milit\u0101rajiem standartiem, PRS Lite nodro\u0161ina optimiz\u0113tu \u0161\u0101v\u0113ja saskarni. Laidei ir zema profila gumijas butt-pad stabilit\u0101tei un da\u017e\u0101das siksnas mont\u0101\u017eas iesp\u0113jas daudzpus\u012bbai.<\/p>\n<p><strong>Ra\u017eots ASV<\/strong><\/p>\n<\/div>\n","protected":false},"excerpt":{"rendered":"<p>Viegls, regul\u0113jams AR laides. Prec\u012bza \u0137emmes un plecu atbalsta garuma kontrole.<\/p>\n","protected":false},"featured_media":238457,"template":"","meta":{"_acf_changed":false},"product_brand":[11547],"product_cat":[13827,13823,13788],"product_tag":[],"class_list":{"0":"post-288714","1":"product","2":"type-product","3":"status-publish","4":"has-post-thumbnail","6":"product_brand-magpul","7":"product_cat-sautene","8":"product_cat-sautenes-laidi","9":"product_cat-sautenes-uzlabosana","11":"first","12":"instock","13":"taxable","14":"shipping-taxable","15":"purchasable","16":"product-type-variable","17":"wvs-archive-product-wrapper"},"acf":[],"_links":{"self":[{"href":"https:\/\/nbg.eu\/lv\/wp-json\/wp\/v2\/product\/288714","targetHints":{"allow":["GET"]}}],"collection":[{"href":"https:\/\/nbg.eu\/lv\/wp-json\/wp\/v2\/product"}],"about":[{"href":"https:\/\/nbg.eu\/lv\/wp-json\/wp\/v2\/types\/product"}],"wp:featuredmedia":[{"embeddable":true,"href":"https:\/\/nbg.eu\/lv\/wp-json\/wp\/v2\/media\/238457"}],"wp:attachment":[{"href":"https:\/\/nbg.eu\/lv\/wp-json\/wp\/v2\/media?parent=288714"}],"wp:term":[{"taxonomy":"product_brand","embeddable":true,"href":"https:\/\/nbg.eu\/lv\/wp-json\/wp\/v2\/product_brand?post=288714"},{"taxonomy":"product_cat","embeddable":true,"href":"https:\/\/nbg.eu\/lv\/wp-json\/wp\/v2\/product_cat?post=288714"},{"taxonomy":"product_tag","embeddable":true,"href":"https:\/\/nbg.eu\/lv\/wp-json\/wp\/v2\/product_tag?post=288714"}],"curies":[{"name":"wp","href":"https:\/\/api.w.org\/{rel}","templated":true}]}}