{"id":32840,"date":"2024-07-30T22:40:48","date_gmt":"2024-07-30T19:40:48","guid":{"rendered":"https:\/\/nbg.eu\/product\/ten-speed-sf-chest-rig-sr25-ar-10\/"},"modified":"2026-01-21T12:27:53","modified_gmt":"2026-01-21T09:27:53","slug":"ten-speed-sf-chest-rig-sr25-ar-10","status":"publish","type":"product","link":"https:\/\/nbg.eu\/lv\/product\/ten-speed-sf-chest-rig-sr25-ar-10\/","title":{"rendered":"Ten-Speed\u00ae SF Chest Rig SR25 (AR-10)"},"content":{"rendered":"<div class=\"product-description\">\n<h2>Ten-Speed\u00ae SF kr\u016b\u0161u stiprin\u0101jums SR25 (AR-10) no BlueForceGear<\/h2>\n<p>Izstr\u0101d\u0101ts maksim\u0101lai daudzpus\u012bbai un komfortam, \u0161is vieglais kr\u016b\u0161u stiprin\u0101jums ir ide\u0101li piem\u0113rots SR25 un AR-10 magaz\u012bn\u0101m. Iez\u012bmes ietver:<\/p>\n<ul>\n<li>Tr\u012bs Ten-Speed\u00ae daudzfunkcion\u0101las kabatas magaz\u012bn\u0101m vai aksesu\u0101riem<\/li>\n<li>Regul\u0113jamas plecu siksnas un jostas siksna dro\u0161ai piegul\u0113\u0161anai<\/li>\n<li>Izgatavots no iztur\u012bga ULTRAcomp\u00ae auduma<\/li>\n<li>Sader\u012bgs ar da\u017e\u0101diem BlueForceGear piederumiem<\/li>\n<li>Pieejams vair\u0101k\u0101s kr\u0101s\u0101s<\/li>\n<\/ul>\n<p>Ide\u0101li piem\u0113rots milit\u0101ristiem, ties\u012bbsarg\u0101jo\u0161o iest\u0101\u017eu darbiniekiem un sacens\u012bbu \u0161\u0101v\u0113jiem, kas mekl\u0113 zema profila, augstas veiktsp\u0113jas kr\u016b\u0161u stiprin\u0101juma risin\u0101jumu.<\/p>\n<\/div>\n","protected":false},"excerpt":{"rendered":"<p>Viegls kr\u016b\u0161u iero\u010du tur\u0113t\u0101js AR-10\/SR25 aptveres ietver\u0113m. \u0100tra piek\u013cuve, modul\u0101rs dizains.<\/p>\n","protected":false},"featured_media":32844,"template":"","meta":{"_acf_changed":false},"product_brand":[11134],"product_cat":[13835,13781],"product_tag":[],"class_list":{"0":"post-32840","1":"product","2":"type-product","3":"status-publish","4":"has-post-thumbnail","6":"product_brand-blue-force-gear","7":"product_cat-aprikojums","8":"product_cat-krusu-sistemas","10":"first","11":"instock","12":"taxable","13":"shipping-taxable","14":"purchasable","15":"product-type-variable","16":"wvs-archive-product-wrapper"},"acf":[],"_links":{"self":[{"href":"https:\/\/nbg.eu\/lv\/wp-json\/wp\/v2\/product\/32840","targetHints":{"allow":["GET"]}}],"collection":[{"href":"https:\/\/nbg.eu\/lv\/wp-json\/wp\/v2\/product"}],"about":[{"href":"https:\/\/nbg.eu\/lv\/wp-json\/wp\/v2\/types\/product"}],"wp:featuredmedia":[{"embeddable":true,"href":"https:\/\/nbg.eu\/lv\/wp-json\/wp\/v2\/media\/32844"}],"wp:attachment":[{"href":"https:\/\/nbg.eu\/lv\/wp-json\/wp\/v2\/media?parent=32840"}],"wp:term":[{"taxonomy":"product_brand","embeddable":true,"href":"https:\/\/nbg.eu\/lv\/wp-json\/wp\/v2\/product_brand?post=32840"},{"taxonomy":"product_cat","embeddable":true,"href":"https:\/\/nbg.eu\/lv\/wp-json\/wp\/v2\/product_cat?post=32840"},{"taxonomy":"product_tag","embeddable":true,"href":"https:\/\/nbg.eu\/lv\/wp-json\/wp\/v2\/product_tag?post=32840"}],"curies":[{"name":"wp","href":"https:\/\/api.w.org\/{rel}","templated":true}]}}