{"id":34838,"date":"2024-07-30T19:21:28","date_gmt":"2024-07-30T19:21:28","guid":{"rendered":"https:\/\/nbg.eu\/product\/leg-strap-for-holster-adapter\/"},"modified":"2026-01-21T12:24:51","modified_gmt":"2026-01-21T09:24:51","slug":"leg-strap-for-holster-adapter","status":"publish","type":"product","link":"https:\/\/nbg.eu\/lv\/product\/leg-strap-for-holster-adapter\/","title":{"rendered":"Leg Strap for Holster Adapter"},"content":{"rendered":"<div class=\"product-description\">\n<h2>BlueForceGear k\u0101jas siksna maksts adapterim<\/h2>\n<p>Uzlabojiet savas maksts stabilit\u0101ti un komfortu ar BlueForceGear k\u0101jas siksnu maksts adapterim. \u0160\u012b iztur\u012bg\u0101, regul\u0113jam\u0101 siksna ir paredz\u0113ta, lai nostiprin\u0101tu j\u016bsu maksti pie aug\u0161stilba, nodro\u0161inot uzticamu un konsekventu iero\u010das izvilk\u0161anu.<\/p>\n<ul>\n<h3>\u012apa\u0161\u012bbas:<\/h3>\n<li>Sader\u012bga ar vairumu maksts adapteru<\/li>\n<li>Regul\u0113jama perfektai piel\u0101go\u0161anai<\/li>\n<li>Izgatavota no augstas kvalit\u0101tes, elpojo\u0161iem materi\u0101liem<\/li>\n<li>Nesl\u012bdo\u0161a konstrukcija maksim\u0101lai stabilit\u0101tei<\/li>\n<li>\u0100tr\u0101s atbr\u012bvo\u0161anas spr\u0101dze vieglai uzlik\u0161anai\/no\u0146em\u0161anai<\/li>\n<\/ul>\n<p>Ide\u0101li piem\u0113rota ties\u012bbsarg\u0101jo\u0161\u0101m iest\u0101d\u0113m, milit\u0101rajam person\u0101lam un civilajiem lietot\u0101jiem, \u0161\u012b k\u0101jas siksna nodro\u0161ina, ka j\u016bsu maksts paliek viet\u0101 intens\u012bvu aktivit\u0101\u0161u laik\u0101.<\/p>\n<\/div>\n","protected":false},"excerpt":{"rendered":"<p>Dro\u0161s k\u0101jas siksna uzlabo maksts stabilit\u0101ti vienm\u0113r\u012bgai iero\u010d\u0101 izvilk\u0161anai.<\/p>\n","protected":false},"featured_media":34839,"template":"","meta":{"_acf_changed":false},"product_brand":[11134],"product_cat":[13835,13808,13833],"product_tag":[],"class_list":{"0":"post-34838","1":"product","2":"type-product","3":"status-publish","4":"has-post-thumbnail","6":"product_brand-blue-force-gear","7":"product_cat-aprikojums","8":"product_cat-holstera-piederumi","9":"product_cat-holsters","11":"first","12":"instock","13":"taxable","14":"shipping-taxable","15":"purchasable","16":"product-type-variable","17":"wvs-archive-product-wrapper"},"acf":[],"_links":{"self":[{"href":"https:\/\/nbg.eu\/lv\/wp-json\/wp\/v2\/product\/34838","targetHints":{"allow":["GET"]}}],"collection":[{"href":"https:\/\/nbg.eu\/lv\/wp-json\/wp\/v2\/product"}],"about":[{"href":"https:\/\/nbg.eu\/lv\/wp-json\/wp\/v2\/types\/product"}],"wp:featuredmedia":[{"embeddable":true,"href":"https:\/\/nbg.eu\/lv\/wp-json\/wp\/v2\/media\/34839"}],"wp:attachment":[{"href":"https:\/\/nbg.eu\/lv\/wp-json\/wp\/v2\/media?parent=34838"}],"wp:term":[{"taxonomy":"product_brand","embeddable":true,"href":"https:\/\/nbg.eu\/lv\/wp-json\/wp\/v2\/product_brand?post=34838"},{"taxonomy":"product_cat","embeddable":true,"href":"https:\/\/nbg.eu\/lv\/wp-json\/wp\/v2\/product_cat?post=34838"},{"taxonomy":"product_tag","embeddable":true,"href":"https:\/\/nbg.eu\/lv\/wp-json\/wp\/v2\/product_tag?post=34838"}],"curies":[{"name":"wp","href":"https:\/\/api.w.org\/{rel}","templated":true}]}}