{"id":36388,"date":"2024-07-29T22:14:09","date_gmt":"2024-07-29T19:14:09","guid":{"rendered":"https:\/\/nbg.eu\/product\/ten-speed-cummerbund-flap-triple-m4\/"},"modified":"2026-05-13T16:48:52","modified_gmt":"2026-05-13T13:48:52","slug":"ten-speed-cummerbund-flap-triple-m4","status":"publish","type":"product","link":"https:\/\/nbg.eu\/lv\/product\/ten-speed-cummerbund-flap-triple-m4\/","title":{"rendered":"Ten-Speed\u00ae Cummerbund Flap &#8211; Triple M4"},"content":{"rendered":"<div class=\"product-description\">\n<h2>Ten-Speed\u00ae Uzst\u0101d\u0101ms tr\u012bsk\u0101r\u0161s magaz\u012bnu panelis Crye Precision\u00ae AVS \/ JPC \/ AirLite no BlueForceGear<\/h2>\n<p>Ten-Speed\u00ae Uzst\u0101d\u0101ms tr\u012bsk\u0101r\u0161s magaz\u012bnu panelis, kas paredz\u0113ts Crye Precision\u00ae AVS, JPC un AirLite platform\u0101m. \u0160im panelim ir \u0161\u0101das \u012bpa\u0161\u012bbas:<\/p>\n<ul>\n<li>Viegla, iztur\u012bga konstrukcija<\/li>\n<li>Dro\u0161i tur tr\u012bs \u0161autenes magaz\u012bnas<\/li>\n<li>Ten-Speed\u00ae elast\u012bgais materi\u0101ls \u0101trai piek\u013cuvei un notur\u0113\u0161anai<\/li>\n<li>Uzst\u0101d\u0101ms dizains piel\u0101gojam\u0101m konfigur\u0101cij\u0101m<\/li>\n<li>Sader\u012bgs ar MOLLE\/PALS sist\u0113mu<\/li>\n<li>Ra\u017eots ASV<\/li>\n<\/ul>\n<p>BlueForceGear magaz\u012bnu panelis uzlabo efektivit\u0101ti un piel\u0101gojam\u012bbu lieto\u0161an\u0101.<\/p>\n<\/div>\n","protected":false},"excerpt":{"rendered":"<p>Daudzpus\u012bgs tr\u012bsk\u0101r\u0161s aptveru panelis Crye Precision\u00ae ekip\u0113jumam. \u0100tra piek\u013cuve, sakraujams dizains.<\/p>\n","protected":false},"featured_media":0,"template":"","meta":{"_acf_changed":false},"product_brand":[11134],"product_cat":[13835,13818,13825],"product_tag":[],"class_list":{"0":"post-36388","1":"product","2":"type-product","3":"status-publish","5":"product_brand-blue-force-gear","6":"product_cat-aprikojums","7":"product_cat-magazinu-turetaji","8":"product_cat-sominas","10":"first","11":"instock","12":"taxable","13":"shipping-taxable","14":"purchasable","15":"product-type-variable","16":"wvs-archive-product-wrapper"},"acf":[],"_links":{"self":[{"href":"https:\/\/nbg.eu\/lv\/wp-json\/wp\/v2\/product\/36388","targetHints":{"allow":["GET"]}}],"collection":[{"href":"https:\/\/nbg.eu\/lv\/wp-json\/wp\/v2\/product"}],"about":[{"href":"https:\/\/nbg.eu\/lv\/wp-json\/wp\/v2\/types\/product"}],"wp:attachment":[{"href":"https:\/\/nbg.eu\/lv\/wp-json\/wp\/v2\/media?parent=36388"}],"wp:term":[{"taxonomy":"product_brand","embeddable":true,"href":"https:\/\/nbg.eu\/lv\/wp-json\/wp\/v2\/product_brand?post=36388"},{"taxonomy":"product_cat","embeddable":true,"href":"https:\/\/nbg.eu\/lv\/wp-json\/wp\/v2\/product_cat?post=36388"},{"taxonomy":"product_tag","embeddable":true,"href":"https:\/\/nbg.eu\/lv\/wp-json\/wp\/v2\/product_tag?post=36388"}],"curies":[{"name":"wp","href":"https:\/\/api.w.org\/{rel}","templated":true}]}}